{"id":9971,"date":"2023-01-17T16:04:55","date_gmt":"2023-01-17T15:04:55","guid":{"rendered":"https:\/\/senquality.eu\/zdravje\/"},"modified":"2023-02-08T14:37:52","modified_gmt":"2023-02-08T13:37:52","slug":"zdravje","status":"publish","type":"page","link":"https:\/\/senquality.eu\/sl\/zdravje\/","title":{"rendered":"Zdravje"},"content":{"rendered":"\t\t<div data-elementor-type=\"wp-page\" data-elementor-id=\"9971\" class=\"elementor elementor-9971 elementor-9734\">\n\t\t\t\t\t\t<section class=\"elementor-section elementor-top-section elementor-element elementor-element-b9d17dd elementor-section-boxed elementor-section-height-default elementor-section-height-default\" data-id=\"b9d17dd\" data-element_type=\"section\">\n\t\t\t\t\t\t<div class=\"elementor-container elementor-column-gap-default\">\n\t\t\t\t\t<div class=\"elementor-column elementor-col-100 elementor-top-column elementor-element elementor-element-e8f6d79\" data-id=\"e8f6d79\" data-element_type=\"column\">\n\t\t\t<div class=\"elementor-widget-wrap elementor-element-populated\">\n\t\t\t\t\t\t<div class=\"elementor-element elementor-element-337de48 elementor-widget elementor-widget-spacer\" data-id=\"337de48\" data-element_type=\"widget\" data-widget_type=\"spacer.default\">\n\t\t\t\t<div class=\"elementor-widget-container\">\n\t\t\t\t\t\t\t<div class=\"elementor-spacer\">\n\t\t\t<div class=\"elementor-spacer-inner\"><\/div>\n\t\t<\/div>\n\t\t\t\t\t\t<\/div>\n\t\t\t\t<\/div>\n\t\t\t\t<div class=\"elementor-element elementor-element-db4b76f elementor-widget elementor-widget-text-editor\" data-id=\"db4b76f\" data-element_type=\"widget\" data-widget_type=\"text-editor.default\">\n\t\t\t\t<div class=\"elementor-widget-container\">\n\t\t\t\t\t\t\t\t\t<h4><img decoding=\"async\" style=\"float: left; margin: 1px 20px 1px 1px;\" src=\"https:\/\/senquality.eu\/wp-content\/uploads\/2022\/08\/zielscheibe.png\" width=\"100px\" \/>\u010cestitamo, ker ste izbrali podro\u010dje Zdravje! Super, da se \u017eelite ukvarjati s podro\u010djem zdravja \u2013 enega klju\u010dnih dejavnikov za dobro po\u010dutje<\/h4>\n<p>Ohranjanje zdravja v srednjih letih je pomemben dejavnik zdravega staranja. Nedvomno bodo tisti, ki imajo bolj zdrav \u017eivljenjski slog, bolje kos zdravstvenim spremembam v starosti.<\/p>\n<p>Najprej pa nekaj splo\u0161nih informacij o zdravju. Zdravje je stanje fizi\u010dnega, du\u0161evnega in socialnega blagostanja, ne le odsotnost bolezni ali invalidnosti.<\/p>\n<p><strong>Zdravje<\/strong> je opredeljeno kot dinami\u010dno ravnovesje telesnih, du\u0161evnih, \u010dustvenih, duhovnih, osebnih in socialnih elementov, ki se ka\u017ee v sposobnosti neprekinjenega opravljanja funkcij in prilagajanja okolju. Zdravje je odraz preteklih in sedanjih dogodkov, vplivov dednosti in okolja ter \u010dlovekovih odzivov. Na zdravje vplivajo biolo\u0161ke, socialne, kulturne, tehnolo\u0161ke, psiholo\u0161ke, demografske, politi\u010dne in civilizacijske razmere ter odzivnost zdravstvenega sistema na zdravstvene potrebe ljudi.<\/p>\n<p>Klju\u010dni zdravstveni podro\u010dji sta telesno in du\u0161evno zdravje.Pridobimo nekaj ve\u010d informacij o obeh in poglejmo, na kaj lahko vplivamo \u017ee danes za prihodnost:<\/p>\n\t\t\t\t\t\t\t\t<\/div>\n\t\t\t\t<\/div>\n\t\t\t\t<div class=\"elementor-element elementor-element-3473e57 elementor-widget elementor-widget-video\" data-id=\"3473e57\" data-element_type=\"widget\" data-settings=\"{&quot;youtube_url&quot;:&quot;https:\\\/\\\/youtu.be\\\/2PJYDU3dbpg&quot;,&quot;show_image_overlay&quot;:&quot;yes&quot;,&quot;image_overlay&quot;:{&quot;url&quot;:&quot;https:\\\/\\\/senquality.eu\\\/wp-content\\\/uploads\\\/2022\\\/07\\\/Health_.jpg&quot;,&quot;id&quot;:7276,&quot;size&quot;:&quot;&quot;,&quot;alt&quot;:&quot;&quot;,&quot;source&quot;:&quot;library&quot;},&quot;video_type&quot;:&quot;youtube&quot;,&quot;controls&quot;:&quot;yes&quot;}\" data-widget_type=\"video.default\">\n\t\t\t\t<div class=\"elementor-widget-container\">\n\t\t\t\t\t\t\t<div class=\"elementor-wrapper elementor-open-inline\">\n\t\t\t<div class=\"elementor-video\"><\/div>\t\t\t\t<div class=\"elementor-custom-embed-image-overlay\" style=\"background-image: url(https:\/\/senquality.eu\/wp-content\/uploads\/2022\/07\/Health_.jpg);\">\n\t\t\t\t\t\t\t\t\t\t\t\t\t\t\t\t<div class=\"elementor-custom-embed-play\" role=\"button\" aria-label=\"Play Video\" tabindex=\"0\">\n\t\t\t\t\t\t\t<i aria-hidden=\"true\" class=\"eicon-play\"><\/i>\t\t\t\t\t\t<\/div>\n\t\t\t\t\t\t\t\t\t<\/div>\n\t\t\t\t\t<\/div>\n\t\t\t\t\t\t<\/div>\n\t\t\t\t<\/div>\n\t\t\t\t<div class=\"elementor-element elementor-element-14c5b0d elementor-widget elementor-widget-spacer\" data-id=\"14c5b0d\" data-element_type=\"widget\" data-widget_type=\"spacer.default\">\n\t\t\t\t<div class=\"elementor-widget-container\">\n\t\t\t\t\t\t\t<div class=\"elementor-spacer\">\n\t\t\t<div class=\"elementor-spacer-inner\"><\/div>\n\t\t<\/div>\n\t\t\t\t\t\t<\/div>\n\t\t\t\t<\/div>\n\t\t\t\t<div class=\"elementor-element elementor-element-e097177 elementor-widget elementor-widget-spacer\" data-id=\"e097177\" data-element_type=\"widget\" data-widget_type=\"spacer.default\">\n\t\t\t\t<div class=\"elementor-widget-container\">\n\t\t\t\t\t\t\t<div class=\"elementor-spacer\">\n\t\t\t<div class=\"elementor-spacer-inner\"><\/div>\n\t\t<\/div>\n\t\t\t\t\t\t<\/div>\n\t\t\t\t<\/div>\n\t\t\t\t\t<\/div>\n\t\t<\/div>\n\t\t\t\t\t<\/div>\n\t\t<\/section>\n\t\t\t\t<section class=\"elementor-section elementor-top-section elementor-element elementor-element-b78a3b2 elementor-section-boxed elementor-section-height-default elementor-section-height-default\" data-id=\"b78a3b2\" data-element_type=\"section\">\n\t\t\t\t\t\t<div class=\"elementor-container elementor-column-gap-default\">\n\t\t\t\t\t<div class=\"elementor-column elementor-col-33 elementor-top-column elementor-element elementor-element-204a68c\" data-id=\"204a68c\" data-element_type=\"column\">\n\t\t\t<div class=\"elementor-widget-wrap elementor-element-populated\">\n\t\t\t\t\t\t<div class=\"elementor-element elementor-element-f53a1a6 elementor-align-center elementor-widget elementor-widget-button\" data-id=\"f53a1a6\" data-element_type=\"widget\" data-widget_type=\"button.default\">\n\t\t\t\t<div class=\"elementor-widget-container\">\n\t\t\t\t\t\t\t\t\t<div class=\"elementor-button-wrapper\">\n\t\t\t\t\t<a class=\"elementor-button elementor-button-link elementor-size-sm\" href=\"https:\/\/senquality.eu\/sl\/health-self-assessment\/\">\n\t\t\t\t\t\t<span class=\"elementor-button-content-wrapper\">\n\t\t\t\t\t\t\t\t\t<span class=\"elementor-button-text\">Samoocena<\/span>\n\t\t\t\t\t<\/span>\n\t\t\t\t\t<\/a>\n\t\t\t\t<\/div>\n\t\t\t\t\t\t\t\t<\/div>\n\t\t\t\t<\/div>\n\t\t\t\t<div class=\"elementor-element elementor-element-a8231c0 elementor-widget elementor-widget-text-editor\" data-id=\"a8231c0\" data-element_type=\"widget\" data-widget_type=\"text-editor.default\">\n\t\t\t\t<div class=\"elementor-widget-container\">\n\t\t\t\t\t\t\t\t\t<p style=\"text-align: center;\">Naj pomislimo na va\u0161e zdravje in \u017eivljenjski slog v sedanjosti in preteklosti.<\/p>\n\t\t\t\t\t\t\t\t<\/div>\n\t\t\t\t<\/div>\n\t\t\t\t\t<\/div>\n\t\t<\/div>\n\t\t\t\t<div class=\"elementor-column elementor-col-33 elementor-top-column elementor-element elementor-element-79a46f4\" data-id=\"79a46f4\" data-element_type=\"column\">\n\t\t\t<div class=\"elementor-widget-wrap elementor-element-populated\">\n\t\t\t\t\t\t<div class=\"elementor-element elementor-element-6e1e0d0 elementor-align-center elementor-widget elementor-widget-button\" data-id=\"6e1e0d0\" data-element_type=\"widget\" data-widget_type=\"button.default\">\n\t\t\t\t<div class=\"elementor-widget-container\">\n\t\t\t\t\t\t\t\t\t<div class=\"elementor-button-wrapper\">\n\t\t\t\t\t<a class=\"elementor-button elementor-button-link elementor-size-sm\" href=\"https:\/\/senquality.eu\/sl\/health-goal-setting\/\">\n\t\t\t\t\t\t<span class=\"elementor-button-content-wrapper\">\n\t\t\t\t\t\t\t\t\t<span class=\"elementor-button-text\">Akcijski na\u010drt<\/span>\n\t\t\t\t\t<\/span>\n\t\t\t\t\t<\/a>\n\t\t\t\t<\/div>\n\t\t\t\t\t\t\t\t<\/div>\n\t\t\t\t<\/div>\n\t\t\t\t<div class=\"elementor-element elementor-element-d94aaf9 elementor-widget elementor-widget-text-editor\" data-id=\"d94aaf9\" data-element_type=\"widget\" data-widget_type=\"text-editor.default\">\n\t\t\t\t<div class=\"elementor-widget-container\">\n\t\t\t\t\t\t\t\t\t<p style=\"text-align: center;\">Oglejmo si podrobneje nekatere vidike, na katere lahko vplivamo na svoje zdravje v kasnej\u0161em \u017eivljenju.<\/p>\n\t\t\t\t\t\t\t\t<\/div>\n\t\t\t\t<\/div>\n\t\t\t\t\t<\/div>\n\t\t<\/div>\n\t\t\t\t<div class=\"elementor-column elementor-col-33 elementor-top-column elementor-element elementor-element-c669ef5\" data-id=\"c669ef5\" data-element_type=\"column\">\n\t\t\t<div class=\"elementor-widget-wrap elementor-element-populated\">\n\t\t\t\t\t\t<div class=\"elementor-element elementor-element-2c23682 elementor-align-center elementor-widget elementor-widget-button\" data-id=\"2c23682\" data-element_type=\"widget\" data-widget_type=\"button.default\">\n\t\t\t\t<div class=\"elementor-widget-container\">\n\t\t\t\t\t\t\t\t\t<div class=\"elementor-button-wrapper\">\n\t\t\t\t\t<a class=\"elementor-button elementor-button-link elementor-size-sm\" href=\"https:\/\/senquality.eu\/sl\/domains\/\">\n\t\t\t\t\t\t<span class=\"elementor-button-content-wrapper\">\n\t\t\t\t\t\t<span class=\"elementor-button-icon\">\n\t\t\t\t<i aria-hidden=\"true\" class=\"fas fa-arrow-left\"><\/i>\t\t\t<\/span>\n\t\t\t\t\t\t\t\t\t<span class=\"elementor-button-text\">Vrnite se na podro\u010dja<\/span>\n\t\t\t\t\t<\/span>\n\t\t\t\t\t<\/a>\n\t\t\t\t<\/div>\n\t\t\t\t\t\t\t\t<\/div>\n\t\t\t\t<\/div>\n\t\t\t\t\t<\/div>\n\t\t<\/div>\n\t\t\t\t\t<\/div>\n\t\t<\/section>\n\t\t\t\t<\/div>\n\t\t","protected":false},"excerpt":{"rendered":"<p>\u010cestitamo, ker ste izbrali podro\u010dje Zdravje! Super, da se \u017eelite ukvarjati s podro\u010djem zdravja \u2013 enega klju\u010dnih dejavnikov za dobro po\u010dutje Ohranjanje zdravja v srednjih letih je pomemben dejavnik zdravega staranja. Nedvomno bodo tisti, ki imajo bolj zdrav \u017eivljenjski slog, bolje kos zdravstvenim spremembam v starosti. Najprej pa nekaj splo\u0161nih informacij o zdravju. Zdravje je [&hellip;]<\/p>\n","protected":false},"author":3,"featured_media":0,"parent":0,"menu_order":0,"comment_status":"closed","ping_status":"closed","template":"","meta":{"site-sidebar-layout":"no-sidebar","site-content-layout":"page-builder","ast-site-content-layout":"","site-content-style":"default","site-sidebar-style":"default","ast-global-header-display":"","ast-banner-title-visibility":"","ast-main-header-display":"","ast-hfb-above-header-display":"","ast-hfb-below-header-display":"","ast-hfb-mobile-header-display":"","site-post-title":"disabled","ast-breadcrumbs-content":"","ast-featured-img":"disabled","footer-sml-layout":"","theme-transparent-header-meta":"","adv-header-id-meta":"","stick-header-meta":"","header-above-stick-meta":"","header-main-stick-meta":"","header-below-stick-meta":"","astra-migrate-meta-layouts":"default","ast-page-background-enabled":"default","ast-page-background-meta":{"desktop":{"background-color":"","background-image":"","background-repeat":"repeat","background-position":"center center","background-size":"auto","background-attachment":"scroll","background-type":"","background-media":"","overlay-type":"","overlay-color":"","overlay-opacity":"","overlay-gradient":""},"tablet":{"background-color":"","background-image":"","background-repeat":"repeat","background-position":"center center","background-size":"auto","background-attachment":"scroll","background-type":"","background-media":"","overlay-type":"","overlay-color":"","overlay-opacity":"","overlay-gradient":""},"mobile":{"background-color":"","background-image":"","background-repeat":"repeat","background-position":"center center","background-size":"auto","background-attachment":"scroll","background-type":"","background-media":"","overlay-type":"","overlay-color":"","overlay-opacity":"","overlay-gradient":""}},"ast-content-background-meta":{"desktop":{"background-color":"var(--ast-global-color-5)","background-image":"","background-repeat":"repeat","background-position":"center center","background-size":"auto","background-attachment":"scroll","background-type":"","background-media":"","overlay-type":"","overlay-color":"","overlay-opacity":"","overlay-gradient":""},"tablet":{"background-color":"var(--ast-global-color-5)","background-image":"","background-repeat":"repeat","background-position":"center center","background-size":"auto","background-attachment":"scroll","background-type":"","background-media":"","overlay-type":"","overlay-color":"","overlay-opacity":"","overlay-gradient":""},"mobile":{"background-color":"var(--ast-global-color-5)","background-image":"","background-repeat":"repeat","background-position":"center center","background-size":"auto","background-attachment":"scroll","background-type":"","background-media":"","overlay-type":"","overlay-color":"","overlay-opacity":"","overlay-gradient":""}},"footnotes":""},"_links":{"self":[{"href":"https:\/\/senquality.eu\/sl\/wp-json\/wp\/v2\/pages\/9971"}],"collection":[{"href":"https:\/\/senquality.eu\/sl\/wp-json\/wp\/v2\/pages"}],"about":[{"href":"https:\/\/senquality.eu\/sl\/wp-json\/wp\/v2\/types\/page"}],"author":[{"embeddable":true,"href":"https:\/\/senquality.eu\/sl\/wp-json\/wp\/v2\/users\/3"}],"replies":[{"embeddable":true,"href":"https:\/\/senquality.eu\/sl\/wp-json\/wp\/v2\/comments?post=9971"}],"version-history":[{"count":7,"href":"https:\/\/senquality.eu\/sl\/wp-json\/wp\/v2\/pages\/9971\/revisions"}],"predecessor-version":[{"id":10871,"href":"https:\/\/senquality.eu\/sl\/wp-json\/wp\/v2\/pages\/9971\/revisions\/10871"}],"wp:attachment":[{"href":"https:\/\/senquality.eu\/sl\/wp-json\/wp\/v2\/media?parent=9971"}],"curies":[{"name":"wp","href":"https:\/\/api.w.org\/{rel}","templated":true}]}}