{"id":3429,"date":"2021-05-19T09:26:21","date_gmt":"2021-05-19T07:26:21","guid":{"rendered":"https:\/\/senquality.eu\/projekt\/"},"modified":"2021-09-27T12:47:23","modified_gmt":"2021-09-27T10:47:23","slug":"projekt","status":"publish","type":"page","link":"https:\/\/senquality.eu\/sl\/projekt\/","title":{"rendered":"PROJEKT"},"content":{"rendered":"\t\t<div data-elementor-type=\"wp-page\" data-elementor-id=\"3429\" class=\"elementor elementor-3429 elementor-604\">\n\t\t\t\t\t\t<section class=\"elementor-section elementor-top-section elementor-element elementor-element-1f116fb elementor-section-boxed elementor-section-height-default elementor-section-height-default\" data-id=\"1f116fb\" data-element_type=\"section\">\n\t\t\t\t\t\t<div class=\"elementor-container elementor-column-gap-default\">\n\t\t\t\t\t<div class=\"elementor-column elementor-col-100 elementor-top-column elementor-element elementor-element-b8a091a\" data-id=\"b8a091a\" data-element_type=\"column\">\n\t\t\t<div class=\"elementor-widget-wrap elementor-element-populated\">\n\t\t\t\t\t\t<div class=\"elementor-element elementor-element-40c8c27 elementor-widget elementor-widget-spacer\" data-id=\"40c8c27\" data-element_type=\"widget\" data-widget_type=\"spacer.default\">\n\t\t\t\t<div class=\"elementor-widget-container\">\n\t\t\t\t\t\t\t<div class=\"elementor-spacer\">\n\t\t\t<div class=\"elementor-spacer-inner\"><\/div>\n\t\t<\/div>\n\t\t\t\t\t\t<\/div>\n\t\t\t\t<\/div>\n\t\t\t\t\t<\/div>\n\t\t<\/div>\n\t\t\t\t\t<\/div>\n\t\t<\/section>\n\t\t\t\t<section class=\"elementor-section elementor-top-section elementor-element elementor-element-1c2c8c1 elementor-section-boxed elementor-section-height-default elementor-section-height-default\" data-id=\"1c2c8c1\" data-element_type=\"section\">\n\t\t\t\t\t\t<div class=\"elementor-container elementor-column-gap-default\">\n\t\t\t\t\t<div class=\"elementor-column elementor-col-100 elementor-top-column elementor-element elementor-element-cd9d924\" data-id=\"cd9d924\" data-element_type=\"column\">\n\t\t\t<div class=\"elementor-widget-wrap elementor-element-populated\">\n\t\t\t\t\t\t<div class=\"elementor-element elementor-element-ff550a4 elementor-widget elementor-widget-spacer\" data-id=\"ff550a4\" data-element_type=\"widget\" data-widget_type=\"spacer.default\">\n\t\t\t\t<div class=\"elementor-widget-container\">\n\t\t\t\t\t\t\t<div class=\"elementor-spacer\">\n\t\t\t<div class=\"elementor-spacer-inner\"><\/div>\n\t\t<\/div>\n\t\t\t\t\t\t<\/div>\n\t\t\t\t<\/div>\n\t\t\t\t\t<\/div>\n\t\t<\/div>\n\t\t\t\t\t<\/div>\n\t\t<\/section>\n\t\t\t\t<section class=\"elementor-section elementor-top-section elementor-element elementor-element-3a3a580 elementor-section-boxed elementor-section-height-default elementor-section-height-default\" data-id=\"3a3a580\" data-element_type=\"section\">\n\t\t\t\t\t\t<div class=\"elementor-container elementor-column-gap-default\">\n\t\t\t\t\t<div class=\"elementor-column elementor-col-100 elementor-top-column elementor-element elementor-element-c8727c4\" data-id=\"c8727c4\" data-element_type=\"column\">\n\t\t\t<div class=\"elementor-widget-wrap elementor-element-populated\">\n\t\t\t\t\t\t<div class=\"elementor-element elementor-element-84f9cba elementor-widget elementor-widget-heading\" data-id=\"84f9cba\" data-element_type=\"widget\" data-widget_type=\"heading.default\">\n\t\t\t\t<div class=\"elementor-widget-container\">\n\t\t\t\t\t<h3 class=\"elementor-heading-title elementor-size-default\">Priprava na starost<\/h3>\t\t\t\t<\/div>\n\t\t\t\t<\/div>\n\t\t\t\t<div class=\"elementor-element elementor-element-1faa4e1 elementor-widget elementor-widget-text-editor\" data-id=\"1faa4e1\" data-element_type=\"widget\" data-widget_type=\"text-editor.default\">\n\t\t\t\t<div class=\"elementor-widget-container\">\n\t\t\t\t\t\t\t\t\t<p class=\"western\" lang=\"en-US\" align=\"justify\">Projekt SenQuality \u017eeli ozave\u0161\u010dati o pomembnosti pozitivnega na\u010drtovanja za starost in ponuditi individualno, lahko dostopno in prilagodljivo orodje za na\u010drtovanje lastnih ukrepov. Prednostna naloga projekta je individualna priprava na starost, da bi podprli dobro po\u010dutje tudi v tretjem in \u010detrtem \u017eivljenjskem obdobju.<\/p>\n<p class=\"western\" lang=\"en-US\" align=\"justify\">V projektu staranje razumemo kot ve\u010ddimenzionalni proces, ki vpliva na \u017eivljenje na razli\u010dne na\u010dine. Zato se ne osredoto\u010damo le na finan\u010dne priprave ali zdravstvene ukrepe, temve\u010d na skupno 9 medsebojno povezanih \u017eivljenjskih podro\u010dij: finance, izredne razmere in izjemne okoli\u0161\u010dine, du\u0161evna in fizi\u010dna pripravljenost, stanovanjska situacija, videz, socialni odnosi, zdravje, prosti \u010das in \u017eivljenjski slog ter delo in zaposlitev. Ta pristop smo utemeljili na delih raziskovalcev Anne E. Kornadt in Klausa Rothermunda.<\/p>\n\t\t\t\t\t\t\t\t<\/div>\n\t\t\t\t<\/div>\n\t\t\t\t<div class=\"elementor-element elementor-element-8f29411 elementor-widget elementor-widget-spacer\" data-id=\"8f29411\" data-element_type=\"widget\" data-widget_type=\"spacer.default\">\n\t\t\t\t<div class=\"elementor-widget-container\">\n\t\t\t\t\t\t\t<div class=\"elementor-spacer\">\n\t\t\t<div class=\"elementor-spacer-inner\"><\/div>\n\t\t<\/div>\n\t\t\t\t\t\t<\/div>\n\t\t\t\t<\/div>\n\t\t\t\t\t<\/div>\n\t\t<\/div>\n\t\t\t\t\t<\/div>\n\t\t<\/section>\n\t\t\t\t<section class=\"elementor-section elementor-top-section elementor-element elementor-element-af960cc elementor-section-content-middle elementor-section-boxed elementor-section-height-default elementor-section-height-default\" data-id=\"af960cc\" data-element_type=\"section\">\n\t\t\t\t\t\t<div class=\"elementor-container elementor-column-gap-default\">\n\t\t\t\t\t<div class=\"elementor-column elementor-col-66 elementor-top-column elementor-element elementor-element-9fa1b40\" data-id=\"9fa1b40\" data-element_type=\"column\">\n\t\t\t<div class=\"elementor-widget-wrap elementor-element-populated\">\n\t\t\t\t\t\t<div class=\"elementor-element elementor-element-b5f6eac elementor-widget elementor-widget-text-editor\" data-id=\"b5f6eac\" data-element_type=\"widget\" data-widget_type=\"text-editor.default\">\n\t\t\t\t<div class=\"elementor-widget-container\">\n\t\t\t\t\t\t\t\t\t<h3>Cilji projekta so:<\/h3><ul><li>Ozave\u0161\u010dati odrasle in organizacije o pomembnosti na\u010drtovanja starosti<\/li><li>motivirati za za\u010detek priprav na tretje in \u010detrto \u017eivljenjsko obdobje<\/li><li>ustvariti priro\u010dnik z opisom podro\u010dij priprave in dobrih praks iz dr\u017eav EU<\/li><li>ustvariti digitalno platformo, ki temelji na samorefleksiji za osebno na\u010drtovanje starosti<\/li><li>zagotoviti orodje za izdelavo akcijskega na\u010drta, ki ustreza osebnim ciljem na\u010drtovalca<\/li><\/ul>\t\t\t\t\t\t\t\t<\/div>\n\t\t\t\t<\/div>\n\t\t\t\t\t<\/div>\n\t\t<\/div>\n\t\t\t\t<div class=\"elementor-column elementor-col-33 elementor-top-column elementor-element elementor-element-4dc604c\" data-id=\"4dc604c\" data-element_type=\"column\">\n\t\t\t<div class=\"elementor-widget-wrap elementor-element-populated\">\n\t\t\t\t\t\t<div class=\"elementor-element elementor-element-8ce0683 elementor-widget elementor-widget-image\" data-id=\"8ce0683\" data-element_type=\"widget\" data-widget_type=\"image.default\">\n\t\t\t\t<div class=\"elementor-widget-container\">\n\t\t\t\t\t\t\t\t\t\t\t\t\t\t\t<img fetchpriority=\"high\" decoding=\"async\" width=\"250\" height=\"250\" src=\"https:\/\/senquality.eu\/wp-content\/uploads\/2021\/01\/objectives-banner-250px.png\" class=\"attachment-large size-large wp-image-2717\" alt=\"project\" srcset=\"https:\/\/senquality.eu\/wp-content\/uploads\/2021\/01\/objectives-banner-250px.png 250w, https:\/\/senquality.eu\/wp-content\/uploads\/2021\/01\/objectives-banner-250px-150x150.png 150w\" sizes=\"(max-width: 250px) 100vw, 250px\" \/>\t\t\t\t\t\t\t\t\t\t\t\t\t\t\t<\/div>\n\t\t\t\t<\/div>\n\t\t\t\t\t<\/div>\n\t\t<\/div>\n\t\t\t\t\t<\/div>\n\t\t<\/section>\n\t\t\t\t<section class=\"elementor-section elementor-top-section elementor-element elementor-element-55bd915 elementor-section-boxed elementor-section-height-default elementor-section-height-default\" data-id=\"55bd915\" data-element_type=\"section\">\n\t\t\t\t\t\t<div class=\"elementor-container elementor-column-gap-default\">\n\t\t\t\t\t<div class=\"elementor-column elementor-col-100 elementor-top-column elementor-element elementor-element-82d6799\" data-id=\"82d6799\" data-element_type=\"column\">\n\t\t\t<div class=\"elementor-widget-wrap elementor-element-populated\">\n\t\t\t\t\t\t<div class=\"elementor-element elementor-element-dd7099c elementor-widget elementor-widget-spacer\" data-id=\"dd7099c\" data-element_type=\"widget\" data-widget_type=\"spacer.default\">\n\t\t\t\t<div class=\"elementor-widget-container\">\n\t\t\t\t\t\t\t<div class=\"elementor-spacer\">\n\t\t\t<div class=\"elementor-spacer-inner\"><\/div>\n\t\t<\/div>\n\t\t\t\t\t\t<\/div>\n\t\t\t\t<\/div>\n\t\t\t\t\t<\/div>\n\t\t<\/div>\n\t\t\t\t\t<\/div>\n\t\t<\/section>\n\t\t\t\t<section class=\"elementor-section elementor-top-section elementor-element elementor-element-c86c7d4 elementor-section-content-middle elementor-section-boxed elementor-section-height-default elementor-section-height-default\" data-id=\"c86c7d4\" data-element_type=\"section\">\n\t\t\t\t\t\t<div class=\"elementor-container elementor-column-gap-default\">\n\t\t\t\t\t<div class=\"elementor-column elementor-col-33 elementor-top-column elementor-element elementor-element-e2ad1c1\" data-id=\"e2ad1c1\" data-element_type=\"column\">\n\t\t\t<div class=\"elementor-widget-wrap elementor-element-populated\">\n\t\t\t\t\t\t<div class=\"elementor-element elementor-element-c961c91 elementor-widget elementor-widget-image\" data-id=\"c961c91\" data-element_type=\"widget\" data-widget_type=\"image.default\">\n\t\t\t\t<div class=\"elementor-widget-container\">\n\t\t\t\t\t\t\t\t\t\t\t\t\t\t\t<img decoding=\"async\" width=\"250\" height=\"250\" src=\"https:\/\/senquality.eu\/wp-content\/uploads\/2021\/01\/impact-banner@250px.png\" class=\"attachment-large size-large wp-image-2721\" alt=\"project impact\" srcset=\"https:\/\/senquality.eu\/wp-content\/uploads\/2021\/01\/impact-banner@250px.png 250w, https:\/\/senquality.eu\/wp-content\/uploads\/2021\/01\/impact-banner@250px-150x150.png 150w\" sizes=\"(max-width: 250px) 100vw, 250px\" \/>\t\t\t\t\t\t\t\t\t\t\t\t\t\t\t<\/div>\n\t\t\t\t<\/div>\n\t\t\t\t\t<\/div>\n\t\t<\/div>\n\t\t\t\t<div class=\"elementor-column elementor-col-66 elementor-top-column elementor-element elementor-element-4128b78\" data-id=\"4128b78\" data-element_type=\"column\">\n\t\t\t<div class=\"elementor-widget-wrap elementor-element-populated\">\n\t\t\t\t\t\t<div class=\"elementor-element elementor-element-5ae6107 elementor-widget elementor-widget-text-editor\" data-id=\"5ae6107\" data-element_type=\"widget\" data-widget_type=\"text-editor.default\">\n\t\t\t\t<div class=\"elementor-widget-container\">\n\t\t\t\t\t\t\t\t\t<h3>VPLIV<\/h3>\n<ul>\n<li>Razumevanje potrebe po pripravah na starost na razli\u010dnih podro\u010djih \u017eivljenja<\/li>\n<li>Bolj\u0161e sprejemanje prakti\u010dnih aplikacij za pripravo na starostne spremembe<\/li>\n<li>Motivacija za pripravljalne ukrepe<\/li>\n<li>Pobuda za u\u010denje in aktivno razmi\u0161ljanje o prihodnosti<\/li>\n<li>Ponudba novega in privla\u010dnega spletnega orodja za stranke <\/li>\n<li>Razumevanje evropske razse\u017enosti demografskega staranja in priprav na starost, sposobnost primerjave situacij in upo\u0161tevanja primerov dobre prakse iz drugih dr\u017eav<\/li>\n<\/ul>\n\t\t\t\t\t\t\t\t<\/div>\n\t\t\t\t<\/div>\n\t\t\t\t\t<\/div>\n\t\t<\/div>\n\t\t\t\t\t<\/div>\n\t\t<\/section>\n\t\t\t\t<section class=\"elementor-section elementor-top-section elementor-element elementor-element-1a48cbb elementor-section-boxed elementor-section-height-default elementor-section-height-default\" data-id=\"1a48cbb\" data-element_type=\"section\">\n\t\t\t\t\t\t<div class=\"elementor-container elementor-column-gap-default\">\n\t\t\t\t\t<div class=\"elementor-column elementor-col-100 elementor-top-column elementor-element elementor-element-eaade34\" data-id=\"eaade34\" data-element_type=\"column\">\n\t\t\t<div class=\"elementor-widget-wrap elementor-element-populated\">\n\t\t\t\t\t\t<div class=\"elementor-element elementor-element-9fbf4c1 elementor-widget elementor-widget-spacer\" data-id=\"9fbf4c1\" data-element_type=\"widget\" data-widget_type=\"spacer.default\">\n\t\t\t\t<div class=\"elementor-widget-container\">\n\t\t\t\t\t\t\t<div class=\"elementor-spacer\">\n\t\t\t<div class=\"elementor-spacer-inner\"><\/div>\n\t\t<\/div>\n\t\t\t\t\t\t<\/div>\n\t\t\t\t<\/div>\n\t\t\t\t<div class=\"elementor-element elementor-element-ca0c726 elementor-widget elementor-widget-heading\" data-id=\"ca0c726\" data-element_type=\"widget\" data-widget_type=\"heading.default\">\n\t\t\t\t<div class=\"elementor-widget-container\">\n\t\t\t\t\t<h3 class=\"elementor-heading-title elementor-size-default\">Cilje skupine<\/h3>\t\t\t\t<\/div>\n\t\t\t\t<\/div>\n\t\t\t\t<div class=\"elementor-element elementor-element-d021654 elementor-widget elementor-widget-image\" data-id=\"d021654\" data-element_type=\"widget\" data-widget_type=\"image.default\">\n\t\t\t\t<div class=\"elementor-widget-container\">\n\t\t\t\t\t\t\t\t\t\t\t\t\t\t\t<img decoding=\"async\" width=\"1200\" height=\"560\" src=\"https:\/\/senquality.eu\/wp-content\/uploads\/2021\/03\/target-groups-banner.png\" class=\"attachment-full size-full wp-image-2737\" alt=\"project target groups\" srcset=\"https:\/\/senquality.eu\/wp-content\/uploads\/2021\/03\/target-groups-banner.png 1200w, https:\/\/senquality.eu\/wp-content\/uploads\/2021\/03\/target-groups-banner-300x140.png 300w, https:\/\/senquality.eu\/wp-content\/uploads\/2021\/03\/target-groups-banner-1024x478.png 1024w, https:\/\/senquality.eu\/wp-content\/uploads\/2021\/03\/target-groups-banner-768x358.png 768w\" sizes=\"(max-width: 1200px) 100vw, 1200px\" \/>\t\t\t\t\t\t\t\t\t\t\t\t\t\t\t<\/div>\n\t\t\t\t<\/div>\n\t\t\t\t<section class=\"elementor-section elementor-inner-section elementor-element elementor-element-eb60fd0 elementor-section-boxed elementor-section-height-default elementor-section-height-default\" data-id=\"eb60fd0\" data-element_type=\"section\">\n\t\t\t\t\t\t<div class=\"elementor-container elementor-column-gap-default\">\n\t\t\t\t\t<div class=\"elementor-column elementor-col-33 elementor-inner-column elementor-element elementor-element-9051f65\" data-id=\"9051f65\" data-element_type=\"column\">\n\t\t\t<div class=\"elementor-widget-wrap elementor-element-populated\">\n\t\t\t\t\t\t<div class=\"elementor-element elementor-element-5142788 elementor-widget elementor-widget-text-editor\" data-id=\"5142788\" data-element_type=\"widget\" data-widget_type=\"text-editor.default\">\n\t\t\t\t<div class=\"elementor-widget-container\">\n\t\t\t\t\t\t\t\t\t<h3 style=\"text-align: center;\">Neposredne<\/h3>\n<ul>\n<li>Odrasli v srednjih letih<\/li>\n<li>Aktivni starej\u0161i odrasli<\/li>\n<\/ul>\n\t\t\t\t\t\t\t\t<\/div>\n\t\t\t\t<\/div>\n\t\t\t\t\t<\/div>\n\t\t<\/div>\n\t\t\t\t<div class=\"elementor-column elementor-col-33 elementor-inner-column elementor-element elementor-element-ffbfb0c\" data-id=\"ffbfb0c\" data-element_type=\"column\">\n\t\t\t<div class=\"elementor-widget-wrap elementor-element-populated\">\n\t\t\t\t\t\t<div class=\"elementor-element elementor-element-6737c73 elementor-widget elementor-widget-text-editor\" data-id=\"6737c73\" data-element_type=\"widget\" data-widget_type=\"text-editor.default\">\n\t\t\t\t<div class=\"elementor-widget-container\">\n\t\t\t\t\t\t\t\t\t<h3 style=\"text-align: center;\">Posredne<\/h3><ul><li>izobra\u017eevalci za starej\u0161e<\/li><li>svetovalci<\/li><li>psihologi<\/li><li>osebje v kulturnih in medgeneracijskih centrih<\/li><li>strokovnjaki, ki delajo z ljudmi na temah, pomembnih za staranje in \/ ali \u017eivljenjske spremembe<\/li><\/ul>\t\t\t\t\t\t\t\t<\/div>\n\t\t\t\t<\/div>\n\t\t\t\t\t<\/div>\n\t\t<\/div>\n\t\t\t\t<div class=\"elementor-column elementor-col-33 elementor-inner-column elementor-element elementor-element-405e2dd\" data-id=\"405e2dd\" data-element_type=\"column\">\n\t\t\t<div class=\"elementor-widget-wrap elementor-element-populated\">\n\t\t\t\t\t\t<div class=\"elementor-element elementor-element-57cc737 elementor-widget elementor-widget-text-editor\" data-id=\"57cc737\" data-element_type=\"widget\" data-widget_type=\"text-editor.default\">\n\t\t\t\t<div class=\"elementor-widget-container\">\n\t\t\t\t\t\t\t\t\t<h3 style=\"text-align: center;\">Dele\u017eniki<\/h3>\n<ul>\n<li>Lokalne in regionalne oblasti v vseh dr\u017eavah, partnericah projekta<\/li>\n<li>Nevladne organizacije in zdru\u017eenja, povezana s staranjem in \/ ali podporo starej\u0161ih ob\u010danov<\/li>\n<li>\tUniverze<\/li>\n<li>Raziskovalna sredi\u0161\u010da<\/li>\n<li>Ponudniki izobra\u017eevanja odraslih<\/li>\n<\/ul>\n\t\t\t\t\t\t\t\t<\/div>\n\t\t\t\t<\/div>\n\t\t\t\t\t<\/div>\n\t\t<\/div>\n\t\t\t\t\t<\/div>\n\t\t<\/section>\n\t\t\t\t<div class=\"elementor-element elementor-element-7f6546a elementor-widget elementor-widget-spacer\" data-id=\"7f6546a\" data-element_type=\"widget\" data-widget_type=\"spacer.default\">\n\t\t\t\t<div class=\"elementor-widget-container\">\n\t\t\t\t\t\t\t<div class=\"elementor-spacer\">\n\t\t\t<div class=\"elementor-spacer-inner\"><\/div>\n\t\t<\/div>\n\t\t\t\t\t\t<\/div>\n\t\t\t\t<\/div>\n\t\t\t\t<section class=\"elementor-section elementor-inner-section elementor-element elementor-element-4e0f000 elementor-section-boxed elementor-section-height-default elementor-section-height-default\" data-id=\"4e0f000\" data-element_type=\"section\">\n\t\t\t\t\t\t<div class=\"elementor-container elementor-column-gap-default\">\n\t\t\t\t\t<div class=\"elementor-column elementor-col-50 elementor-inner-column elementor-element elementor-element-63e4dd8\" data-id=\"63e4dd8\" data-element_type=\"column\">\n\t\t\t<div class=\"elementor-widget-wrap elementor-element-populated\">\n\t\t\t\t\t\t<div class=\"elementor-element elementor-element-fb705f6 elementor-widget elementor-widget-text-editor\" data-id=\"fb705f6\" data-element_type=\"widget\" data-widget_type=\"text-editor.default\">\n\t\t\t\t<div class=\"elementor-widget-container\">\n\t\t\t\t\t\t\t\t\t<h3 style=\"text-align: center;\">plakat<\/h3>\n\t\t\t\t\t\t\t\t<\/div>\n\t\t\t\t<\/div>\n\t\t\t\t<div class=\"elementor-element elementor-element-ec1d163 elementor-widget elementor-widget-image\" data-id=\"ec1d163\" data-element_type=\"widget\" data-widget_type=\"image.default\">\n\t\t\t\t<div class=\"elementor-widget-container\">\n\t\t\t\t\t\t\t\t\t\t\t\t\t\t\t\t<a href=\"https:\/\/senquality.eu\/wp-content\/uploads\/2021\/09\/SenQuality-A3-Poster-SL.pdf\" target=\"_blank\">\n\t\t\t\t\t\t\t<img loading=\"lazy\" decoding=\"async\" width=\"600\" height=\"336\" src=\"https:\/\/senquality.eu\/wp-content\/uploads\/2021\/09\/SenQuality-Poster-Mockup-SL.png\" class=\"attachment-large size-large wp-image-4689\" alt=\"\" srcset=\"https:\/\/senquality.eu\/wp-content\/uploads\/2021\/09\/SenQuality-Poster-Mockup-SL.png 600w, https:\/\/senquality.eu\/wp-content\/uploads\/2021\/09\/SenQuality-Poster-Mockup-SL-300x168.png 300w\" sizes=\"(max-width: 600px) 100vw, 600px\" \/>\t\t\t\t\t\t\t\t<\/a>\n\t\t\t\t\t\t\t\t\t\t\t\t\t\t\t<\/div>\n\t\t\t\t<\/div>\n\t\t\t\t\t<\/div>\n\t\t<\/div>\n\t\t\t\t<div class=\"elementor-column elementor-col-50 elementor-inner-column elementor-element elementor-element-25d592b\" data-id=\"25d592b\" data-element_type=\"column\">\n\t\t\t<div class=\"elementor-widget-wrap elementor-element-populated\">\n\t\t\t\t\t\t<div class=\"elementor-element elementor-element-2d6025f elementor-widget elementor-widget-text-editor\" data-id=\"2d6025f\" data-element_type=\"widget\" data-widget_type=\"text-editor.default\">\n\t\t\t\t<div class=\"elementor-widget-container\">\n\t\t\t\t\t\t\t\t\t<h3 style=\"text-align: center;\">Bro\u0161ura<\/h3>\n\t\t\t\t\t\t\t\t<\/div>\n\t\t\t\t<\/div>\n\t\t\t\t<div class=\"elementor-element elementor-element-f452ea8 elementor-widget elementor-widget-image\" data-id=\"f452ea8\" data-element_type=\"widget\" data-widget_type=\"image.default\">\n\t\t\t\t<div class=\"elementor-widget-container\">\n\t\t\t\t\t\t\t\t\t\t\t\t\t\t\t\t<a href=\"https:\/\/senquality.eu\/wp-content\/uploads\/2021\/09\/SenQuality-Trifold-Brochure-SL.pdf\" target=\"_blank\">\n\t\t\t\t\t\t\t<img loading=\"lazy\" decoding=\"async\" width=\"600\" height=\"336\" src=\"https:\/\/senquality.eu\/wp-content\/uploads\/2021\/09\/SenQuality-Trifold-Brochure-SL.png\" class=\"attachment-large size-large wp-image-4483\" alt=\"SenQuality-Trifold-Brochure-SL\" srcset=\"https:\/\/senquality.eu\/wp-content\/uploads\/2021\/09\/SenQuality-Trifold-Brochure-SL.png 600w, https:\/\/senquality.eu\/wp-content\/uploads\/2021\/09\/SenQuality-Trifold-Brochure-SL-300x168.png 300w\" sizes=\"(max-width: 600px) 100vw, 600px\" \/>\t\t\t\t\t\t\t\t<\/a>\n\t\t\t\t\t\t\t\t\t\t\t\t\t\t\t<\/div>\n\t\t\t\t<\/div>\n\t\t\t\t\t<\/div>\n\t\t<\/div>\n\t\t\t\t\t<\/div>\n\t\t<\/section>\n\t\t\t\t<div class=\"elementor-element elementor-element-8efa2a0 elementor-widget elementor-widget-spacer\" data-id=\"8efa2a0\" data-element_type=\"widget\" data-widget_type=\"spacer.default\">\n\t\t\t\t<div class=\"elementor-widget-container\">\n\t\t\t\t\t\t\t<div class=\"elementor-spacer\">\n\t\t\t<div class=\"elementor-spacer-inner\"><\/div>\n\t\t<\/div>\n\t\t\t\t\t\t<\/div>\n\t\t\t\t<\/div>\n\t\t\t\t\t<\/div>\n\t\t<\/div>\n\t\t\t\t\t<\/div>\n\t\t<\/section>\n\t\t\t\t<section class=\"elementor-section elementor-top-section elementor-element elementor-element-f50958b elementor-section-content-middle elementor-section-boxed elementor-section-height-default elementor-section-height-default\" data-id=\"f50958b\" data-element_type=\"section\">\n\t\t\t\t\t\t<div class=\"elementor-container elementor-column-gap-default\">\n\t\t\t\t\t<div class=\"elementor-column elementor-col-50 elementor-top-column elementor-element elementor-element-5c6c0e2\" data-id=\"5c6c0e2\" data-element_type=\"column\">\n\t\t\t<div class=\"elementor-widget-wrap\">\n\t\t\t\t\t\t\t<\/div>\n\t\t<\/div>\n\t\t\t\t<div class=\"elementor-column elementor-col-50 elementor-top-column elementor-element elementor-element-e057d3b\" data-id=\"e057d3b\" data-element_type=\"column\">\n\t\t\t<div class=\"elementor-widget-wrap\">\n\t\t\t\t\t\t\t<\/div>\n\t\t<\/div>\n\t\t\t\t\t<\/div>\n\t\t<\/section>\n\t\t\t\t<\/div>\n\t\t","protected":false},"excerpt":{"rendered":"<p>Priprava na starost Projekt SenQuality \u017eeli ozave\u0161\u010dati o pomembnosti pozitivnega na\u010drtovanja za starost in ponuditi individualno, lahko dostopno in prilagodljivo orodje za na\u010drtovanje lastnih ukrepov. Prednostna naloga projekta je individualna priprava na starost, da bi podprli dobro po\u010dutje tudi v tretjem in \u010detrtem \u017eivljenjskem obdobju. V projektu staranje razumemo kot ve\u010ddimenzionalni proces, ki vpliva na [&hellip;]<\/p>\n","protected":false},"author":2,"featured_media":6782,"parent":0,"menu_order":0,"comment_status":"closed","ping_status":"closed","template":"elementor_header_footer","meta":{"site-sidebar-layout":"no-sidebar","site-content-layout":"page-builder","ast-site-content-layout":"","site-content-style":"default","site-sidebar-style":"default","ast-global-header-display":"","ast-banner-title-visibility":"","ast-main-header-display":"","ast-hfb-above-header-display":"","ast-hfb-below-header-display":"","ast-hfb-mobile-header-display":"","site-post-title":"disabled","ast-breadcrumbs-content":"","ast-featured-img":"disabled","footer-sml-layout":"","theme-transparent-header-meta":"enabled","adv-header-id-meta":"","stick-header-meta":"default","header-above-stick-meta":"","header-main-stick-meta":"","header-below-stick-meta":"","astra-migrate-meta-layouts":"default","ast-page-background-enabled":"default","ast-page-background-meta":{"desktop":{"background-color":"","background-image":"","background-repeat":"repeat","background-position":"center center","background-size":"auto","background-attachment":"scroll","background-type":"","background-media":"","overlay-type":"","overlay-color":"","overlay-opacity":"","overlay-gradient":""},"tablet":{"background-color":"","background-image":"","background-repeat":"repeat","background-position":"center center","background-size":"auto","background-attachment":"scroll","background-type":"","background-media":"","overlay-type":"","overlay-color":"","overlay-opacity":"","overlay-gradient":""},"mobile":{"background-color":"","background-image":"","background-repeat":"repeat","background-position":"center center","background-size":"auto","background-attachment":"scroll","background-type":"","background-media":"","overlay-type":"","overlay-color":"","overlay-opacity":"","overlay-gradient":""}},"ast-content-background-meta":{"desktop":{"background-color":"var(--ast-global-color-5)","background-image":"","background-repeat":"repeat","background-position":"center center","background-size":"auto","background-attachment":"scroll","background-type":"","background-media":"","overlay-type":"","overlay-color":"","overlay-opacity":"","overlay-gradient":""},"tablet":{"background-color":"var(--ast-global-color-5)","background-image":"","background-repeat":"repeat","background-position":"center center","background-size":"auto","background-attachment":"scroll","background-type":"","background-media":"","overlay-type":"","overlay-color":"","overlay-opacity":"","overlay-gradient":""},"mobile":{"background-color":"var(--ast-global-color-5)","background-image":"","background-repeat":"repeat","background-position":"center center","background-size":"auto","background-attachment":"scroll","background-type":"","background-media":"","overlay-type":"","overlay-color":"","overlay-opacity":"","overlay-gradient":""}},"footnotes":""},"_links":{"self":[{"href":"https:\/\/senquality.eu\/sl\/wp-json\/wp\/v2\/pages\/3429"}],"collection":[{"href":"https:\/\/senquality.eu\/sl\/wp-json\/wp\/v2\/pages"}],"about":[{"href":"https:\/\/senquality.eu\/sl\/wp-json\/wp\/v2\/types\/page"}],"author":[{"embeddable":true,"href":"https:\/\/senquality.eu\/sl\/wp-json\/wp\/v2\/users\/2"}],"replies":[{"embeddable":true,"href":"https:\/\/senquality.eu\/sl\/wp-json\/wp\/v2\/comments?post=3429"}],"version-history":[{"count":19,"href":"https:\/\/senquality.eu\/sl\/wp-json\/wp\/v2\/pages\/3429\/revisions"}],"predecessor-version":[{"id":4704,"href":"https:\/\/senquality.eu\/sl\/wp-json\/wp\/v2\/pages\/3429\/revisions\/4704"}],"wp:featuredmedia":[{"embeddable":true,"href":"https:\/\/senquality.eu\/sl\/wp-json\/wp\/v2\/media\/6782"}],"wp:attachment":[{"href":"https:\/\/senquality.eu\/sl\/wp-json\/wp\/v2\/media?parent=3429"}],"curies":[{"name":"wp","href":"https:\/\/api.w.org\/{rel}","templated":true}]}}