{"id":9770,"date":"2023-01-16T09:25:51","date_gmt":"2023-01-16T08:25:51","guid":{"rendered":"https:\/\/senquality.eu\/zarejestruj-sukces\/"},"modified":"2023-01-16T09:25:53","modified_gmt":"2023-01-16T08:25:53","slug":"zarejestruj-sukces","status":"publish","type":"page","link":"https:\/\/senquality.eu\/pl\/zarejestruj-sukces\/","title":{"rendered":"Zarejestruj sukces"},"content":{"rendered":"\t\t<div data-elementor-type=\"wp-page\" data-elementor-id=\"9770\" class=\"elementor elementor-9770 elementor-7712\">\n\t\t\t\t\t\t<section class=\"elementor-section elementor-top-section elementor-element elementor-element-eb00a29 elementor-section-boxed elementor-section-height-default elementor-section-height-default\" data-id=\"eb00a29\" data-element_type=\"section\">\n\t\t\t\t\t\t<div class=\"elementor-container elementor-column-gap-default\">\n\t\t\t\t\t<div class=\"elementor-column elementor-col-100 elementor-top-column elementor-element elementor-element-e0e6d29\" data-id=\"e0e6d29\" data-element_type=\"column\">\n\t\t\t<div class=\"elementor-widget-wrap elementor-element-populated\">\n\t\t\t\t\t\t<div class=\"elementor-element elementor-element-ddd8757 elementor-widget elementor-widget-spacer\" data-id=\"ddd8757\" data-element_type=\"widget\" data-widget_type=\"spacer.default\">\n\t\t\t\t<div class=\"elementor-widget-container\">\n\t\t\t\t\t\t\t<div class=\"elementor-spacer\">\n\t\t\t<div class=\"elementor-spacer-inner\"><\/div>\n\t\t<\/div>\n\t\t\t\t\t\t<\/div>\n\t\t\t\t<\/div>\n\t\t\t\t<section class=\"elementor-section elementor-inner-section elementor-element elementor-element-cdb10a4 elementor-section-boxed elementor-section-height-default elementor-section-height-default\" data-id=\"cdb10a4\" data-element_type=\"section\">\n\t\t\t\t\t\t<div class=\"elementor-container elementor-column-gap-default\">\n\t\t\t\t\t<div class=\"elementor-column elementor-col-33 elementor-inner-column elementor-element elementor-element-7fab659\" data-id=\"7fab659\" data-element_type=\"column\">\n\t\t\t<div class=\"elementor-widget-wrap\">\n\t\t\t\t\t\t\t<\/div>\n\t\t<\/div>\n\t\t\t\t<div class=\"elementor-column elementor-col-33 elementor-inner-column elementor-element elementor-element-1f476bf\" data-id=\"1f476bf\" data-element_type=\"column\">\n\t\t\t<div class=\"elementor-widget-wrap elementor-element-populated\">\n\t\t\t\t\t\t<div class=\"elementor-element elementor-element-1b14674 elementor-widget elementor-widget-tp-wp-login-register\" data-id=\"1b14674\" data-element_type=\"widget\" data-widget_type=\"tp-wp-login-register.default\">\n\t\t\t\t<div class=\"elementor-widget-container\">\n\t\t\t\t\t<div class=\"tp-wp-lrcf \">\t\t\t\n\t\t\t\t<div id=\"lr1b14674\" class=\"tp-user-login tp-user-login-skin-default\">\n\t\t\t\t\t<div class=\"elementor-form-fields-wrapper\">\t\t\t\t\t\t\n\t\t\t\t\t\t\t\t\t\t\t\t\t<div class=\"tp-modal-header\">\n\t\t\t\t\t\t\t<h2 class=\"tp-modal-title\"><span tp-icon=\"user\"><\/span> <p>Zaloguj sie<\/p>\n<\/h2>\n\t\t\t\t\t\t<\/div>\n\t\t\t\t\t\t\t\t\t\t\t\t\t\t\t\n\t\t<form id=\"tp-user-loginlr1b14674\" class=\"tp-form-stacked \" method=\"post\" action=\"login\">\n\t\t\t<div class=\"tp-user-login-status\"><\/div>\n\t\t\t<div class=\"tp-field-group tp-l-lr-user-name\">\n\t\t\t\t<label for=\"userlr1b14674\" class=\"tp-form-label\">Email<\/label><div class=\"tp-form-controls\"><input type=\"text\" name=\"log\" id=\"userlr1b14674\" placeholder=\"Nazwa u\u017cytkownika lub email\" class=\"tp-input\" required><\/div>\t\t\t<\/div>\n\n\t\t\t<div class=\"tp-field-group tp-l-lr-password\">\n\t\t\t\t<label for=\"passwordlr1b14674\" class=\"tp-form-label\">Has\u0142o<\/label><div class=\"tp-form-controls\"><input type=\"password\" name=\"pwd\" id=\"passwordlr1b14674\" placeholder=\"Has\u0142o\" class=\"tp-input\" required><\/div>\t\t\t<\/div>\n\n\t\t\t\t\t\t\t<div class=\"tp-field-group tp-remember-me\">\n\t\t\t\t\t<label for=\"remember-me-lr1b14674\" class=\"tp-form-label\">\n\t\t\t\t\t\t<input type=\"checkbox\" id=\"remember-me-lr1b14674\" class=\"tp-checkbox\" name=\"rememberme\" value=\"forever\"> \n\t\t\t\t\t\t<label class=\"remember-me-label\" for=\"remember-me-lr1b14674\">Zapami\u0119taj mnie<\/label>\n\t\t\t\t\t<\/label>\n\t\t\t\t<\/div>\n\t\t\t\t\t\t\n\t\t\t<div class=\"elementor-field-type-submit tp-field-group\">\n\t\t\t\t<button type=\"submit\" class=\"tp-button\" name=\"wp-submit\">\n\t\t\t\t\t\t\t\t\t\t\t<span>Zaloguj si\u0119<\/span>\n\t\t\t\t\t\t\t\t\t<\/button>\n\t\t\t<\/div>\n\n\t\t\t\t\t\t\t<div class=\"tp-field-group  tp-user-login-password\">\n\t\t\t\t\t   \n\t\t\t\t\t\t\t\t\t\t\t<a  href=\"#\" class=\"tp-lost-password\">Zapomnia\u0142e\u015b has\u0142a?<\/a>\n\t\t\t\t\t\n\t\t\t\t\t\t\t\t\t\t\n\t\t\t\t<\/div>\n\t\t\t\t\t\t\n\t\t\t<input type=\"hidden\" id=\"tp-user-login-sc\" name=\"tp-user-login-sc\" value=\"c74fe720d2\" \/><input type=\"hidden\" name=\"_wp_http_referer\" value=\"\/pl\/wp-json\/wp\/v2\/pages\/9770\" \/><div class=\"theplus-notification\"><div class=\"tp-lr-response\"><\/div><\/div>\t\t<\/form>\n\t\t\t\t\t<form id=\"tp-user-lost-passwordlr1b14674\" class=\"tp-form-stacked-fp\" method=\"post\" action=\"forgot-password\" >\n\t\t\t<a class=\"tp-lpu-back\"><i aria-hidden=\"true\" class=\"fa fa-arrow-circle-left\"><\/i><\/a>\t\t\t<span class=\"tp-forgot-password-label\">Lost your password?<\/span>\t\t\t<div class=\"tp-ulp-input-group\">\n\t\t\t\t<input type=\"text\" name=\"user_login\" id=\"user_loginlr1b14674\" placeholder=\"Email\" class=\"tp-input\" required>\n\t\t\t<\/div>\n\t\t\t\t\t\t<input type=\"hidden\" name=\"_tp_login_form\" value=\"lostPassword\">\n\t\t\t<button type=\"submit\" class=\"tp-button-fp\">Link do resetowania wiadomo\u015bci e-mail<\/button>\t\t\t\n\t\t\t<div class=\"theplus-notification\"><div class=\"tp-lr-response\"><\/div><\/div>\n\t\t\t\n\t\t<\/form>\n\t\t\n\t\t\t\t<script type=\"text\/javascript\">\n\t\t\tjQuery(document).ready(function($) {\n\t\t\t\t\n\t\t\t\tvar forgot_pass_form = 'form#tp-user-lost-passwordlr1b14674';\n\t\t\t\tvar fp_loading_text='<span class=\"loading-spinner-fp\"><i class=\"fas fa-spinner fa-pulse fa-3x fa-fw\"><\/i><\/span>Prosz\u0119 czeka\u0107\u2026';\n\t\t\t\tvar fp_loading='<span class=\"loading-spinner-reg\"><i class=\"far fa-times-circle\" aria-hidden=\"true\"><\/i><\/span>';\n\t\t\t\tvar fp_correct_email='<span class=\"loading-spinner-reg\"><i class=\"far fa-envelope\" aria-hidden=\"true\"><\/i><\/span>Mail wys\u0142any. Sprawd\u017a swoj\u0105 skrzynk\u0119 pocztow\u0105.';\n\t\t\t\tvar fp_err_msg='<span class=\"loading-spinner-reg\"><i class=\"far fa-envelope\" aria-hidden=\"true\"><\/i><\/span>Co\u015b posz\u0142o nie tak. Prosz\u0119 spr\u00f3buj ponownie.';\n\t\t\t\t\n\t\t\t\t$(forgot_pass_form).on('submit', function(e){\n\t\t\t\t\t$.ajax({\n\t\t\t\t\t\ttype: 'POST',\n\t\t\t\t\t\tdataType: 'json',\n\t\t\t\t\t\turl: theplus_ajax_url,\n\t\t\t\t\t\tdata: { \n\t\t\t\t\t\t\t'action': 'theplus_ajax_forgot_password',\n\t\t\t\t\t\t\t'user_login': $(forgot_pass_form + ' #user_loginlr1b14674').val(),\n\t\t\t\t\t\t\t'tpforgotdata': 'N0ZVQW51cXBaZEFlNVA3ZDdWVmI1L2lRSVhHMStHZkRMQVg0Zk1yZFJjQXdJUFJ4VytqUXZmR3FVMFVKVks4bXA1NW9KTE53S1kzb1BQUDlpcGp5UnU0VW5ZSkM3T01mRkJsMysyQ1BKRlkrd09QUEJhajVkNC83NWJTeFBaTlBiS2lMclRuWGtXTWF4dHFJamh0NzBMUVNzYTNvOWhVNENZM2gyZTFaTG9xeitUUW5UMzBETHhxcEt5aWZoS2V5Wk5GNFdTajNkT1N3N0d1eUN1RHFJdGxITU12TVV5WXJQRmxZK3FoeTE0dC9NaGlzOFBpNGljWEM5MWdZMEFvOFRXZ3N4amw2aFExdVlEZE1US3V6UzZ5R2UwdXEyTjY3YU1IMzFCeGh1SU9OYmc1L2d4azBwbEJYaGNOaGJ1bTcwbmFnUjZ0WktKcXVqV1ZxcTM3VWR1cHhPSjgzWGtoU2JhWld2WExoVURUSHQzM0l2Ry83V1JQY0tLNjZuUVQ4QmpzMjNhZlZ4Q3dLNmdUWXhQS0J2T092SlFyVXY4WTNzN2l4dDBTL282NVk3eDBUVkQ4OTJnTmZ0YlFjNlVHMlhEL0Rtc0U1ZUJkVHV0WUdnWVNPbHQ4M2xNbEc2c0JXSWNMMmJ3Z1RXTHM9',\n\t\t\t\t\t\t},\n\t\t\t\t\t\tbeforeSend: function(){\t\t\t\t\t\t\t\n\t\t\t\t\t\t\t$(\"#tp-user-lost-passwordlr1b14674 .theplus-notification\").addClass(\"active\");\n\t\t\t\t\t\t\t$(\"#tp-user-lost-passwordlr1b14674 .theplus-notification .tp-lr-response\").html(fp_loading_text);\n\t\t\t\t\t\t},\n\t\t\t\t\t\tsuccess: function(data) {\n\t\t\t\t\t\t\n\t\t\t\t\t\t\t\tif(data.message){\n\t\t\t\t\t\t\t\t\t$(\"#tp-user-lost-passwordlr1b14674 .theplus-notification\").addClass(\"active\");\n\t\t\t\t\t\t\t\t\t$(\"#tp-user-lost-passwordlr1b14674 .theplus-notification .tp-lr-response\").html(fp_loading + data.message);\n\t\t\t\t\t\t\t\t}else{\n\t\t\t\t\t\t\t\t\t$(\"#tp-user-lost-passwordlr1b14674 .theplus-notification\").addClass(\"active\");\n\t\t\t\t\t\t\t\t\t$(\"#tp-user-lost-passwordlr1b14674 .theplus-notification .tp-lr-response\").html(fp_loading + 'Is Not Working Server Issue...');\n\t\t\t\t\t\t\t\t}\n\t\t\t\t\t\t},\n\t\t\t\t\t\tcomplete: function(){\n\t\t\t\t\t\t\tsetTimeout(function(){\n\t\t\t\t\t\t\t\t$(\"#tp-user-lost-passwordlr1b14674 .theplus-notification\").removeClass(\"active\");\t\n\t\t\t\t\t\t\t}, 3200);\n\t\t\t\t\t\t}\n\t\t\t\t\t});\n\t\t\t\t\te.preventDefault();\n\t\t\t\t\t\n\t\t\t\t});\n\t\t\t\n\t\t\t});\n\t\t<\/script>\n\t\t\t\t\t\t\t<\/div>\n\t\t\t\t<\/div>\n\t\t\t\t\t\t\t\n\t\t<script type=\"text\/javascript\">\n\t\t\tjQuery(document).ready(function($) {\t\t\t\t\n\t\t\t\t\/\/login start\n\t\t\t\tvar login_form = 'form#tp-user-loginlr1b14674';\n\t\t\t\tvar loading_text='<span class=\"loading-spinner-log\"><i class=\"fas fa-spinner fa-pulse fa-3x fa-fw\"><\/i><\/span>Prosz\u0119 czeka\u0107\u2026';\n\t\t\t\tvar notverify='<span class=\"loading-spinner-log\"><i class=\"far fa-times-circle\" aria-hidden=\"true\"><\/i><\/span>Ops! Z\u0142a nazwa u\u017cytkownika lub has\u0142o!';\n\t\t\t\tvar incorrect_text='<span class=\"loading-spinner-log\"><i class=\"far fa-times-circle\" aria-hidden=\"true\"><\/i><\/span>Co\u015b posz\u0142o nie tak. Prosz\u0119 spr\u00f3buj ponownie.';\n\t\t\t\tvar correct_text='<span class=\"loading-spinner-log\"><i class=\"far fa-envelope\" aria-hidden=\"true\"><\/i><\/span>Logowanie zako\u0144czone sukcesem.';\n\t\t\t\t\t\t\t\n\t\t\t\t\n\t\t\t\t$(login_form).on('submit', function(e){\t\t\t        \n\t\t\t\t\t$.ajax({\n\t\t\t\t\t\ttype: 'POST',\n\t\t\t\t\t\tdataType: 'json',\n\t\t\t\t\t\turl: theplus_ajax_url,\n\t\t\t\t\t\tdata: { \n\t\t\t\t\t\t\t'action': 'theplus_ajax_login',\n\t\t\t\t\t\t\t'username': $(login_form + ' #userlr1b14674').val(), \n\t\t\t\t\t\t\t'password': $(login_form + ' #passwordlr1b14674').val(), \n\t\t\t\t\t\t\t'security': $(login_form + ' #tp-user-login-sc').val() \n\t\t\t\t\t\t},\n\t\t\t\t\t\tbeforeSend: function(){\t\t\t\t\t\t\t\n\t\t\t\t\t\t\t$(\"#tp-user-loginlr1b14674 .theplus-notification\").addClass(\"active\");\n\t\t\t\t\t\t\t$(\"#tp-user-loginlr1b14674 .theplus-notification .tp-lr-response\").html(loading_text);\n\t\t\t\t\t\t},\n\t\t\t\t\t\tsuccess: function(data) {\t\t\t\t\t\t\t\n\t\t\t\t\t\t\tif (data.loggedin == true){\n\t\t\t\t\t\t\t\t$(\"#tp-user-loginlr1b14674 .theplus-notification\").addClass(\"active\");\n\t\t\t\t\t\t\t\t$(\"#tp-user-loginlr1b14674 .theplus-notification .tp-lr-response\").html(correct_text);\n\t\t\t\t\t\t\t\tdocument.location.href = 'https:\/\/senquality.eu\/pl\/moj-plan-dzialania\/';\n\t\t\t\t\t\t\t} else {\n\t\t\t\t\t\t\t\t$(\"#tp-user-loginlr1b14674 .theplus-notification\").addClass(\"active\");\n\t\t\t\t\t\t\t\t$(\"#tp-user-loginlr1b14674 .theplus-notification .tp-lr-response\").html(notverify);\n\t\t\t\t\t\t\t}\n\t\t\t\t\t\t},\n\t\t\t\t\t\terror: function(data) {\n\t\t\t\t\t\t\t$(\"#tp-user-loginlr1b14674 .theplus-notification\").addClass(\"active\");\n\t\t\t\t\t\t\t$(\"#tp-user-loginlr1b14674 .theplus-notification .tp-lr-response\").html(incorrect_text);\n\t\t\t\t\t\t},\n\t\t\t\t\t\tcomplete: function(){\n\t\t\t\t\t\t\tsetTimeout(function(){\n\t\t\t\t\t\t\t\t\t\t$(\"#tp-user-loginlr1b14674 .theplus-notification\").removeClass(\"active\");\t\n\t\t\t\t\t\t\t\t\t}, 1500);\n\t\t\t\t\t\t}\n\t\t\t\t\t});\n\t\t\t\t\te.preventDefault();\n\t\t\t\t\n\t\t\t\t});\n\t\t\t\t\n\t\t\t\t\/*hover*\/\t\t\t\t\n\t\t\t\t$(\"#lr1b14674.tp-user-login.tp-user-login-skin-dropdown,#lr1b14674.tp-user-login.tp-user-login-skin-dropdown .lr-extra-div\").on( \"mouseenter\",function() {\n\t\t\t\t\t$('#lr1b14674.tp-user-login.tp-user-login-skin-dropdown .lr-extra-div').show('slow')\n\t\t\t\t}).on( \"mouseleave\",function() {\n\t\t\t\t\tsetTimeout(function() {\n\t\t\t\t\tif(!($('#lr1b14674.tp-user-login.tp-user-login-skin-dropdown:hover').length > 0))\n\t\t\t\t\t\t$('#lr1b14674.tp-user-login.tp-user-login-skin-dropdown .lr-extra-div').hide('slow');\n\t\t\t\t\t}, 200);\n\t\t\t\t});\n\t\t\t\t\/*hover*\/\n\t\t\t\t\/*click popup*\/\n\t\t\t\t$(\"#lr1b14674.tp-user-login .tp-lr-model-btn\").on(\"click\",function(){\n\t\t\t\t\t$(\"#lr1b14674.tp-user-login.tp-user-login-skin-modal .tp-modal-dialog\").toggle('slow');\n\t\t\t\t});\n\t\t\t\t\/*close icon*\/\n\t\t\t\t$(\"#lr1b14674.tp-user-login .lr-close-custom_img\").on(\"click\",function(){\t\t\t\t\t\n\t\t\t\t\t$(\"#lr1b14674.tp-user-login.tp-user-login-skin-modal .tp-modal-dialog\").toggle('slow');\t\t\t\t\t\n\t\t\t\t});\n\t\t\t\t\n\t\t\t\t\/*close icon*\/\n\t\t\t\t\/*click popup*\/\n\t\t\t\t\/*popup*\/\n\t\t\t\t$('#lr1b14674.tp-user-login.tp-user-login-skin-popup .tp-ulsp-trigger').on(\"click\",function() {\n\t\t\t\t\t$('#lr1b14674.tp-user-login.tp-user-login-skin-popup .tp-modal-wrapper').toggleClass('open');\n\t\t\t\t\t$('#lr1b14674.tp-user-login.tp-user-login-skin-popup .tp-ulsp-page-wrapper').toggleClass('blur');\n\t\t\t\t\treturn false;\n\t\t\t\t\t});\n\t\t\t\t\/*popup*\/\n\t\t\t\n\t\t\t\t\/*lost password*\/\n\t\t\t\t\t$(\"#tp-user-loginlr1b14674 .tp-lost-password\").on(\"click\",function(){\t\t\t\t\t\n\t\t\t\t\t\t$(\"#tp-user-lost-passwordlr1b14674.tp-form-stacked-fp \").toggle();\n\t\t\t\t\t});\n\t\t\t\t\t  \n\t\t\t\t\t\/*back*\/\n\t\t\t\t\t$(\"#tp-user-lost-passwordlr1b14674.tp-form-stacked-fp .tp-lpu-back\").on(\"click\",function(){\t\t\t\t\t\n\t\t\t\t\t\t$(\"#tp-user-lost-passwordlr1b14674.tp-form-stacked-fp\").hide();\n\t\t\t\t\t});\n\t\t\t\t\t\/*back*\/\n\t\t\t\t\/*lost password*\/\n\t\t\t});\n\t\t<\/script>\n\t\t\t\t\t\t\n\t\t<\/div>\n\t\t\t\t\t\t<\/div>\n\t\t\t\t<\/div>\n\t\t\t\t\t<\/div>\n\t\t<\/div>\n\t\t\t\t<div class=\"elementor-column elementor-col-33 elementor-inner-column elementor-element elementor-element-6935169\" data-id=\"6935169\" data-element_type=\"column\">\n\t\t\t<div class=\"elementor-widget-wrap\">\n\t\t\t\t\t\t\t<\/div>\n\t\t<\/div>\n\t\t\t\t\t<\/div>\n\t\t<\/section>\n\t\t\t\t<div class=\"elementor-element elementor-element-aa79cb1 elementor-widget elementor-widget-spacer\" data-id=\"aa79cb1\" data-element_type=\"widget\" data-widget_type=\"spacer.default\">\n\t\t\t\t<div class=\"elementor-widget-container\">\n\t\t\t\t\t\t\t<div class=\"elementor-spacer\">\n\t\t\t<div class=\"elementor-spacer-inner\"><\/div>\n\t\t<\/div>\n\t\t\t\t\t\t<\/div>\n\t\t\t\t<\/div>\n\t\t\t\t\t<\/div>\n\t\t<\/div>\n\t\t\t\t\t<\/div>\n\t\t<\/section>\n\t\t\t\t<\/div>\n\t\t","protected":false},"excerpt":{"rendered":"<p>giorgos Edytuj profil Wyloguj<\/p>\n","protected":false},"author":7,"featured_media":0,"parent":0,"menu_order":0,"comment_status":"closed","ping_status":"closed","template":"","meta":{"site-sidebar-layout":"no-sidebar","site-content-layout":"page-builder","ast-site-content-layout":"","site-content-style":"default","site-sidebar-style":"default","ast-global-header-display":"","ast-banner-title-visibility":"","ast-main-header-display":"","ast-hfb-above-header-display":"","ast-hfb-below-header-display":"","ast-hfb-mobile-header-display":"","site-post-title":"disabled","ast-breadcrumbs-content":"","ast-featured-img":"disabled","footer-sml-layout":"","theme-transparent-header-meta":"","adv-header-id-meta":"","stick-header-meta":"","header-above-stick-meta":"","header-main-stick-meta":"","header-below-stick-meta":"","astra-migrate-meta-layouts":"default","ast-page-background-enabled":"default","ast-page-background-meta":{"desktop":{"background-color":"","background-image":"","background-repeat":"repeat","background-position":"center center","background-size":"auto","background-attachment":"scroll","background-type":"","background-media":"","overlay-type":"","overlay-color":"","overlay-opacity":"","overlay-gradient":""},"tablet":{"background-color":"","background-image":"","background-repeat":"repeat","background-position":"center center","background-size":"auto","background-attachment":"scroll","background-type":"","background-media":"","overlay-type":"","overlay-color":"","overlay-opacity":"","overlay-gradient":""},"mobile":{"background-color":"","background-image":"","background-repeat":"repeat","background-position":"center center","background-size":"auto","background-attachment":"scroll","background-type":"","background-media":"","overlay-type":"","overlay-color":"","overlay-opacity":"","overlay-gradient":""}},"ast-content-background-meta":{"desktop":{"background-color":"var(--ast-global-color-5)","background-image":"","background-repeat":"repeat","background-position":"center center","background-size":"auto","background-attachment":"scroll","background-type":"","background-media":"","overlay-type":"","overlay-color":"","overlay-opacity":"","overlay-gradient":""},"tablet":{"background-color":"var(--ast-global-color-5)","background-image":"","background-repeat":"repeat","background-position":"center center","background-size":"auto","background-attachment":"scroll","background-type":"","background-media":"","overlay-type":"","overlay-color":"","overlay-opacity":"","overlay-gradient":""},"mobile":{"background-color":"var(--ast-global-color-5)","background-image":"","background-repeat":"repeat","background-position":"center center","background-size":"auto","background-attachment":"scroll","background-type":"","background-media":"","overlay-type":"","overlay-color":"","overlay-opacity":"","overlay-gradient":""}},"footnotes":""},"_links":{"self":[{"href":"https:\/\/senquality.eu\/pl\/wp-json\/wp\/v2\/pages\/9770"}],"collection":[{"href":"https:\/\/senquality.eu\/pl\/wp-json\/wp\/v2\/pages"}],"about":[{"href":"https:\/\/senquality.eu\/pl\/wp-json\/wp\/v2\/types\/page"}],"author":[{"embeddable":true,"href":"https:\/\/senquality.eu\/pl\/wp-json\/wp\/v2\/users\/7"}],"replies":[{"embeddable":true,"href":"https:\/\/senquality.eu\/pl\/wp-json\/wp\/v2\/comments?post=9770"}],"version-history":[{"count":1,"href":"https:\/\/senquality.eu\/pl\/wp-json\/wp\/v2\/pages\/9770\/revisions"}],"predecessor-version":[{"id":9771,"href":"https:\/\/senquality.eu\/pl\/wp-json\/wp\/v2\/pages\/9770\/revisions\/9771"}],"wp:attachment":[{"href":"https:\/\/senquality.eu\/pl\/wp-json\/wp\/v2\/media?parent=9770"}],"curies":[{"name":"wp","href":"https:\/\/api.w.org\/{rel}","templated":true}]}}