{"id":9723,"date":"2023-01-16T08:32:05","date_gmt":"2023-01-16T07:32:05","guid":{"rendered":"https:\/\/senquality.eu\/finanse\/"},"modified":"2023-03-24T15:09:32","modified_gmt":"2023-03-24T14:09:32","slug":"finanse","status":"publish","type":"page","link":"https:\/\/senquality.eu\/pl\/finanse\/","title":{"rendered":"Finanse"},"content":{"rendered":"\t\t<div data-elementor-type=\"wp-page\" data-elementor-id=\"9723\" class=\"elementor elementor-9723 elementor-9954\">\n\t\t\t\t\t\t<section class=\"elementor-section elementor-top-section elementor-element elementor-element-9c05528 elementor-section-boxed elementor-section-height-default elementor-section-height-default\" data-id=\"9c05528\" data-element_type=\"section\">\n\t\t\t\t\t\t<div class=\"elementor-container elementor-column-gap-default\">\n\t\t\t\t\t<div class=\"elementor-column elementor-col-100 elementor-top-column elementor-element elementor-element-d95fe6a\" data-id=\"d95fe6a\" data-element_type=\"column\">\n\t\t\t<div class=\"elementor-widget-wrap elementor-element-populated\">\n\t\t\t\t\t\t<div class=\"elementor-element elementor-element-84a55ac elementor-widget elementor-widget-spacer\" data-id=\"84a55ac\" data-element_type=\"widget\" data-widget_type=\"spacer.default\">\n\t\t\t\t<div class=\"elementor-widget-container\">\n\t\t\t\t\t\t\t<div class=\"elementor-spacer\">\n\t\t\t<div class=\"elementor-spacer-inner\"><\/div>\n\t\t<\/div>\n\t\t\t\t\t\t<\/div>\n\t\t\t\t<\/div>\n\t\t\t\t<div class=\"elementor-element elementor-element-9f4206f elementor-widget elementor-widget-text-editor\" data-id=\"9f4206f\" data-element_type=\"widget\" data-widget_type=\"text-editor.default\">\n\t\t\t\t<div class=\"elementor-widget-container\">\n\t\t\t\t\t\t\t\t\t<p><img decoding=\"async\" style=\"float: left; margin: 1px 20px 1px 1px;\" src=\"https:\/\/senquality.eu\/wp-content\/uploads\/2022\/08\/zielscheibe.png\" width=\"100px\" \/>Wa\u017cny klucz do stabilno\u015bci i planowania przysz\u0142o\u015bci z pewno\u015bci\u0105 dotyczy planowania finans\u00f3w i tego, jak radzimy sobie z przep\u0142ywami pieni\u0119\u017cnymi w \u017cyciu codziennym. Oczywi\u015bcie pieni\u0105dze to nie wszystko, ale maj\u0105 znaczenie, dlatego musimy dok\u0142adnie wiedzie\u0107, co mo\u017cemy zrobi\u0107, aby w\u0142a\u015bciwie nimi zarz\u0105dza\u0107. Z jednej strony musimy sprawdzi\u0107, jak przeznaczamy nasze wydatki, az drugiej, jak inwestujemy to, co zaoszcz\u0119dzimy. W szczeg\u00f3lno\u015bci formy ochrony staj\u0105 si\u0119 coraz wa\u017cniejsze, aby chroni\u0107 nasz\u0105 przysz\u0142o\u015b\u0107.<\/p><p>Obejrzyj nasz film wprowadzaj\u0105cy, aby dowiedzie\u0107 si\u0119, dlaczego staranne planowanie codziennego \u017cycia, \u015bledzenie tego, ile wydajemy i ile zarabiamy, jest tak wa\u017cne. W spo\u0142ecze\u0144stwie, w kt\u00f3rym mno\u017c\u0105 si\u0119 problemy, a nacisk na us\u0142ugi publiczne ro\u015bnie, odporno\u015b\u0107 finansowa mo\u017ce by\u0107 kluczem do wielu niefortunnych zdarze\u0144 lub po prostu do \u017cycia, z kt\u00f3rego jeste\u015bmy zadowoleni.\u00a0\u00a0<\/p>\t\t\t\t\t\t\t\t<\/div>\n\t\t\t\t<\/div>\n\t\t\t\t<div class=\"elementor-element elementor-element-720bae5 elementor-widget elementor-widget-video\" data-id=\"720bae5\" data-element_type=\"widget\" data-settings=\"{&quot;youtube_url&quot;:&quot;https:\\\/\\\/youtu.be\\\/Yq1LaVWWLoo&quot;,&quot;show_image_overlay&quot;:&quot;yes&quot;,&quot;image_overlay&quot;:{&quot;url&quot;:&quot;https:\\\/\\\/senquality.eu\\\/wp-content\\\/uploads\\\/2022\\\/09\\\/finances_vid_featured.jpg&quot;,&quot;id&quot;:8602,&quot;size&quot;:&quot;&quot;,&quot;alt&quot;:&quot;&quot;,&quot;source&quot;:&quot;library&quot;},&quot;video_type&quot;:&quot;youtube&quot;,&quot;controls&quot;:&quot;yes&quot;}\" data-widget_type=\"video.default\">\n\t\t\t\t<div class=\"elementor-widget-container\">\n\t\t\t\t\t\t\t<div class=\"elementor-wrapper elementor-open-inline\">\n\t\t\t<div class=\"elementor-video\"><\/div>\t\t\t\t<div class=\"elementor-custom-embed-image-overlay\" style=\"background-image: url(https:\/\/senquality.eu\/wp-content\/uploads\/2022\/09\/finances_vid_featured.jpg);\">\n\t\t\t\t\t\t\t\t\t\t\t\t\t\t\t\t<div class=\"elementor-custom-embed-play\" role=\"button\" aria-label=\"Odtw\u00f3rz wideo\" tabindex=\"0\">\n\t\t\t\t\t\t\t<i aria-hidden=\"true\" class=\"eicon-play\"><\/i>\t\t\t\t\t\t<\/div>\n\t\t\t\t\t\t\t\t\t<\/div>\n\t\t\t\t\t<\/div>\n\t\t\t\t\t\t<\/div>\n\t\t\t\t<\/div>\n\t\t\t\t<section class=\"elementor-section elementor-inner-section elementor-element elementor-element-fcc9cb0 elementor-section-boxed elementor-section-height-default elementor-section-height-default\" data-id=\"fcc9cb0\" data-element_type=\"section\">\n\t\t\t\t\t\t<div class=\"elementor-container elementor-column-gap-default\">\n\t\t\t\t\t<div class=\"elementor-column elementor-col-50 elementor-inner-column elementor-element elementor-element-ea3a379\" data-id=\"ea3a379\" data-element_type=\"column\">\n\t\t\t<div class=\"elementor-widget-wrap\">\n\t\t\t\t\t\t\t<\/div>\n\t\t<\/div>\n\t\t\t\t<div class=\"elementor-column elementor-col-50 elementor-inner-column elementor-element elementor-element-72a09b3\" data-id=\"72a09b3\" data-element_type=\"column\">\n\t\t\t<div class=\"elementor-widget-wrap\">\n\t\t\t\t\t\t\t<\/div>\n\t\t<\/div>\n\t\t\t\t\t<\/div>\n\t\t<\/section>\n\t\t\t\t<div class=\"elementor-element elementor-element-28de1cd elementor-widget elementor-widget-spacer\" data-id=\"28de1cd\" data-element_type=\"widget\" data-widget_type=\"spacer.default\">\n\t\t\t\t<div class=\"elementor-widget-container\">\n\t\t\t\t\t\t\t<div class=\"elementor-spacer\">\n\t\t\t<div class=\"elementor-spacer-inner\"><\/div>\n\t\t<\/div>\n\t\t\t\t\t\t<\/div>\n\t\t\t\t<\/div>\n\t\t\t\t<div class=\"elementor-element elementor-element-9632566 elementor-widget elementor-widget-spacer\" data-id=\"9632566\" data-element_type=\"widget\" data-widget_type=\"spacer.default\">\n\t\t\t\t<div class=\"elementor-widget-container\">\n\t\t\t\t\t\t\t<div class=\"elementor-spacer\">\n\t\t\t<div class=\"elementor-spacer-inner\"><\/div>\n\t\t<\/div>\n\t\t\t\t\t\t<\/div>\n\t\t\t\t<\/div>\n\t\t\t\t\t<\/div>\n\t\t<\/div>\n\t\t\t\t\t<\/div>\n\t\t<\/section>\n\t\t\t\t<section class=\"elementor-section elementor-top-section elementor-element elementor-element-92eed5b elementor-section-boxed elementor-section-height-default elementor-section-height-default\" data-id=\"92eed5b\" data-element_type=\"section\">\n\t\t\t\t\t\t<div class=\"elementor-container elementor-column-gap-default\">\n\t\t\t\t\t<div class=\"elementor-column elementor-col-33 elementor-top-column elementor-element elementor-element-d2937e6\" data-id=\"d2937e6\" data-element_type=\"column\">\n\t\t\t<div class=\"elementor-widget-wrap elementor-element-populated\">\n\t\t\t\t\t\t<div class=\"elementor-element elementor-element-6ad6ed5 elementor-align-center elementor-button-info elementor-widget elementor-widget-button\" data-id=\"6ad6ed5\" data-element_type=\"widget\" data-widget_type=\"button.default\">\n\t\t\t\t<div class=\"elementor-widget-container\">\n\t\t\t\t\t\t\t\t\t<div class=\"elementor-button-wrapper\">\n\t\t\t\t\t<a class=\"elementor-button elementor-button-link elementor-size-sm\" href=\"https:\/\/senquality.eu\/pl\/finances-self-assessment\/\">\n\t\t\t\t\t\t<span class=\"elementor-button-content-wrapper\">\n\t\t\t\t\t\t\t\t\t<span class=\"elementor-button-text\">Samoocena<\/span>\n\t\t\t\t\t<\/span>\n\t\t\t\t\t<\/a>\n\t\t\t\t<\/div>\n\t\t\t\t\t\t\t\t<\/div>\n\t\t\t\t<\/div>\n\t\t\t\t<div class=\"elementor-element elementor-element-dc47178 elementor-widget elementor-widget-text-editor\" data-id=\"dc47178\" data-element_type=\"widget\" data-widget_type=\"text-editor.default\">\n\t\t\t\t<div class=\"elementor-widget-container\">\n\t\t\t\t\t\t\t\t\t<p style=\"text-align: center;\">Jaka jest Twoja obecna sytuacja finansowa, co z Twoj\u0105 znajomo\u015bci\u0105 finans\u00f3w i przesz\u0142ymi przygotowaniami &#8211; zastan\u00f3wmy si\u0119 razem!<\/p>\n\t\t\t\t\t\t\t\t<\/div>\n\t\t\t\t<\/div>\n\t\t\t\t\t<\/div>\n\t\t<\/div>\n\t\t\t\t<div class=\"elementor-column elementor-col-33 elementor-top-column elementor-element elementor-element-f480a64\" data-id=\"f480a64\" data-element_type=\"column\">\n\t\t\t<div class=\"elementor-widget-wrap elementor-element-populated\">\n\t\t\t\t\t\t<div class=\"elementor-element elementor-element-3e6b128 elementor-align-center elementor-button-info elementor-widget elementor-widget-button\" data-id=\"3e6b128\" data-element_type=\"widget\" data-widget_type=\"button.default\">\n\t\t\t\t<div class=\"elementor-widget-container\">\n\t\t\t\t\t\t\t\t\t<div class=\"elementor-button-wrapper\">\n\t\t\t\t\t<a class=\"elementor-button elementor-button-link elementor-size-sm\" href=\"https:\/\/senquality.eu\/pl\/finances-goal-setting\/\">\n\t\t\t\t\t\t<span class=\"elementor-button-content-wrapper\">\n\t\t\t\t\t\t\t\t\t<span class=\"elementor-button-text\">Plan dzia\u0142ania<\/span>\n\t\t\t\t\t<\/span>\n\t\t\t\t\t<\/a>\n\t\t\t\t<\/div>\n\t\t\t\t\t\t\t\t<\/div>\n\t\t\t\t<\/div>\n\t\t\t\t<div class=\"elementor-element elementor-element-326d7be elementor-widget elementor-widget-text-editor\" data-id=\"326d7be\" data-element_type=\"widget\" data-widget_type=\"text-editor.default\">\n\t\t\t\t<div class=\"elementor-widget-container\">\n\t\t\t\t\t\t\t\t\t<p style=\"text-align: center;\">Jakie masz cele na dalsze \u017cycie? Popracujmy nad Twoj\u0105 gotowo\u015bci\u0105 finansow\u0105 na p\u00f3\u017aniejsze \u017cycie.<\/p>\n\t\t\t\t\t\t\t\t<\/div>\n\t\t\t\t<\/div>\n\t\t\t\t\t<\/div>\n\t\t<\/div>\n\t\t\t\t<div class=\"elementor-column elementor-col-33 elementor-top-column elementor-element elementor-element-ea20823\" data-id=\"ea20823\" data-element_type=\"column\">\n\t\t\t<div class=\"elementor-widget-wrap elementor-element-populated\">\n\t\t\t\t\t\t<div class=\"elementor-element elementor-element-34cc740 elementor-align-center elementor-button-info elementor-widget elementor-widget-button\" data-id=\"34cc740\" data-element_type=\"widget\" data-widget_type=\"button.default\">\n\t\t\t\t<div class=\"elementor-widget-container\">\n\t\t\t\t\t\t\t\t\t<div class=\"elementor-button-wrapper\">\n\t\t\t\t\t<a class=\"elementor-button elementor-button-link elementor-size-sm\" href=\"https:\/\/senquality.eu\/pl\/domains\/\">\n\t\t\t\t\t\t<span class=\"elementor-button-content-wrapper\">\n\t\t\t\t\t\t<span class=\"elementor-button-icon\">\n\t\t\t\t<i aria-hidden=\"true\" class=\"fas fa-arrow-left\"><\/i>\t\t\t<\/span>\n\t\t\t\t\t\t\t\t\t<span class=\"elementor-button-text\">Wr\u00f3\u0107 do listy domen<\/span>\n\t\t\t\t\t<\/span>\n\t\t\t\t\t<\/a>\n\t\t\t\t<\/div>\n\t\t\t\t\t\t\t\t<\/div>\n\t\t\t\t<\/div>\n\t\t\t\t\t<\/div>\n\t\t<\/div>\n\t\t\t\t\t<\/div>\n\t\t<\/section>\n\t\t\t\t<\/div>\n\t\t","protected":false},"excerpt":{"rendered":"<p>Wa\u017cny klucz do stabilno\u015bci i planowania przysz\u0142o\u015bci z pewno\u015bci\u0105 dotyczy planowania finans\u00f3w i tego, jak radzimy sobie z przep\u0142ywami pieni\u0119\u017cnymi w \u017cyciu codziennym. Oczywi\u015bcie pieni\u0105dze to nie wszystko, ale maj\u0105 znaczenie, dlatego musimy dok\u0142adnie wiedzie\u0107, co mo\u017cemy zrobi\u0107, aby w\u0142a\u015bciwie nimi zarz\u0105dza\u0107. Z jednej strony musimy sprawdzi\u0107, jak przeznaczamy nasze wydatki, az drugiej, jak inwestujemy [&hellip;]<\/p>\n","protected":false},"author":3,"featured_media":0,"parent":0,"menu_order":0,"comment_status":"closed","ping_status":"closed","template":"","meta":{"site-sidebar-layout":"no-sidebar","site-content-layout":"page-builder","ast-site-content-layout":"","site-content-style":"default","site-sidebar-style":"default","ast-global-header-display":"","ast-banner-title-visibility":"","ast-main-header-display":"","ast-hfb-above-header-display":"","ast-hfb-below-header-display":"","ast-hfb-mobile-header-display":"","site-post-title":"disabled","ast-breadcrumbs-content":"","ast-featured-img":"disabled","footer-sml-layout":"","theme-transparent-header-meta":"","adv-header-id-meta":"","stick-header-meta":"","header-above-stick-meta":"","header-main-stick-meta":"","header-below-stick-meta":"","astra-migrate-meta-layouts":"default","ast-page-background-enabled":"default","ast-page-background-meta":{"desktop":{"background-color":"","background-image":"","background-repeat":"repeat","background-position":"center center","background-size":"auto","background-attachment":"scroll","background-type":"","background-media":"","overlay-type":"","overlay-color":"","overlay-opacity":"","overlay-gradient":""},"tablet":{"background-color":"","background-image":"","background-repeat":"repeat","background-position":"center center","background-size":"auto","background-attachment":"scroll","background-type":"","background-media":"","overlay-type":"","overlay-color":"","overlay-opacity":"","overlay-gradient":""},"mobile":{"background-color":"","background-image":"","background-repeat":"repeat","background-position":"center center","background-size":"auto","background-attachment":"scroll","background-type":"","background-media":"","overlay-type":"","overlay-color":"","overlay-opacity":"","overlay-gradient":""}},"ast-content-background-meta":{"desktop":{"background-color":"var(--ast-global-color-5)","background-image":"","background-repeat":"repeat","background-position":"center center","background-size":"auto","background-attachment":"scroll","background-type":"","background-media":"","overlay-type":"","overlay-color":"","overlay-opacity":"","overlay-gradient":""},"tablet":{"background-color":"var(--ast-global-color-5)","background-image":"","background-repeat":"repeat","background-position":"center center","background-size":"auto","background-attachment":"scroll","background-type":"","background-media":"","overlay-type":"","overlay-color":"","overlay-opacity":"","overlay-gradient":""},"mobile":{"background-color":"var(--ast-global-color-5)","background-image":"","background-repeat":"repeat","background-position":"center center","background-size":"auto","background-attachment":"scroll","background-type":"","background-media":"","overlay-type":"","overlay-color":"","overlay-opacity":"","overlay-gradient":""}},"footnotes":""},"_links":{"self":[{"href":"https:\/\/senquality.eu\/pl\/wp-json\/wp\/v2\/pages\/9723"}],"collection":[{"href":"https:\/\/senquality.eu\/pl\/wp-json\/wp\/v2\/pages"}],"about":[{"href":"https:\/\/senquality.eu\/pl\/wp-json\/wp\/v2\/types\/page"}],"author":[{"embeddable":true,"href":"https:\/\/senquality.eu\/pl\/wp-json\/wp\/v2\/users\/3"}],"replies":[{"embeddable":true,"href":"https:\/\/senquality.eu\/pl\/wp-json\/wp\/v2\/comments?post=9723"}],"version-history":[{"count":10,"href":"https:\/\/senquality.eu\/pl\/wp-json\/wp\/v2\/pages\/9723\/revisions"}],"predecessor-version":[{"id":11103,"href":"https:\/\/senquality.eu\/pl\/wp-json\/wp\/v2\/pages\/9723\/revisions\/11103"}],"wp:attachment":[{"href":"https:\/\/senquality.eu\/pl\/wp-json\/wp\/v2\/media?parent=9723"}],"curies":[{"name":"wp","href":"https:\/\/api.w.org\/{rel}","templated":true}]}}