{"id":3142,"date":"2021-05-19T08:31:27","date_gmt":"2021-05-19T06:31:27","guid":{"rendered":"https:\/\/senquality.eu\/o-projekcie\/"},"modified":"2021-09-27T12:46:37","modified_gmt":"2021-09-27T10:46:37","slug":"o-projekcie","status":"publish","type":"page","link":"https:\/\/senquality.eu\/pl\/o-projekcie\/","title":{"rendered":"O PROJEKCIE"},"content":{"rendered":"\t\t<div data-elementor-type=\"wp-page\" data-elementor-id=\"3142\" class=\"elementor elementor-3142 elementor-604\">\n\t\t\t\t\t\t<section class=\"elementor-section elementor-top-section elementor-element elementor-element-1f116fb elementor-section-boxed elementor-section-height-default elementor-section-height-default\" data-id=\"1f116fb\" data-element_type=\"section\">\n\t\t\t\t\t\t<div class=\"elementor-container elementor-column-gap-default\">\n\t\t\t\t\t<div class=\"elementor-column elementor-col-100 elementor-top-column elementor-element elementor-element-b8a091a\" data-id=\"b8a091a\" data-element_type=\"column\">\n\t\t\t<div class=\"elementor-widget-wrap elementor-element-populated\">\n\t\t\t\t\t\t<div class=\"elementor-element elementor-element-40c8c27 elementor-widget elementor-widget-spacer\" data-id=\"40c8c27\" data-element_type=\"widget\" data-widget_type=\"spacer.default\">\n\t\t\t\t<div class=\"elementor-widget-container\">\n\t\t\t\t\t\t\t<div class=\"elementor-spacer\">\n\t\t\t<div class=\"elementor-spacer-inner\"><\/div>\n\t\t<\/div>\n\t\t\t\t\t\t<\/div>\n\t\t\t\t<\/div>\n\t\t\t\t\t<\/div>\n\t\t<\/div>\n\t\t\t\t\t<\/div>\n\t\t<\/section>\n\t\t\t\t<section class=\"elementor-section elementor-top-section elementor-element elementor-element-1c2c8c1 elementor-section-boxed elementor-section-height-default elementor-section-height-default\" data-id=\"1c2c8c1\" data-element_type=\"section\">\n\t\t\t\t\t\t<div class=\"elementor-container elementor-column-gap-default\">\n\t\t\t\t\t<div class=\"elementor-column elementor-col-100 elementor-top-column elementor-element elementor-element-cd9d924\" data-id=\"cd9d924\" data-element_type=\"column\">\n\t\t\t<div class=\"elementor-widget-wrap elementor-element-populated\">\n\t\t\t\t\t\t<div class=\"elementor-element elementor-element-ff550a4 elementor-widget elementor-widget-spacer\" data-id=\"ff550a4\" data-element_type=\"widget\" data-widget_type=\"spacer.default\">\n\t\t\t\t<div class=\"elementor-widget-container\">\n\t\t\t\t\t\t\t<div class=\"elementor-spacer\">\n\t\t\t<div class=\"elementor-spacer-inner\"><\/div>\n\t\t<\/div>\n\t\t\t\t\t\t<\/div>\n\t\t\t\t<\/div>\n\t\t\t\t\t<\/div>\n\t\t<\/div>\n\t\t\t\t\t<\/div>\n\t\t<\/section>\n\t\t\t\t<section class=\"elementor-section elementor-top-section elementor-element elementor-element-3a3a580 elementor-section-boxed elementor-section-height-default elementor-section-height-default\" data-id=\"3a3a580\" data-element_type=\"section\">\n\t\t\t\t\t\t<div class=\"elementor-container elementor-column-gap-default\">\n\t\t\t\t\t<div class=\"elementor-column elementor-col-100 elementor-top-column elementor-element elementor-element-c8727c4\" data-id=\"c8727c4\" data-element_type=\"column\">\n\t\t\t<div class=\"elementor-widget-wrap elementor-element-populated\">\n\t\t\t\t\t\t<div class=\"elementor-element elementor-element-84f9cba elementor-widget elementor-widget-heading\" data-id=\"84f9cba\" data-element_type=\"widget\" data-widget_type=\"heading.default\">\n\t\t\t\t<div class=\"elementor-widget-container\">\n\t\t\t\t\t<h3 class=\"elementor-heading-title elementor-size-default\">Zaplanuj jesie\u0144 swojego \u017cycia<\/h3>\t\t\t\t<\/div>\n\t\t\t\t<\/div>\n\t\t\t\t<div class=\"elementor-element elementor-element-1faa4e1 elementor-widget elementor-widget-text-editor\" data-id=\"1faa4e1\" data-element_type=\"widget\" data-widget_type=\"text-editor.default\">\n\t\t\t\t<div class=\"elementor-widget-container\">\n\t\t\t\t\t\t\t\t\t<p class=\"western\" lang=\"en-US\" align=\"justify\">SenQuality ma podnosi\u0107 \u015bwiadomo\u015b\u0107 znaczenia planowania staro\u015bci w pozytywny spos\u00f3b oraz zaoferowa\u0107 \u0142atwo dost\u0119pne i elastyczne narz\u0119dzie do planowania w\u0142asnych dzia\u0142a\u0144. Priorytetem projektu jest indywidualne przygotowanie do staro\u015bci w celu wspierania dobrego samopoczucia w trzecim i czwartym etapie \u017cycia (przyp. t\u0142um.: 4 etapy \u017cycia cz\u0142owieka to dzieci\u0144stwo, m\u0142odo\u015b\u0107 i burzliwy okres dojrzewania, wiek dojrza\u0142y, jesie\u0144 \u017cycia).<br \/>\nW projekcie SenQuality starzenie si\u0119 rozumiemy jako wielowymiarowy proces, kt\u00f3ry wp\u0142ywa na \u017cycie na r\u00f3\u017cne sposoby. Dlatego te\u017c skupiamy si\u0119 nie tylko na przygotowaniu finansowym czy zdrowiu, ale \u0142\u0105cznie na 9 wzajemnie powi\u0105zanych dziedzinach \u017cycia tj.: finansach, nag\u0142ych wypadkach i wyj\u0105tkowych okoliczno\u015bciach, sprawno\u015bci psychicznej i fizycznej, mieszkaniu, wygl\u0105dzie zewn\u0119trznym, relacjach spo\u0142ecznych, zdrowiu, sposobach sp\u0119dzania wolnego czasu i stylu \u017cycia oraz pracy i zatrudnieniu. Podej\u015bcie to oparli\u015bmy na pracach badaczy Anny E. Kornadt i Klausa Rothermunda.<\/p>\n\t\t\t\t\t\t\t\t<\/div>\n\t\t\t\t<\/div>\n\t\t\t\t<div class=\"elementor-element elementor-element-8f29411 elementor-widget elementor-widget-spacer\" data-id=\"8f29411\" data-element_type=\"widget\" data-widget_type=\"spacer.default\">\n\t\t\t\t<div class=\"elementor-widget-container\">\n\t\t\t\t\t\t\t<div class=\"elementor-spacer\">\n\t\t\t<div class=\"elementor-spacer-inner\"><\/div>\n\t\t<\/div>\n\t\t\t\t\t\t<\/div>\n\t\t\t\t<\/div>\n\t\t\t\t\t<\/div>\n\t\t<\/div>\n\t\t\t\t\t<\/div>\n\t\t<\/section>\n\t\t\t\t<section class=\"elementor-section elementor-top-section elementor-element elementor-element-af960cc elementor-section-content-middle elementor-section-boxed elementor-section-height-default elementor-section-height-default\" data-id=\"af960cc\" data-element_type=\"section\">\n\t\t\t\t\t\t<div class=\"elementor-container elementor-column-gap-default\">\n\t\t\t\t\t<div class=\"elementor-column elementor-col-66 elementor-top-column elementor-element elementor-element-9fa1b40\" data-id=\"9fa1b40\" data-element_type=\"column\">\n\t\t\t<div class=\"elementor-widget-wrap elementor-element-populated\">\n\t\t\t\t\t\t<div class=\"elementor-element elementor-element-b5f6eac elementor-widget elementor-widget-text-editor\" data-id=\"b5f6eac\" data-element_type=\"widget\" data-widget_type=\"text-editor.default\">\n\t\t\t\t<div class=\"elementor-widget-container\">\n\t\t\t\t\t\t\t\t\t<h3>Cele projektu to:<\/h3>\n<ul>\n<li>podnoszenie \u015bwiadomo\u015bci w\u015br\u00f3d doros\u0142ych i organizacji na temat znaczenia planowania staro\u015bci,<\/li>\n<li>motywowanie do podj\u0119cia niezb\u0119dnych dzia\u0142a\u0144 przygotowawczych do trzeciego i czwartego etapu \u017cycia,<\/li>\n<li>opracowanie podr\u0119cznika, w kt\u00f3rym okre\u015blone zostan\u0105 obszary, w kt\u00f3rych doro\u015bli mog\u0105 przygotowa\u0107 si\u0119 do jesieni \u017cycia,<\/li>\n<li>stworzenie platformy cyfrowej opartej na autorefleksji dla samodzielnego planowania jesieni \u017cycia,<\/li>\n<li>dostarczenie narz\u0119dzia do tworzenia planu dzia\u0142ania, zgodnego z osobistymi celami planuj\u0105cego.<\/li>\n<\/ul>\n\t\t\t\t\t\t\t\t<\/div>\n\t\t\t\t<\/div>\n\t\t\t\t\t<\/div>\n\t\t<\/div>\n\t\t\t\t<div class=\"elementor-column elementor-col-33 elementor-top-column elementor-element elementor-element-4dc604c\" data-id=\"4dc604c\" data-element_type=\"column\">\n\t\t\t<div class=\"elementor-widget-wrap elementor-element-populated\">\n\t\t\t\t\t\t<div class=\"elementor-element elementor-element-8ce0683 elementor-widget elementor-widget-image\" data-id=\"8ce0683\" data-element_type=\"widget\" data-widget_type=\"image.default\">\n\t\t\t\t<div class=\"elementor-widget-container\">\n\t\t\t\t\t\t\t\t\t\t\t\t\t\t\t<img fetchpriority=\"high\" decoding=\"async\" width=\"250\" height=\"250\" src=\"https:\/\/senquality.eu\/wp-content\/uploads\/2021\/01\/objectives-banner-250px.png\" class=\"attachment-large size-large wp-image-2716\" alt=\"project\" srcset=\"https:\/\/senquality.eu\/wp-content\/uploads\/2021\/01\/objectives-banner-250px.png 250w, https:\/\/senquality.eu\/wp-content\/uploads\/2021\/01\/objectives-banner-250px-150x150.png 150w\" sizes=\"(max-width: 250px) 100vw, 250px\" \/>\t\t\t\t\t\t\t\t\t\t\t\t\t\t\t<\/div>\n\t\t\t\t<\/div>\n\t\t\t\t\t<\/div>\n\t\t<\/div>\n\t\t\t\t\t<\/div>\n\t\t<\/section>\n\t\t\t\t<section class=\"elementor-section elementor-top-section elementor-element elementor-element-55bd915 elementor-section-boxed elementor-section-height-default elementor-section-height-default\" data-id=\"55bd915\" data-element_type=\"section\">\n\t\t\t\t\t\t<div class=\"elementor-container elementor-column-gap-default\">\n\t\t\t\t\t<div class=\"elementor-column elementor-col-100 elementor-top-column elementor-element elementor-element-82d6799\" data-id=\"82d6799\" data-element_type=\"column\">\n\t\t\t<div class=\"elementor-widget-wrap elementor-element-populated\">\n\t\t\t\t\t\t<div class=\"elementor-element elementor-element-dd7099c elementor-widget elementor-widget-spacer\" data-id=\"dd7099c\" data-element_type=\"widget\" data-widget_type=\"spacer.default\">\n\t\t\t\t<div class=\"elementor-widget-container\">\n\t\t\t\t\t\t\t<div class=\"elementor-spacer\">\n\t\t\t<div class=\"elementor-spacer-inner\"><\/div>\n\t\t<\/div>\n\t\t\t\t\t\t<\/div>\n\t\t\t\t<\/div>\n\t\t\t\t\t<\/div>\n\t\t<\/div>\n\t\t\t\t\t<\/div>\n\t\t<\/section>\n\t\t\t\t<section class=\"elementor-section elementor-top-section elementor-element elementor-element-c86c7d4 elementor-section-content-middle elementor-section-boxed elementor-section-height-default elementor-section-height-default\" data-id=\"c86c7d4\" data-element_type=\"section\">\n\t\t\t\t\t\t<div class=\"elementor-container elementor-column-gap-default\">\n\t\t\t\t\t<div class=\"elementor-column elementor-col-33 elementor-top-column elementor-element elementor-element-e2ad1c1\" data-id=\"e2ad1c1\" data-element_type=\"column\">\n\t\t\t<div class=\"elementor-widget-wrap elementor-element-populated\">\n\t\t\t\t\t\t<div class=\"elementor-element elementor-element-c961c91 elementor-widget elementor-widget-image\" data-id=\"c961c91\" data-element_type=\"widget\" data-widget_type=\"image.default\">\n\t\t\t\t<div class=\"elementor-widget-container\">\n\t\t\t\t\t\t\t\t\t\t\t\t\t\t\t<img decoding=\"async\" width=\"250\" height=\"250\" src=\"https:\/\/senquality.eu\/wp-content\/uploads\/2021\/01\/impact-banner@250px.png\" class=\"attachment-large size-large wp-image-2720\" alt=\"project impact\" srcset=\"https:\/\/senquality.eu\/wp-content\/uploads\/2021\/01\/impact-banner@250px.png 250w, https:\/\/senquality.eu\/wp-content\/uploads\/2021\/01\/impact-banner@250px-150x150.png 150w\" sizes=\"(max-width: 250px) 100vw, 250px\" \/>\t\t\t\t\t\t\t\t\t\t\t\t\t\t\t<\/div>\n\t\t\t\t<\/div>\n\t\t\t\t\t<\/div>\n\t\t<\/div>\n\t\t\t\t<div class=\"elementor-column elementor-col-66 elementor-top-column elementor-element elementor-element-4128b78\" data-id=\"4128b78\" data-element_type=\"column\">\n\t\t\t<div class=\"elementor-widget-wrap elementor-element-populated\">\n\t\t\t\t\t\t<div class=\"elementor-element elementor-element-5ae6107 elementor-widget elementor-widget-text-editor\" data-id=\"5ae6107\" data-element_type=\"widget\" data-widget_type=\"text-editor.default\">\n\t\t\t\t<div class=\"elementor-widget-container\">\n\t\t\t\t\t\t\t\t\t<h3>WP\u0141YW<\/h3>\n<ul>\n<li>Zrozumienie potrzeby przygotowywania si\u0119 do staro\u015bci w r\u00f3\u017cnych dziedzinach \u017cycia<\/li>\n<li>\tWi\u0119ksza akceptacja praktycznych zastosowa\u0144 przygotowuj\u0105cych do zmian zwi\u0105zanych z wiekiem<\/li>\n<li>Motywacja do podj\u0119cia dzia\u0142a\u0144 przygotowawczych<\/li>\n<li>Inicjatywa do nauki i aktywnej refleksji nad przysz\u0142o\u015bci\u0105<\/li>\n<li>Zaoferowanie nowego i atrakcyjnego narz\u0119dzia online do planowania jesieni \u017cycia <\/li>\n<li>Zrozumienie europejskiego wymiaru problemu demograficznego oraz konieczno\u015bci przygotowywania si\u0119 do staro\u015bci poprzez por\u00f3wnanie sytuacji i przyk\u0142ad\u00f3w dobrych praktyk z innych kraj\u00f3w<\/li>\n<\/ul>\n\t\t\t\t\t\t\t\t<\/div>\n\t\t\t\t<\/div>\n\t\t\t\t\t<\/div>\n\t\t<\/div>\n\t\t\t\t\t<\/div>\n\t\t<\/section>\n\t\t\t\t<section class=\"elementor-section elementor-top-section elementor-element elementor-element-1a48cbb elementor-section-boxed elementor-section-height-default elementor-section-height-default\" data-id=\"1a48cbb\" data-element_type=\"section\">\n\t\t\t\t\t\t<div class=\"elementor-container elementor-column-gap-default\">\n\t\t\t\t\t<div class=\"elementor-column elementor-col-100 elementor-top-column elementor-element elementor-element-eaade34\" data-id=\"eaade34\" data-element_type=\"column\">\n\t\t\t<div class=\"elementor-widget-wrap elementor-element-populated\">\n\t\t\t\t\t\t<div class=\"elementor-element elementor-element-9fbf4c1 elementor-widget elementor-widget-spacer\" data-id=\"9fbf4c1\" data-element_type=\"widget\" data-widget_type=\"spacer.default\">\n\t\t\t\t<div class=\"elementor-widget-container\">\n\t\t\t\t\t\t\t<div class=\"elementor-spacer\">\n\t\t\t<div class=\"elementor-spacer-inner\"><\/div>\n\t\t<\/div>\n\t\t\t\t\t\t<\/div>\n\t\t\t\t<\/div>\n\t\t\t\t<div class=\"elementor-element elementor-element-ca0c726 elementor-widget elementor-widget-heading\" data-id=\"ca0c726\" data-element_type=\"widget\" data-widget_type=\"heading.default\">\n\t\t\t\t<div class=\"elementor-widget-container\">\n\t\t\t\t\t<h3 class=\"elementor-heading-title elementor-size-default\">GRUPY DOCELOWE<\/h3>\t\t\t\t<\/div>\n\t\t\t\t<\/div>\n\t\t\t\t<div class=\"elementor-element elementor-element-d021654 elementor-widget elementor-widget-image\" data-id=\"d021654\" data-element_type=\"widget\" data-widget_type=\"image.default\">\n\t\t\t\t<div class=\"elementor-widget-container\">\n\t\t\t\t\t\t\t\t\t\t\t\t\t\t\t<img decoding=\"async\" width=\"1200\" height=\"560\" src=\"https:\/\/senquality.eu\/wp-content\/uploads\/2021\/03\/target-groups-banner.png\" class=\"attachment-full size-full wp-image-2736\" alt=\"project target groups\" srcset=\"https:\/\/senquality.eu\/wp-content\/uploads\/2021\/03\/target-groups-banner.png 1200w, https:\/\/senquality.eu\/wp-content\/uploads\/2021\/03\/target-groups-banner-300x140.png 300w, https:\/\/senquality.eu\/wp-content\/uploads\/2021\/03\/target-groups-banner-1024x478.png 1024w, https:\/\/senquality.eu\/wp-content\/uploads\/2021\/03\/target-groups-banner-768x358.png 768w\" sizes=\"(max-width: 1200px) 100vw, 1200px\" \/>\t\t\t\t\t\t\t\t\t\t\t\t\t\t\t<\/div>\n\t\t\t\t<\/div>\n\t\t\t\t<section class=\"elementor-section elementor-inner-section elementor-element elementor-element-eb60fd0 elementor-section-boxed elementor-section-height-default elementor-section-height-default\" data-id=\"eb60fd0\" data-element_type=\"section\">\n\t\t\t\t\t\t<div class=\"elementor-container elementor-column-gap-default\">\n\t\t\t\t\t<div class=\"elementor-column elementor-col-33 elementor-inner-column elementor-element elementor-element-9051f65\" data-id=\"9051f65\" data-element_type=\"column\">\n\t\t\t<div class=\"elementor-widget-wrap elementor-element-populated\">\n\t\t\t\t\t\t<div class=\"elementor-element elementor-element-5142788 elementor-widget elementor-widget-text-editor\" data-id=\"5142788\" data-element_type=\"widget\" data-widget_type=\"text-editor.default\">\n\t\t\t\t<div class=\"elementor-widget-container\">\n\t\t\t\t\t\t\t\t\t<h3 style=\"text-align: center;\">Bezpo\u015brednie<\/h3>\n<ul>\n<li>doro\u015bli w \u015brednim wieku <\/li>\n<li>aktywni seniorzy<\/li>\n<\/ul>\n\t\t\t\t\t\t\t\t<\/div>\n\t\t\t\t<\/div>\n\t\t\t\t\t<\/div>\n\t\t<\/div>\n\t\t\t\t<div class=\"elementor-column elementor-col-33 elementor-inner-column elementor-element elementor-element-ffbfb0c\" data-id=\"ffbfb0c\" data-element_type=\"column\">\n\t\t\t<div class=\"elementor-widget-wrap elementor-element-populated\">\n\t\t\t\t\t\t<div class=\"elementor-element elementor-element-6737c73 elementor-widget elementor-widget-text-editor\" data-id=\"6737c73\" data-element_type=\"widget\" data-widget_type=\"text-editor.default\">\n\t\t\t\t<div class=\"elementor-widget-container\">\n\t\t\t\t\t\t\t\t\t<h3 style=\"text-align: center;\">Po\u015brednie<\/h3>\n<ul>\n<li>edukatorzy doros\u0142ych<\/li>\n<li>doradcy zawodowi<\/li>\n<li>\tpsychologowie<\/li>\n<li>pracownicy dom\u00f3w kultury <\/li>\n<li>\tspecjali\u015bci pracuj\u0105cy w tematach zwi\u0105zanych ze starzeniem si\u0119<\/li>\n<\/ul>\n\t\t\t\t\t\t\t\t<\/div>\n\t\t\t\t<\/div>\n\t\t\t\t\t<\/div>\n\t\t<\/div>\n\t\t\t\t<div class=\"elementor-column elementor-col-33 elementor-inner-column elementor-element elementor-element-405e2dd\" data-id=\"405e2dd\" data-element_type=\"column\">\n\t\t\t<div class=\"elementor-widget-wrap elementor-element-populated\">\n\t\t\t\t\t\t<div class=\"elementor-element elementor-element-57cc737 elementor-widget elementor-widget-text-editor\" data-id=\"57cc737\" data-element_type=\"widget\" data-widget_type=\"text-editor.default\">\n\t\t\t\t<div class=\"elementor-widget-container\">\n\t\t\t\t\t\t\t\t\t<h3 style=\"text-align: center;\">Interesariusze<\/h3>\n<ul>\n<li>\tw\u0142adze lokalne i regionalne w krajach organizacji uczestnicz\u0105cych w projekcie<\/li>\n<li>organizacje pozarz\u0105dowe i stowarzyszenia zajmuj\u0105ce si\u0119 wspieraniem os\u00f3b starszych<\/li>\n<li>uniwersytety, w tym uniwersytety trzeciego wieku<\/li>\n<li>o\u015brodki badawcze<\/li>\n<li>dostawcy us\u0142ug edukacyjnych dla doros\u0142ych<\/li>\n<\/ul>\n\t\t\t\t\t\t\t\t<\/div>\n\t\t\t\t<\/div>\n\t\t\t\t\t<\/div>\n\t\t<\/div>\n\t\t\t\t\t<\/div>\n\t\t<\/section>\n\t\t\t\t<div class=\"elementor-element elementor-element-7f6546a elementor-widget elementor-widget-spacer\" data-id=\"7f6546a\" data-element_type=\"widget\" data-widget_type=\"spacer.default\">\n\t\t\t\t<div class=\"elementor-widget-container\">\n\t\t\t\t\t\t\t<div class=\"elementor-spacer\">\n\t\t\t<div class=\"elementor-spacer-inner\"><\/div>\n\t\t<\/div>\n\t\t\t\t\t\t<\/div>\n\t\t\t\t<\/div>\n\t\t\t\t<section class=\"elementor-section elementor-inner-section elementor-element elementor-element-1856766 elementor-section-boxed elementor-section-height-default elementor-section-height-default\" data-id=\"1856766\" data-element_type=\"section\">\n\t\t\t\t\t\t<div class=\"elementor-container elementor-column-gap-default\">\n\t\t\t\t\t<div class=\"elementor-column elementor-col-50 elementor-inner-column elementor-element elementor-element-65dda71\" data-id=\"65dda71\" data-element_type=\"column\">\n\t\t\t<div class=\"elementor-widget-wrap elementor-element-populated\">\n\t\t\t\t\t\t<div class=\"elementor-element elementor-element-fb705f6 elementor-widget elementor-widget-text-editor\" data-id=\"fb705f6\" data-element_type=\"widget\" data-widget_type=\"text-editor.default\">\n\t\t\t\t<div class=\"elementor-widget-container\">\n\t\t\t\t\t\t\t\t\t<h3 style=\"text-align: center;\">plakat<\/h3>\t\t\t\t\t\t\t\t<\/div>\n\t\t\t\t<\/div>\n\t\t\t\t<div class=\"elementor-element elementor-element-ce34ad5 elementor-widget elementor-widget-image\" data-id=\"ce34ad5\" data-element_type=\"widget\" data-widget_type=\"image.default\">\n\t\t\t\t<div class=\"elementor-widget-container\">\n\t\t\t\t\t\t\t\t\t\t\t\t\t\t\t\t<a href=\"https:\/\/senquality.eu\/wp-content\/uploads\/2021\/09\/SenQuality-A3-Poster-PL.pdf\" target=\"_blank\">\n\t\t\t\t\t\t\t<img loading=\"lazy\" decoding=\"async\" width=\"600\" height=\"336\" src=\"https:\/\/senquality.eu\/wp-content\/uploads\/2021\/09\/SenQuality-Poster-Mockup-PL.png\" class=\"attachment-large size-large wp-image-4679\" alt=\"\" srcset=\"https:\/\/senquality.eu\/wp-content\/uploads\/2021\/09\/SenQuality-Poster-Mockup-PL.png 600w, https:\/\/senquality.eu\/wp-content\/uploads\/2021\/09\/SenQuality-Poster-Mockup-PL-300x168.png 300w\" sizes=\"(max-width: 600px) 100vw, 600px\" \/>\t\t\t\t\t\t\t\t<\/a>\n\t\t\t\t\t\t\t\t\t\t\t\t\t\t\t<\/div>\n\t\t\t\t<\/div>\n\t\t\t\t\t<\/div>\n\t\t<\/div>\n\t\t\t\t<div class=\"elementor-column elementor-col-50 elementor-inner-column elementor-element elementor-element-0dcfcf8\" data-id=\"0dcfcf8\" data-element_type=\"column\">\n\t\t\t<div class=\"elementor-widget-wrap elementor-element-populated\">\n\t\t\t\t\t\t<div class=\"elementor-element elementor-element-2d6025f elementor-widget elementor-widget-text-editor\" data-id=\"2d6025f\" data-element_type=\"widget\" data-widget_type=\"text-editor.default\">\n\t\t\t\t<div class=\"elementor-widget-container\">\n\t\t\t\t\t\t\t\t\t<h3 style=\"text-align: center;\">broszura<\/h3>\n\t\t\t\t\t\t\t\t<\/div>\n\t\t\t\t<\/div>\n\t\t\t\t<div class=\"elementor-element elementor-element-05a6f9a elementor-widget elementor-widget-image\" data-id=\"05a6f9a\" data-element_type=\"widget\" data-widget_type=\"image.default\">\n\t\t\t\t<div class=\"elementor-widget-container\">\n\t\t\t\t\t\t\t\t\t\t\t\t\t\t\t\t<a href=\"https:\/\/senquality.eu\/wp-content\/uploads\/2021\/09\/SenQuality-Trifold-Brochure-PL.pdf\" target=\"_blank\">\n\t\t\t\t\t\t\t<img loading=\"lazy\" decoding=\"async\" width=\"600\" height=\"336\" src=\"https:\/\/senquality.eu\/wp-content\/uploads\/2021\/09\/SenQuality-Trifold-Brochure-PL.png\" class=\"attachment-large size-large wp-image-4465\" alt=\"SenQuality-Trifold-Brochure-PL\" srcset=\"https:\/\/senquality.eu\/wp-content\/uploads\/2021\/09\/SenQuality-Trifold-Brochure-PL.png 600w, https:\/\/senquality.eu\/wp-content\/uploads\/2021\/09\/SenQuality-Trifold-Brochure-PL-300x168.png 300w\" sizes=\"(max-width: 600px) 100vw, 600px\" \/>\t\t\t\t\t\t\t\t<\/a>\n\t\t\t\t\t\t\t\t\t\t\t\t\t\t\t<\/div>\n\t\t\t\t<\/div>\n\t\t\t\t\t<\/div>\n\t\t<\/div>\n\t\t\t\t\t<\/div>\n\t\t<\/section>\n\t\t\t\t<div class=\"elementor-element elementor-element-ddae18d elementor-widget elementor-widget-spacer\" data-id=\"ddae18d\" data-element_type=\"widget\" data-widget_type=\"spacer.default\">\n\t\t\t\t<div class=\"elementor-widget-container\">\n\t\t\t\t\t\t\t<div class=\"elementor-spacer\">\n\t\t\t<div class=\"elementor-spacer-inner\"><\/div>\n\t\t<\/div>\n\t\t\t\t\t\t<\/div>\n\t\t\t\t<\/div>\n\t\t\t\t\t<\/div>\n\t\t<\/div>\n\t\t\t\t\t<\/div>\n\t\t<\/section>\n\t\t\t\t<section class=\"elementor-section elementor-top-section elementor-element elementor-element-f50958b elementor-section-content-middle elementor-section-boxed elementor-section-height-default elementor-section-height-default\" data-id=\"f50958b\" data-element_type=\"section\">\n\t\t\t\t\t\t<div class=\"elementor-container elementor-column-gap-default\">\n\t\t\t\t\t<div class=\"elementor-column elementor-col-50 elementor-top-column elementor-element elementor-element-5c6c0e2\" data-id=\"5c6c0e2\" data-element_type=\"column\">\n\t\t\t<div class=\"elementor-widget-wrap\">\n\t\t\t\t\t\t\t<\/div>\n\t\t<\/div>\n\t\t\t\t<div class=\"elementor-column elementor-col-50 elementor-top-column elementor-element elementor-element-e057d3b\" data-id=\"e057d3b\" data-element_type=\"column\">\n\t\t\t<div class=\"elementor-widget-wrap\">\n\t\t\t\t\t\t\t<\/div>\n\t\t<\/div>\n\t\t\t\t\t<\/div>\n\t\t<\/section>\n\t\t\t\t<\/div>\n\t\t","protected":false},"excerpt":{"rendered":"<p>Zaplanuj jesie\u0144 swojego \u017cycia SenQuality ma podnosi\u0107 \u015bwiadomo\u015b\u0107 znaczenia planowania staro\u015bci w pozytywny spos\u00f3b oraz zaoferowa\u0107 \u0142atwo dost\u0119pne i elastyczne narz\u0119dzie do planowania w\u0142asnych dzia\u0142a\u0144. Priorytetem projektu jest indywidualne przygotowanie do staro\u015bci w celu wspierania dobrego samopoczucia w trzecim i czwartym etapie \u017cycia (przyp. t\u0142um.: 4 etapy \u017cycia cz\u0142owieka to dzieci\u0144stwo, m\u0142odo\u015b\u0107 i burzliwy okres [&hellip;]<\/p>\n","protected":false},"author":2,"featured_media":6781,"parent":0,"menu_order":0,"comment_status":"closed","ping_status":"closed","template":"elementor_header_footer","meta":{"site-sidebar-layout":"no-sidebar","site-content-layout":"page-builder","ast-site-content-layout":"","site-content-style":"default","site-sidebar-style":"default","ast-global-header-display":"","ast-banner-title-visibility":"","ast-main-header-display":"","ast-hfb-above-header-display":"","ast-hfb-below-header-display":"","ast-hfb-mobile-header-display":"","site-post-title":"disabled","ast-breadcrumbs-content":"","ast-featured-img":"disabled","footer-sml-layout":"","theme-transparent-header-meta":"enabled","adv-header-id-meta":"","stick-header-meta":"default","header-above-stick-meta":"","header-main-stick-meta":"","header-below-stick-meta":"","astra-migrate-meta-layouts":"default","ast-page-background-enabled":"default","ast-page-background-meta":{"desktop":{"background-color":"","background-image":"","background-repeat":"repeat","background-position":"center center","background-size":"auto","background-attachment":"scroll","background-type":"","background-media":"","overlay-type":"","overlay-color":"","overlay-opacity":"","overlay-gradient":""},"tablet":{"background-color":"","background-image":"","background-repeat":"repeat","background-position":"center center","background-size":"auto","background-attachment":"scroll","background-type":"","background-media":"","overlay-type":"","overlay-color":"","overlay-opacity":"","overlay-gradient":""},"mobile":{"background-color":"","background-image":"","background-repeat":"repeat","background-position":"center center","background-size":"auto","background-attachment":"scroll","background-type":"","background-media":"","overlay-type":"","overlay-color":"","overlay-opacity":"","overlay-gradient":""}},"ast-content-background-meta":{"desktop":{"background-color":"var(--ast-global-color-5)","background-image":"","background-repeat":"repeat","background-position":"center center","background-size":"auto","background-attachment":"scroll","background-type":"","background-media":"","overlay-type":"","overlay-color":"","overlay-opacity":"","overlay-gradient":""},"tablet":{"background-color":"var(--ast-global-color-5)","background-image":"","background-repeat":"repeat","background-position":"center center","background-size":"auto","background-attachment":"scroll","background-type":"","background-media":"","overlay-type":"","overlay-color":"","overlay-opacity":"","overlay-gradient":""},"mobile":{"background-color":"var(--ast-global-color-5)","background-image":"","background-repeat":"repeat","background-position":"center center","background-size":"auto","background-attachment":"scroll","background-type":"","background-media":"","overlay-type":"","overlay-color":"","overlay-opacity":"","overlay-gradient":""}},"footnotes":""},"_links":{"self":[{"href":"https:\/\/senquality.eu\/pl\/wp-json\/wp\/v2\/pages\/3142"}],"collection":[{"href":"https:\/\/senquality.eu\/pl\/wp-json\/wp\/v2\/pages"}],"about":[{"href":"https:\/\/senquality.eu\/pl\/wp-json\/wp\/v2\/types\/page"}],"author":[{"embeddable":true,"href":"https:\/\/senquality.eu\/pl\/wp-json\/wp\/v2\/users\/2"}],"replies":[{"embeddable":true,"href":"https:\/\/senquality.eu\/pl\/wp-json\/wp\/v2\/comments?post=3142"}],"version-history":[{"count":13,"href":"https:\/\/senquality.eu\/pl\/wp-json\/wp\/v2\/pages\/3142\/revisions"}],"predecessor-version":[{"id":4701,"href":"https:\/\/senquality.eu\/pl\/wp-json\/wp\/v2\/pages\/3142\/revisions\/4701"}],"wp:featuredmedia":[{"embeddable":true,"href":"https:\/\/senquality.eu\/pl\/wp-json\/wp\/v2\/media\/6781"}],"wp:attachment":[{"href":"https:\/\/senquality.eu\/pl\/wp-json\/wp\/v2\/media?parent=3142"}],"curies":[{"name":"wp","href":"https:\/\/api.w.org\/{rel}","templated":true}]}}