{"id":2838,"date":"2021-05-18T15:52:30","date_gmt":"2021-05-18T13:52:30","guid":{"rendered":"https:\/\/senquality.eu\/ramy-analizy\/"},"modified":"2023-04-26T10:59:34","modified_gmt":"2023-04-26T08:59:34","slug":"ramy-analizy","status":"publish","type":"page","link":"https:\/\/senquality.eu\/pl\/ramy-analizy\/","title":{"rendered":"Ramy analizy"},"content":{"rendered":"\t\t<div data-elementor-type=\"wp-page\" data-elementor-id=\"2838\" class=\"elementor elementor-2838 elementor-3433\">\n\t\t\t\t\t\t<section class=\"elementor-section elementor-top-section elementor-element elementor-element-cf99e77 elementor-section-boxed elementor-section-height-default elementor-section-height-default\" data-id=\"cf99e77\" data-element_type=\"section\">\n\t\t\t\t\t\t<div class=\"elementor-container elementor-column-gap-default\">\n\t\t\t\t\t<div class=\"elementor-column elementor-col-100 elementor-top-column elementor-element elementor-element-b94b51b\" data-id=\"b94b51b\" data-element_type=\"column\">\n\t\t\t<div class=\"elementor-widget-wrap elementor-element-populated\">\n\t\t\t\t\t\t<div class=\"elementor-element elementor-element-7d90af9 elementor-widget elementor-widget-spacer\" data-id=\"7d90af9\" data-element_type=\"widget\" data-widget_type=\"spacer.default\">\n\t\t\t\t<div class=\"elementor-widget-container\">\n\t\t\t\t\t\t\t<div class=\"elementor-spacer\">\n\t\t\t<div class=\"elementor-spacer-inner\"><\/div>\n\t\t<\/div>\n\t\t\t\t\t\t<\/div>\n\t\t\t\t<\/div>\n\t\t\t\t<div class=\"elementor-element elementor-element-f5f89dc elementor-widget elementor-widget-spacer\" data-id=\"f5f89dc\" data-element_type=\"widget\" data-widget_type=\"spacer.default\">\n\t\t\t\t<div class=\"elementor-widget-container\">\n\t\t\t\t\t\t\t<div class=\"elementor-spacer\">\n\t\t\t<div class=\"elementor-spacer-inner\"><\/div>\n\t\t<\/div>\n\t\t\t\t\t\t<\/div>\n\t\t\t\t<\/div>\n\t\t\t\t<div class=\"elementor-element elementor-element-f141231 elementor-widget elementor-widget-heading\" data-id=\"f141231\" data-element_type=\"widget\" data-widget_type=\"heading.default\">\n\t\t\t\t<div class=\"elementor-widget-container\">\n\t\t\t\t\t<h2 class=\"elementor-heading-title elementor-size-default\">Ramy analizy<\/h2>\t\t\t\t<\/div>\n\t\t\t\t<\/div>\n\t\t\t\t\t<\/div>\n\t\t<\/div>\n\t\t\t\t\t<\/div>\n\t\t<\/section>\n\t\t\t\t<section class=\"elementor-section elementor-top-section elementor-element elementor-element-5333335d elementor-section-content-middle elementor-section-boxed elementor-section-height-default elementor-section-height-default\" data-id=\"5333335d\" data-element_type=\"section\">\n\t\t\t\t\t\t<div class=\"elementor-container elementor-column-gap-default\">\n\t\t\t\t\t<div class=\"elementor-column elementor-col-50 elementor-top-column elementor-element elementor-element-bcf952c\" data-id=\"bcf952c\" data-element_type=\"column\">\n\t\t\t<div class=\"elementor-widget-wrap elementor-element-populated\">\n\t\t\t\t\t\t<div class=\"elementor-element elementor-element-5a7eb2c6 elementor-widget elementor-widget-image\" data-id=\"5a7eb2c6\" data-element_type=\"widget\" data-widget_type=\"image.default\">\n\t\t\t\t<div class=\"elementor-widget-container\">\n\t\t\t\t\t\t\t\t\t\t\t\t\t\t\t<img fetchpriority=\"high\" decoding=\"async\" width=\"400\" height=\"400\" src=\"https:\/\/senquality.eu\/wp-content\/uploads\/2021\/01\/senior-grandmother-400px-new.png\" class=\"attachment-large size-large wp-image-2400\" alt=\"senior grandmother framework\" srcset=\"https:\/\/senquality.eu\/wp-content\/uploads\/2021\/01\/senior-grandmother-400px-new.png 400w, https:\/\/senquality.eu\/wp-content\/uploads\/2021\/01\/senior-grandmother-400px-new-300x300.png 300w, https:\/\/senquality.eu\/wp-content\/uploads\/2021\/01\/senior-grandmother-400px-new-150x150.png 150w\" sizes=\"(max-width: 400px) 100vw, 400px\" \/>\t\t\t\t\t\t\t\t\t\t\t\t\t\t\t<\/div>\n\t\t\t\t<\/div>\n\t\t\t\t\t<\/div>\n\t\t<\/div>\n\t\t\t\t<div class=\"elementor-column elementor-col-50 elementor-top-column elementor-element elementor-element-90dc1c4\" data-id=\"90dc1c4\" data-element_type=\"column\">\n\t\t\t<div class=\"elementor-widget-wrap elementor-element-populated\">\n\t\t\t\t\t\t<div class=\"elementor-element elementor-element-3ccaf83f elementor-widget elementor-widget-text-editor\" data-id=\"3ccaf83f\" data-element_type=\"widget\" data-widget_type=\"text-editor.default\">\n\t\t\t\t<div class=\"elementor-widget-container\">\n\t\t\t\t\t\t\t\t\t<h3>Refleksja nad staro\u015bci\u0105: metodologiczne ramy dla oceny przygotowa\u0144 do czwartego etapu \u017cycia<\/h3>\n<p style=\"text-align: justify;\">Narz\u0119dzie oceny oparte na autorefleksji nad dziewi\u0119cioma domenami \u017cycia, kt\u00f3re ma zapewni\u0107 ramy do analizy i prowadzi\u0107 do konkretnego planu dzia\u0142ania planowania p\u00f3\u017aniejszego etapu \u017cycia. Narz\u0119dzie uwzgl\u0119dnia m.in. indywidualn\u0105 sytuacj\u0119 planuj\u0105cych, ich obawy, motywacje, cele i warto\u015bci.<\/p>\n\t\t\t\t\t\t\t\t<\/div>\n\t\t\t\t<\/div>\n\t\t\t\t\t<\/div>\n\t\t<\/div>\n\t\t\t\t\t<\/div>\n\t\t<\/section>\n\t\t\t\t<section class=\"elementor-section elementor-top-section elementor-element elementor-element-5d9b6cc8 elementor-section-boxed elementor-section-height-default elementor-section-height-default\" data-id=\"5d9b6cc8\" data-element_type=\"section\">\n\t\t\t\t\t\t<div class=\"elementor-container elementor-column-gap-default\">\n\t\t\t\t\t<div class=\"elementor-column elementor-col-100 elementor-top-column elementor-element elementor-element-4741893\" data-id=\"4741893\" data-element_type=\"column\">\n\t\t\t<div class=\"elementor-widget-wrap elementor-element-populated\">\n\t\t\t\t\t\t<div class=\"elementor-element elementor-element-a2923d1 elementor-widget elementor-widget-spacer\" data-id=\"a2923d1\" data-element_type=\"widget\" data-widget_type=\"spacer.default\">\n\t\t\t\t<div class=\"elementor-widget-container\">\n\t\t\t\t\t\t\t<div class=\"elementor-spacer\">\n\t\t\t<div class=\"elementor-spacer-inner\"><\/div>\n\t\t<\/div>\n\t\t\t\t\t\t<\/div>\n\t\t\t\t<\/div>\n\t\t\t\t<div class=\"elementor-element elementor-element-66cd239 elementor-align-center elementor-widget elementor-widget-button\" data-id=\"66cd239\" data-element_type=\"widget\" data-widget_type=\"button.default\">\n\t\t\t\t<div class=\"elementor-widget-container\">\n\t\t\t\t\t\t\t\t\t<div class=\"elementor-button-wrapper\">\n\t\t\t\t\t<a class=\"elementor-button elementor-button-link elementor-size-sm\" href=\"https:\/\/senquality.eu\/wp-content\/uploads\/2023\/04\/IO2_A2_Assessment-tool_framework_PL.pdf\" target=\"_blank\">\n\t\t\t\t\t\t<span class=\"elementor-button-content-wrapper\">\n\t\t\t\t\t\t<span class=\"elementor-button-icon\">\n\t\t\t\t<i aria-hidden=\"true\" class=\"fas fa-file-download\"><\/i>\t\t\t<\/span>\n\t\t\t\t\t\t\t\t\t<span class=\"elementor-button-text\">Framework (wersja angielska)<\/span>\n\t\t\t\t\t<\/span>\n\t\t\t\t\t<\/a>\n\t\t\t\t<\/div>\n\t\t\t\t\t\t\t\t<\/div>\n\t\t\t\t<\/div>\n\t\t\t\t<div class=\"elementor-element elementor-element-72999aee elementor-widget elementor-widget-spacer\" data-id=\"72999aee\" data-element_type=\"widget\" data-widget_type=\"spacer.default\">\n\t\t\t\t<div class=\"elementor-widget-container\">\n\t\t\t\t\t\t\t<div class=\"elementor-spacer\">\n\t\t\t<div class=\"elementor-spacer-inner\"><\/div>\n\t\t<\/div>\n\t\t\t\t\t\t<\/div>\n\t\t\t\t<\/div>\n\t\t\t\t\t<\/div>\n\t\t<\/div>\n\t\t\t\t\t<\/div>\n\t\t<\/section>\n\t\t\t\t<section class=\"elementor-section elementor-top-section elementor-element elementor-element-b7ec89c elementor-section-boxed elementor-section-height-default elementor-section-height-default\" data-id=\"b7ec89c\" data-element_type=\"section\">\n\t\t\t\t\t\t<div class=\"elementor-container elementor-column-gap-default\">\n\t\t\t\t\t<div class=\"elementor-column elementor-col-100 elementor-top-column elementor-element elementor-element-3671eafb\" data-id=\"3671eafb\" data-element_type=\"column\">\n\t\t\t<div class=\"elementor-widget-wrap\">\n\t\t\t\t\t\t\t<\/div>\n\t\t<\/div>\n\t\t\t\t\t<\/div>\n\t\t<\/section>\n\t\t\t\t<\/div>\n\t\t","protected":false},"excerpt":{"rendered":"<p>Ramy analizy Refleksja nad staro\u015bci\u0105: metodologiczne ramy dla oceny przygotowa\u0144 do czwartego etapu \u017cycia Narz\u0119dzie oceny oparte na autorefleksji nad dziewi\u0119cioma domenami \u017cycia, kt\u00f3re ma zapewni\u0107 ramy do analizy i prowadzi\u0107 do konkretnego planu dzia\u0142ania planowania p\u00f3\u017aniejszego etapu \u017cycia. Narz\u0119dzie uwzgl\u0119dnia m.in. indywidualn\u0105 sytuacj\u0119 planuj\u0105cych, ich obawy, motywacje, cele i warto\u015bci. Framework (wersja angielska)<\/p>\n","protected":false},"author":2,"featured_media":6739,"parent":0,"menu_order":0,"comment_status":"closed","ping_status":"closed","template":"elementor_header_footer","meta":{"site-sidebar-layout":"no-sidebar","site-content-layout":"page-builder","ast-site-content-layout":"","site-content-style":"default","site-sidebar-style":"default","ast-global-header-display":"","ast-banner-title-visibility":"","ast-main-header-display":"","ast-hfb-above-header-display":"","ast-hfb-below-header-display":"","ast-hfb-mobile-header-display":"","site-post-title":"disabled","ast-breadcrumbs-content":"","ast-featured-img":"disabled","footer-sml-layout":"","theme-transparent-header-meta":"default","adv-header-id-meta":"","stick-header-meta":"default","header-above-stick-meta":"","header-main-stick-meta":"","header-below-stick-meta":"","astra-migrate-meta-layouts":"default","ast-page-background-enabled":"default","ast-page-background-meta":{"desktop":{"background-color":"","background-image":"","background-repeat":"repeat","background-position":"center center","background-size":"auto","background-attachment":"scroll","background-type":"","background-media":"","overlay-type":"","overlay-color":"","overlay-opacity":"","overlay-gradient":""},"tablet":{"background-color":"","background-image":"","background-repeat":"repeat","background-position":"center center","background-size":"auto","background-attachment":"scroll","background-type":"","background-media":"","overlay-type":"","overlay-color":"","overlay-opacity":"","overlay-gradient":""},"mobile":{"background-color":"","background-image":"","background-repeat":"repeat","background-position":"center center","background-size":"auto","background-attachment":"scroll","background-type":"","background-media":"","overlay-type":"","overlay-color":"","overlay-opacity":"","overlay-gradient":""}},"ast-content-background-meta":{"desktop":{"background-color":"var(--ast-global-color-5)","background-image":"","background-repeat":"repeat","background-position":"center center","background-size":"auto","background-attachment":"scroll","background-type":"","background-media":"","overlay-type":"","overlay-color":"","overlay-opacity":"","overlay-gradient":""},"tablet":{"background-color":"var(--ast-global-color-5)","background-image":"","background-repeat":"repeat","background-position":"center center","background-size":"auto","background-attachment":"scroll","background-type":"","background-media":"","overlay-type":"","overlay-color":"","overlay-opacity":"","overlay-gradient":""},"mobile":{"background-color":"var(--ast-global-color-5)","background-image":"","background-repeat":"repeat","background-position":"center center","background-size":"auto","background-attachment":"scroll","background-type":"","background-media":"","overlay-type":"","overlay-color":"","overlay-opacity":"","overlay-gradient":""}},"footnotes":""},"_links":{"self":[{"href":"https:\/\/senquality.eu\/pl\/wp-json\/wp\/v2\/pages\/2838"}],"collection":[{"href":"https:\/\/senquality.eu\/pl\/wp-json\/wp\/v2\/pages"}],"about":[{"href":"https:\/\/senquality.eu\/pl\/wp-json\/wp\/v2\/types\/page"}],"author":[{"embeddable":true,"href":"https:\/\/senquality.eu\/pl\/wp-json\/wp\/v2\/users\/2"}],"replies":[{"embeddable":true,"href":"https:\/\/senquality.eu\/pl\/wp-json\/wp\/v2\/comments?post=2838"}],"version-history":[{"count":28,"href":"https:\/\/senquality.eu\/pl\/wp-json\/wp\/v2\/pages\/2838\/revisions"}],"predecessor-version":[{"id":11262,"href":"https:\/\/senquality.eu\/pl\/wp-json\/wp\/v2\/pages\/2838\/revisions\/11262"}],"wp:featuredmedia":[{"embeddable":true,"href":"https:\/\/senquality.eu\/pl\/wp-json\/wp\/v2\/media\/6739"}],"wp:attachment":[{"href":"https:\/\/senquality.eu\/pl\/wp-json\/wp\/v2\/media?parent=2838"}],"curies":[{"name":"wp","href":"https:\/\/api.w.org\/{rel}","templated":true}]}}