{"id":9122,"date":"2023-01-09T13:57:58","date_gmt":"2023-01-09T12:57:58","guid":{"rendered":"https:\/\/senquality.eu\/ambito-de-la-salud\/"},"modified":"2023-01-13T13:30:49","modified_gmt":"2023-01-13T12:30:49","slug":"ambito-de-la-salud","status":"publish","type":"page","link":"https:\/\/senquality.eu\/es\/ambito-de-la-salud\/","title":{"rendered":"\u00c1mbito de la salud"},"content":{"rendered":"\t\t<div data-elementor-type=\"wp-page\" data-elementor-id=\"9122\" class=\"elementor elementor-9122 elementor-7188\">\n\t\t\t\t\t\t<section class=\"elementor-section elementor-top-section elementor-element elementor-element-b9d17dd elementor-section-boxed elementor-section-height-default elementor-section-height-default\" data-id=\"b9d17dd\" data-element_type=\"section\">\n\t\t\t\t\t\t<div class=\"elementor-container elementor-column-gap-default\">\n\t\t\t\t\t<div class=\"elementor-column elementor-col-100 elementor-top-column elementor-element elementor-element-e8f6d79\" data-id=\"e8f6d79\" data-element_type=\"column\">\n\t\t\t<div class=\"elementor-widget-wrap elementor-element-populated\">\n\t\t\t\t\t\t<div class=\"elementor-element elementor-element-337de48 elementor-widget elementor-widget-spacer\" data-id=\"337de48\" data-element_type=\"widget\" data-widget_type=\"spacer.default\">\n\t\t\t\t<div class=\"elementor-widget-container\">\n\t\t\t\t\t\t\t<div class=\"elementor-spacer\">\n\t\t\t<div class=\"elementor-spacer-inner\"><\/div>\n\t\t<\/div>\n\t\t\t\t\t\t<\/div>\n\t\t\t\t<\/div>\n\t\t\t\t<div class=\"elementor-element elementor-element-db4b76f elementor-widget elementor-widget-text-editor\" data-id=\"db4b76f\" data-element_type=\"widget\" data-widget_type=\"text-editor.default\">\n\t\t\t\t<div class=\"elementor-widget-container\">\n\t\t\t\t\t\t\t\t\t<h4><img decoding=\"async\" style=\"float: left; margin: 1px 20px 1px 1px;\" src=\"https:\/\/senquality.eu\/wp-content\/uploads\/2022\/08\/zielscheibe.png\" width=\"100px\" \/><strong>Enhorabuena por haber elegido la salud. Es estupendo que quieras ocuparte del \u00e1mbito de la salud, uno de los factores clave para el bienestar.<\/strong><\/h4>\n<p>Mantener la salud en la mediana edad es un factor importante para tener un envejecimiento saludable.\u00a0 Sin duda, los que tienen un estilo de vida m\u00e1s saludable podr\u00e1n afrontar mejor los cambios de salud en el envejecimiento.<\/p>\n<p>Primero vamos a obtener informaci\u00f3n general sobre la salud.<\/p>\n<p><strong>La salud<\/strong> es un estado de bienestar f\u00edsico, mental y social, no s\u00f3lo la ausencia de enfermedad o discapacidad. La salud se define como un equilibrio din\u00e1mico de elementos f\u00edsicos, mentales, emocionales, espirituales, personales y sociales, que se manifiesta en la capacidad de realizar funciones de forma continua y de adaptarse al entorno. La salud es un reflejo de los acontecimientos pasados y presentes, de los efectos de la herencia y el entorno, y de las respuestas humanas. La salud est\u00e1 influida por las condiciones biol\u00f3gicas, sociales, culturales, tecnol\u00f3gicas, psicol\u00f3gicas, demogr\u00e1ficas, pol\u00edticas y de civilizaci\u00f3n, y por la respuesta del sistema sanitario a las necesidades de salud de las personas.<\/p>\n<p><strong>Las \u00e1reas clave<\/strong> de la salud son la salud <strong>f\u00edsica<\/strong> y la <strong>mental<\/strong>. Inform\u00e9monos m\u00e1s sobre ambas y veamos en qu\u00e9 podemos influir:<\/p>\n\t\t\t\t\t\t\t\t<\/div>\n\t\t\t\t<\/div>\n\t\t\t\t<div class=\"elementor-element elementor-element-3473e57 elementor-widget elementor-widget-video\" data-id=\"3473e57\" data-element_type=\"widget\" data-settings=\"{&quot;youtube_url&quot;:&quot;https:\\\/\\\/youtu.be\\\/Fd-445ZDtpc&quot;,&quot;show_image_overlay&quot;:&quot;yes&quot;,&quot;image_overlay&quot;:{&quot;url&quot;:&quot;https:\\\/\\\/senquality.eu\\\/wp-content\\\/uploads\\\/2022\\\/07\\\/Health_.jpg&quot;,&quot;id&quot;:7277,&quot;size&quot;:&quot;&quot;,&quot;alt&quot;:&quot;&quot;,&quot;source&quot;:&quot;library&quot;},&quot;video_type&quot;:&quot;youtube&quot;,&quot;controls&quot;:&quot;yes&quot;}\" data-widget_type=\"video.default\">\n\t\t\t\t<div class=\"elementor-widget-container\">\n\t\t\t\t\t\t\t<div class=\"elementor-wrapper elementor-open-inline\">\n\t\t\t<div class=\"elementor-video\"><\/div>\t\t\t\t<div class=\"elementor-custom-embed-image-overlay\" style=\"background-image: url(https:\/\/senquality.eu\/wp-content\/uploads\/2022\/07\/Health_.jpg);\">\n\t\t\t\t\t\t\t\t\t\t\t\t\t\t\t\t<div class=\"elementor-custom-embed-play\" role=\"button\" aria-label=\"Reproducir v\u00eddeo\" tabindex=\"0\">\n\t\t\t\t\t\t\t<i aria-hidden=\"true\" class=\"eicon-play\"><\/i>\t\t\t\t\t\t<\/div>\n\t\t\t\t\t\t\t\t\t<\/div>\n\t\t\t\t\t<\/div>\n\t\t\t\t\t\t<\/div>\n\t\t\t\t<\/div>\n\t\t\t\t<div class=\"elementor-element elementor-element-14c5b0d elementor-widget elementor-widget-spacer\" data-id=\"14c5b0d\" data-element_type=\"widget\" data-widget_type=\"spacer.default\">\n\t\t\t\t<div class=\"elementor-widget-container\">\n\t\t\t\t\t\t\t<div class=\"elementor-spacer\">\n\t\t\t<div class=\"elementor-spacer-inner\"><\/div>\n\t\t<\/div>\n\t\t\t\t\t\t<\/div>\n\t\t\t\t<\/div>\n\t\t\t\t<div class=\"elementor-element elementor-element-e097177 elementor-widget elementor-widget-spacer\" data-id=\"e097177\" data-element_type=\"widget\" data-widget_type=\"spacer.default\">\n\t\t\t\t<div class=\"elementor-widget-container\">\n\t\t\t\t\t\t\t<div class=\"elementor-spacer\">\n\t\t\t<div class=\"elementor-spacer-inner\"><\/div>\n\t\t<\/div>\n\t\t\t\t\t\t<\/div>\n\t\t\t\t<\/div>\n\t\t\t\t\t<\/div>\n\t\t<\/div>\n\t\t\t\t\t<\/div>\n\t\t<\/section>\n\t\t\t\t<section class=\"elementor-section elementor-top-section elementor-element elementor-element-b78a3b2 elementor-section-boxed elementor-section-height-default elementor-section-height-default\" data-id=\"b78a3b2\" data-element_type=\"section\">\n\t\t\t\t\t\t<div class=\"elementor-container elementor-column-gap-default\">\n\t\t\t\t\t<div class=\"elementor-column elementor-col-33 elementor-top-column elementor-element elementor-element-204a68c\" data-id=\"204a68c\" data-element_type=\"column\">\n\t\t\t<div class=\"elementor-widget-wrap elementor-element-populated\">\n\t\t\t\t\t\t<div class=\"elementor-element elementor-element-f53a1a6 elementor-align-center elementor-widget elementor-widget-button\" data-id=\"f53a1a6\" data-element_type=\"widget\" data-widget_type=\"button.default\">\n\t\t\t\t<div class=\"elementor-widget-container\">\n\t\t\t\t\t\t\t\t\t<div class=\"elementor-button-wrapper\">\n\t\t\t\t\t<a class=\"elementor-button elementor-button-link elementor-size-sm\" href=\"https:\/\/senquality.eu\/es\/ambito-de-la-salud-autoevaluacion\/\">\n\t\t\t\t\t\t<span class=\"elementor-button-content-wrapper\">\n\t\t\t\t\t\t\t\t\t<span class=\"elementor-button-text\">Autoevaluaci\u00f3n<\/span>\n\t\t\t\t\t<\/span>\n\t\t\t\t\t<\/a>\n\t\t\t\t<\/div>\n\t\t\t\t\t\t\t\t<\/div>\n\t\t\t\t<\/div>\n\t\t\t\t<div class=\"elementor-element elementor-element-a8231c0 elementor-widget elementor-widget-text-editor\" data-id=\"a8231c0\" data-element_type=\"widget\" data-widget_type=\"text-editor.default\">\n\t\t\t\t<div class=\"elementor-widget-container\">\n\t\t\t\t\t\t\t\t\t<p style=\"text-align: center;\">Pensemos en su salud y su estilo de vida en el presente y el pasado.<\/p>\t\t\t\t\t\t\t\t<\/div>\n\t\t\t\t<\/div>\n\t\t\t\t\t<\/div>\n\t\t<\/div>\n\t\t\t\t<div class=\"elementor-column elementor-col-33 elementor-top-column elementor-element elementor-element-79a46f4\" data-id=\"79a46f4\" data-element_type=\"column\">\n\t\t\t<div class=\"elementor-widget-wrap elementor-element-populated\">\n\t\t\t\t\t\t<div class=\"elementor-element elementor-element-6e1e0d0 elementor-align-center elementor-widget elementor-widget-button\" data-id=\"6e1e0d0\" data-element_type=\"widget\" data-widget_type=\"button.default\">\n\t\t\t\t<div class=\"elementor-widget-container\">\n\t\t\t\t\t\t\t\t\t<div class=\"elementor-button-wrapper\">\n\t\t\t\t\t<a class=\"elementor-button elementor-button-link elementor-size-sm\" href=\"https:\/\/senquality.eu\/es\/ambito-de-la-salud-fijacion-de-objetivos\/\">\n\t\t\t\t\t\t<span class=\"elementor-button-content-wrapper\">\n\t\t\t\t\t\t\t\t\t<span class=\"elementor-button-text\">Plan de acci\u00f3n<\/span>\n\t\t\t\t\t<\/span>\n\t\t\t\t\t<\/a>\n\t\t\t\t<\/div>\n\t\t\t\t\t\t\t\t<\/div>\n\t\t\t\t<\/div>\n\t\t\t\t<div class=\"elementor-element elementor-element-d94aaf9 elementor-widget elementor-widget-text-editor\" data-id=\"d94aaf9\" data-element_type=\"widget\" data-widget_type=\"text-editor.default\">\n\t\t\t\t<div class=\"elementor-widget-container\">\n\t\t\t\t\t\t\t\t\t<p style=\"text-align: center;\">Echemos un vistazo m\u00e1s de cerca a algunos aspectos en los que podemos influir para nuestra salud en el futuro.<\/p>\t\t\t\t\t\t\t\t<\/div>\n\t\t\t\t<\/div>\n\t\t\t\t\t<\/div>\n\t\t<\/div>\n\t\t\t\t<div class=\"elementor-column elementor-col-33 elementor-top-column elementor-element elementor-element-c669ef5\" data-id=\"c669ef5\" data-element_type=\"column\">\n\t\t\t<div class=\"elementor-widget-wrap elementor-element-populated\">\n\t\t\t\t\t\t<div class=\"elementor-element elementor-element-2c23682 elementor-align-center elementor-widget elementor-widget-button\" data-id=\"2c23682\" data-element_type=\"widget\" data-widget_type=\"button.default\">\n\t\t\t\t<div class=\"elementor-widget-container\">\n\t\t\t\t\t\t\t\t\t<div class=\"elementor-button-wrapper\">\n\t\t\t\t\t<a class=\"elementor-button elementor-button-link elementor-size-sm\" href=\"https:\/\/senquality.eu\/es\/domains\/\">\n\t\t\t\t\t\t<span class=\"elementor-button-content-wrapper\">\n\t\t\t\t\t\t<span class=\"elementor-button-icon\">\n\t\t\t\t<i aria-hidden=\"true\" class=\"fas fa-arrow-left\"><\/i>\t\t\t<\/span>\n\t\t\t\t\t\t\t\t\t<span class=\"elementor-button-text\">Volver a los \u00e1mbitos<\/span>\n\t\t\t\t\t<\/span>\n\t\t\t\t\t<\/a>\n\t\t\t\t<\/div>\n\t\t\t\t\t\t\t\t<\/div>\n\t\t\t\t<\/div>\n\t\t\t\t\t<\/div>\n\t\t<\/div>\n\t\t\t\t\t<\/div>\n\t\t<\/section>\n\t\t\t\t<\/div>\n\t\t","protected":false},"excerpt":{"rendered":"<p>Enhorabuena por haber elegido la salud. Es estupendo que quieras ocuparte del \u00e1mbito de la salud, uno de los factores clave para el bienestar. Mantener la salud en la mediana edad es un factor importante para tener un envejecimiento saludable.\u00a0 Sin duda, los que tienen un estilo de vida m\u00e1s saludable podr\u00e1n afrontar mejor los [&hellip;]<\/p>\n","protected":false},"author":3,"featured_media":0,"parent":0,"menu_order":0,"comment_status":"closed","ping_status":"closed","template":"","meta":{"site-sidebar-layout":"no-sidebar","site-content-layout":"page-builder","ast-site-content-layout":"","site-content-style":"default","site-sidebar-style":"default","ast-global-header-display":"","ast-banner-title-visibility":"","ast-main-header-display":"","ast-hfb-above-header-display":"","ast-hfb-below-header-display":"","ast-hfb-mobile-header-display":"","site-post-title":"disabled","ast-breadcrumbs-content":"","ast-featured-img":"disabled","footer-sml-layout":"","theme-transparent-header-meta":"","adv-header-id-meta":"","stick-header-meta":"","header-above-stick-meta":"","header-main-stick-meta":"","header-below-stick-meta":"","astra-migrate-meta-layouts":"default","ast-page-background-enabled":"default","ast-page-background-meta":{"desktop":{"background-color":"","background-image":"","background-repeat":"repeat","background-position":"center center","background-size":"auto","background-attachment":"scroll","background-type":"","background-media":"","overlay-type":"","overlay-color":"","overlay-opacity":"","overlay-gradient":""},"tablet":{"background-color":"","background-image":"","background-repeat":"repeat","background-position":"center center","background-size":"auto","background-attachment":"scroll","background-type":"","background-media":"","overlay-type":"","overlay-color":"","overlay-opacity":"","overlay-gradient":""},"mobile":{"background-color":"","background-image":"","background-repeat":"repeat","background-position":"center center","background-size":"auto","background-attachment":"scroll","background-type":"","background-media":"","overlay-type":"","overlay-color":"","overlay-opacity":"","overlay-gradient":""}},"ast-content-background-meta":{"desktop":{"background-color":"var(--ast-global-color-5)","background-image":"","background-repeat":"repeat","background-position":"center center","background-size":"auto","background-attachment":"scroll","background-type":"","background-media":"","overlay-type":"","overlay-color":"","overlay-opacity":"","overlay-gradient":""},"tablet":{"background-color":"var(--ast-global-color-5)","background-image":"","background-repeat":"repeat","background-position":"center center","background-size":"auto","background-attachment":"scroll","background-type":"","background-media":"","overlay-type":"","overlay-color":"","overlay-opacity":"","overlay-gradient":""},"mobile":{"background-color":"var(--ast-global-color-5)","background-image":"","background-repeat":"repeat","background-position":"center center","background-size":"auto","background-attachment":"scroll","background-type":"","background-media":"","overlay-type":"","overlay-color":"","overlay-opacity":"","overlay-gradient":""}},"footnotes":""},"_links":{"self":[{"href":"https:\/\/senquality.eu\/es\/wp-json\/wp\/v2\/pages\/9122"}],"collection":[{"href":"https:\/\/senquality.eu\/es\/wp-json\/wp\/v2\/pages"}],"about":[{"href":"https:\/\/senquality.eu\/es\/wp-json\/wp\/v2\/types\/page"}],"author":[{"embeddable":true,"href":"https:\/\/senquality.eu\/es\/wp-json\/wp\/v2\/users\/3"}],"replies":[{"embeddable":true,"href":"https:\/\/senquality.eu\/es\/wp-json\/wp\/v2\/comments?post=9122"}],"version-history":[{"count":10,"href":"https:\/\/senquality.eu\/es\/wp-json\/wp\/v2\/pages\/9122\/revisions"}],"predecessor-version":[{"id":9632,"href":"https:\/\/senquality.eu\/es\/wp-json\/wp\/v2\/pages\/9122\/revisions\/9632"}],"wp:attachment":[{"href":"https:\/\/senquality.eu\/es\/wp-json\/wp\/v2\/media?parent=9122"}],"curies":[{"name":"wp","href":"https:\/\/api.w.org\/{rel}","templated":true}]}}