{"id":3716,"date":"2021-05-19T10:35:24","date_gmt":"2021-05-19T08:35:24","guid":{"rendered":"https:\/\/senquality.eu\/el-proyecto\/"},"modified":"2021-09-27T12:48:35","modified_gmt":"2021-09-27T10:48:35","slug":"el-proyecto","status":"publish","type":"page","link":"https:\/\/senquality.eu\/es\/el-proyecto\/","title":{"rendered":"EL PROYECTO"},"content":{"rendered":"\t\t<div data-elementor-type=\"wp-page\" data-elementor-id=\"3716\" class=\"elementor elementor-3716 elementor-604\">\n\t\t\t\t\t\t<section class=\"elementor-section elementor-top-section elementor-element elementor-element-1f116fb elementor-section-boxed elementor-section-height-default elementor-section-height-default\" data-id=\"1f116fb\" data-element_type=\"section\">\n\t\t\t\t\t\t<div class=\"elementor-container elementor-column-gap-default\">\n\t\t\t\t\t<div class=\"elementor-column elementor-col-100 elementor-top-column elementor-element elementor-element-b8a091a\" data-id=\"b8a091a\" data-element_type=\"column\">\n\t\t\t<div class=\"elementor-widget-wrap elementor-element-populated\">\n\t\t\t\t\t\t<div class=\"elementor-element elementor-element-40c8c27 elementor-widget elementor-widget-spacer\" data-id=\"40c8c27\" data-element_type=\"widget\" data-widget_type=\"spacer.default\">\n\t\t\t\t<div class=\"elementor-widget-container\">\n\t\t\t\t\t\t\t<div class=\"elementor-spacer\">\n\t\t\t<div class=\"elementor-spacer-inner\"><\/div>\n\t\t<\/div>\n\t\t\t\t\t\t<\/div>\n\t\t\t\t<\/div>\n\t\t\t\t\t<\/div>\n\t\t<\/div>\n\t\t\t\t\t<\/div>\n\t\t<\/section>\n\t\t\t\t<section class=\"elementor-section elementor-top-section elementor-element elementor-element-1c2c8c1 elementor-section-boxed elementor-section-height-default elementor-section-height-default\" data-id=\"1c2c8c1\" data-element_type=\"section\">\n\t\t\t\t\t\t<div class=\"elementor-container elementor-column-gap-default\">\n\t\t\t\t\t<div class=\"elementor-column elementor-col-100 elementor-top-column elementor-element elementor-element-cd9d924\" data-id=\"cd9d924\" data-element_type=\"column\">\n\t\t\t<div class=\"elementor-widget-wrap elementor-element-populated\">\n\t\t\t\t\t\t<div class=\"elementor-element elementor-element-ff550a4 elementor-widget elementor-widget-spacer\" data-id=\"ff550a4\" data-element_type=\"widget\" data-widget_type=\"spacer.default\">\n\t\t\t\t<div class=\"elementor-widget-container\">\n\t\t\t\t\t\t\t<div class=\"elementor-spacer\">\n\t\t\t<div class=\"elementor-spacer-inner\"><\/div>\n\t\t<\/div>\n\t\t\t\t\t\t<\/div>\n\t\t\t\t<\/div>\n\t\t\t\t\t<\/div>\n\t\t<\/div>\n\t\t\t\t\t<\/div>\n\t\t<\/section>\n\t\t\t\t<section class=\"elementor-section elementor-top-section elementor-element elementor-element-3a3a580 elementor-section-boxed elementor-section-height-default elementor-section-height-default\" data-id=\"3a3a580\" data-element_type=\"section\">\n\t\t\t\t\t\t<div class=\"elementor-container elementor-column-gap-default\">\n\t\t\t\t\t<div class=\"elementor-column elementor-col-100 elementor-top-column elementor-element elementor-element-c8727c4\" data-id=\"c8727c4\" data-element_type=\"column\">\n\t\t\t<div class=\"elementor-widget-wrap elementor-element-populated\">\n\t\t\t\t\t\t<div class=\"elementor-element elementor-element-84f9cba elementor-widget elementor-widget-heading\" data-id=\"84f9cba\" data-element_type=\"widget\" data-widget_type=\"heading.default\">\n\t\t\t\t<div class=\"elementor-widget-container\">\n\t\t\t\t\t<h3 class=\"elementor-heading-title elementor-size-default\">preparaci\u00f3n para la edad avanzada<\/h3>\t\t\t\t<\/div>\n\t\t\t\t<\/div>\n\t\t\t\t<div class=\"elementor-element elementor-element-1faa4e1 elementor-widget elementor-widget-text-editor\" data-id=\"1faa4e1\" data-element_type=\"widget\" data-widget_type=\"text-editor.default\">\n\t\t\t\t<div class=\"elementor-widget-container\">\n\t\t\t\t\t\t\t\t\t<p class=\"western\" lang=\"en-US\" align=\"justify\">SenQuality quiere concienciar sobre la importancia de planificar la vida posterior de forma positiva y ofrecer una herramienta de planificaci\u00f3n individual, f\u00e1cilmente accesible y flexible para las medidas propias. La prioridad del proyecto es la preparaci\u00f3n individual para la vida posterior con el fin de apoyar el bienestar en la tercera y cuarta edad.<\/p>\n<p class=\"western\" lang=\"en-US\" align=\"justify\">En el proyecto, entendemos el envejecimiento como un proceso multidimensional que afecta a la vida de muchas maneras diferentes. Por ello, nos centramos no s\u00f3lo en la preparaci\u00f3n financiera o en las medidas de salud, sino en un total de 9 \u00e1mbitos vitales interconectados: finanzas, emergencias y circunstancias excepcionales, aptitud mental y f\u00edsica, vivienda, aspecto y apariencia, relaciones sociales, salud, actividades de ocio y estilo de vida, y trabajo y empleo. Nos basamos en los informes de los investigadores Anna E. Kornadt y Klaus Rothermund.<\/p>\n\t\t\t\t\t\t\t\t<\/div>\n\t\t\t\t<\/div>\n\t\t\t\t<div class=\"elementor-element elementor-element-8f29411 elementor-widget elementor-widget-spacer\" data-id=\"8f29411\" data-element_type=\"widget\" data-widget_type=\"spacer.default\">\n\t\t\t\t<div class=\"elementor-widget-container\">\n\t\t\t\t\t\t\t<div class=\"elementor-spacer\">\n\t\t\t<div class=\"elementor-spacer-inner\"><\/div>\n\t\t<\/div>\n\t\t\t\t\t\t<\/div>\n\t\t\t\t<\/div>\n\t\t\t\t\t<\/div>\n\t\t<\/div>\n\t\t\t\t\t<\/div>\n\t\t<\/section>\n\t\t\t\t<section class=\"elementor-section elementor-top-section elementor-element elementor-element-af960cc elementor-section-content-middle elementor-section-boxed elementor-section-height-default elementor-section-height-default\" data-id=\"af960cc\" data-element_type=\"section\">\n\t\t\t\t\t\t<div class=\"elementor-container elementor-column-gap-default\">\n\t\t\t\t\t<div class=\"elementor-column elementor-col-66 elementor-top-column elementor-element elementor-element-9fa1b40\" data-id=\"9fa1b40\" data-element_type=\"column\">\n\t\t\t<div class=\"elementor-widget-wrap elementor-element-populated\">\n\t\t\t\t\t\t<div class=\"elementor-element elementor-element-b5f6eac elementor-widget elementor-widget-text-editor\" data-id=\"b5f6eac\" data-element_type=\"widget\" data-widget_type=\"text-editor.default\">\n\t\t\t\t<div class=\"elementor-widget-container\">\n\t\t\t\t\t\t\t\t\t<h3>Los objetivos del proyecto son<\/h3>\n<ul>\n<li>sensibilizar a los adultos y a las organizaciones sobre la importancia de la planificaci\u00f3n de la tercera edad <\/li>\n<li>motivar para empezar a prepararse para la tercera y cuarta edad<\/li>\n<li>\tcrear un manual que describa los \u00e1mbitos de preparaci\u00f3n y las buenas pr\u00e1cticas de los pa\u00edses de la UE<\/li>\n<li>crear una plataforma digital basada en la autorreflexi\u00f3n para la planificaci\u00f3n personal de la tercera edad<\/li>\n<li>proporcionar una herramienta para crear un plan de acci\u00f3n que se ajuste a los objetivos personales del planificador<\/li>\n<\/ul>\n\t\t\t\t\t\t\t\t<\/div>\n\t\t\t\t<\/div>\n\t\t\t\t\t<\/div>\n\t\t<\/div>\n\t\t\t\t<div class=\"elementor-column elementor-col-33 elementor-top-column elementor-element elementor-element-4dc604c\" data-id=\"4dc604c\" data-element_type=\"column\">\n\t\t\t<div class=\"elementor-widget-wrap elementor-element-populated\">\n\t\t\t\t\t\t<div class=\"elementor-element elementor-element-8ce0683 elementor-widget elementor-widget-image\" data-id=\"8ce0683\" data-element_type=\"widget\" data-widget_type=\"image.default\">\n\t\t\t\t<div class=\"elementor-widget-container\">\n\t\t\t\t\t\t\t\t\t\t\t\t\t\t\t<img fetchpriority=\"high\" decoding=\"async\" width=\"250\" height=\"250\" src=\"https:\/\/senquality.eu\/wp-content\/uploads\/2021\/01\/objectives-banner-250px.png\" class=\"attachment-large size-large wp-image-2718\" alt=\"project\" srcset=\"https:\/\/senquality.eu\/wp-content\/uploads\/2021\/01\/objectives-banner-250px.png 250w, https:\/\/senquality.eu\/wp-content\/uploads\/2021\/01\/objectives-banner-250px-150x150.png 150w\" sizes=\"(max-width: 250px) 100vw, 250px\" \/>\t\t\t\t\t\t\t\t\t\t\t\t\t\t\t<\/div>\n\t\t\t\t<\/div>\n\t\t\t\t\t<\/div>\n\t\t<\/div>\n\t\t\t\t\t<\/div>\n\t\t<\/section>\n\t\t\t\t<section class=\"elementor-section elementor-top-section elementor-element elementor-element-55bd915 elementor-section-boxed elementor-section-height-default elementor-section-height-default\" data-id=\"55bd915\" data-element_type=\"section\">\n\t\t\t\t\t\t<div class=\"elementor-container elementor-column-gap-default\">\n\t\t\t\t\t<div class=\"elementor-column elementor-col-100 elementor-top-column elementor-element elementor-element-82d6799\" data-id=\"82d6799\" data-element_type=\"column\">\n\t\t\t<div class=\"elementor-widget-wrap elementor-element-populated\">\n\t\t\t\t\t\t<div class=\"elementor-element elementor-element-dd7099c elementor-widget elementor-widget-spacer\" data-id=\"dd7099c\" data-element_type=\"widget\" data-widget_type=\"spacer.default\">\n\t\t\t\t<div class=\"elementor-widget-container\">\n\t\t\t\t\t\t\t<div class=\"elementor-spacer\">\n\t\t\t<div class=\"elementor-spacer-inner\"><\/div>\n\t\t<\/div>\n\t\t\t\t\t\t<\/div>\n\t\t\t\t<\/div>\n\t\t\t\t\t<\/div>\n\t\t<\/div>\n\t\t\t\t\t<\/div>\n\t\t<\/section>\n\t\t\t\t<section class=\"elementor-section elementor-top-section elementor-element elementor-element-c86c7d4 elementor-section-content-middle elementor-section-boxed elementor-section-height-default elementor-section-height-default\" data-id=\"c86c7d4\" data-element_type=\"section\">\n\t\t\t\t\t\t<div class=\"elementor-container elementor-column-gap-default\">\n\t\t\t\t\t<div class=\"elementor-column elementor-col-33 elementor-top-column elementor-element elementor-element-e2ad1c1\" data-id=\"e2ad1c1\" data-element_type=\"column\">\n\t\t\t<div class=\"elementor-widget-wrap elementor-element-populated\">\n\t\t\t\t\t\t<div class=\"elementor-element elementor-element-c961c91 elementor-widget elementor-widget-image\" data-id=\"c961c91\" data-element_type=\"widget\" data-widget_type=\"image.default\">\n\t\t\t\t<div class=\"elementor-widget-container\">\n\t\t\t\t\t\t\t\t\t\t\t\t\t\t\t<img decoding=\"async\" width=\"250\" height=\"250\" src=\"https:\/\/senquality.eu\/wp-content\/uploads\/2021\/01\/impact-banner@250px.png\" class=\"attachment-large size-large wp-image-2722\" alt=\"project impact\" srcset=\"https:\/\/senquality.eu\/wp-content\/uploads\/2021\/01\/impact-banner@250px.png 250w, https:\/\/senquality.eu\/wp-content\/uploads\/2021\/01\/impact-banner@250px-150x150.png 150w\" sizes=\"(max-width: 250px) 100vw, 250px\" \/>\t\t\t\t\t\t\t\t\t\t\t\t\t\t\t<\/div>\n\t\t\t\t<\/div>\n\t\t\t\t\t<\/div>\n\t\t<\/div>\n\t\t\t\t<div class=\"elementor-column elementor-col-66 elementor-top-column elementor-element elementor-element-4128b78\" data-id=\"4128b78\" data-element_type=\"column\">\n\t\t\t<div class=\"elementor-widget-wrap elementor-element-populated\">\n\t\t\t\t\t\t<div class=\"elementor-element elementor-element-5ae6107 elementor-widget elementor-widget-text-editor\" data-id=\"5ae6107\" data-element_type=\"widget\" data-widget_type=\"text-editor.default\">\n\t\t\t\t<div class=\"elementor-widget-container\">\n\t\t\t\t\t\t\t\t\t<h3>IMPACTO<\/h3>\n<ul>\n<li>Comprensi\u00f3n de la necesidad de la preparaci\u00f3n para la edad avanzada en diferentes \u00e1mbitos de la vida<\/li>\n<li>Mejor aceptaci\u00f3n de las aplicaciones pr\u00e1cticas de preparaci\u00f3n para los cambios relacionados con la edad<\/li>\n<li>Motivaci\u00f3n para adoptar medidas de preparaci\u00f3n<\/li>\n<li>\tIniciativa para aprender y reflexionar activamente sobre el futuro<\/li>\n<li>Oferta de una herramienta online nueva y atractiva para los clientes<\/li>\n<li>Comprensi\u00f3n de la dimensi\u00f3n europea del envejecimiento demogr\u00e1fico y la preparaci\u00f3n para la vida posterior, para poder comparar situaciones y considerar ejemplos de buenas pr\u00e1cticas de otros pa\u00edses<\/li>\n<\/ul>\n\t\t\t\t\t\t\t\t<\/div>\n\t\t\t\t<\/div>\n\t\t\t\t\t<\/div>\n\t\t<\/div>\n\t\t\t\t\t<\/div>\n\t\t<\/section>\n\t\t\t\t<section class=\"elementor-section elementor-top-section elementor-element elementor-element-1a48cbb elementor-section-boxed elementor-section-height-default elementor-section-height-default\" data-id=\"1a48cbb\" data-element_type=\"section\">\n\t\t\t\t\t\t<div class=\"elementor-container elementor-column-gap-default\">\n\t\t\t\t\t<div class=\"elementor-column elementor-col-100 elementor-top-column elementor-element elementor-element-eaade34\" data-id=\"eaade34\" data-element_type=\"column\">\n\t\t\t<div class=\"elementor-widget-wrap elementor-element-populated\">\n\t\t\t\t\t\t<div class=\"elementor-element elementor-element-9fbf4c1 elementor-widget elementor-widget-spacer\" data-id=\"9fbf4c1\" data-element_type=\"widget\" data-widget_type=\"spacer.default\">\n\t\t\t\t<div class=\"elementor-widget-container\">\n\t\t\t\t\t\t\t<div class=\"elementor-spacer\">\n\t\t\t<div class=\"elementor-spacer-inner\"><\/div>\n\t\t<\/div>\n\t\t\t\t\t\t<\/div>\n\t\t\t\t<\/div>\n\t\t\t\t<div class=\"elementor-element elementor-element-ca0c726 elementor-widget elementor-widget-heading\" data-id=\"ca0c726\" data-element_type=\"widget\" data-widget_type=\"heading.default\">\n\t\t\t\t<div class=\"elementor-widget-container\">\n\t\t\t\t\t<h3 class=\"elementor-heading-title elementor-size-default\">Grupos destinatarios<\/h3>\t\t\t\t<\/div>\n\t\t\t\t<\/div>\n\t\t\t\t<div class=\"elementor-element elementor-element-d021654 elementor-widget elementor-widget-image\" data-id=\"d021654\" data-element_type=\"widget\" data-widget_type=\"image.default\">\n\t\t\t\t<div class=\"elementor-widget-container\">\n\t\t\t\t\t\t\t\t\t\t\t\t\t\t\t<img decoding=\"async\" width=\"1200\" height=\"560\" src=\"https:\/\/senquality.eu\/wp-content\/uploads\/2021\/03\/target-groups-banner.png\" class=\"attachment-full size-full wp-image-2738\" alt=\"project target groups\" srcset=\"https:\/\/senquality.eu\/wp-content\/uploads\/2021\/03\/target-groups-banner.png 1200w, https:\/\/senquality.eu\/wp-content\/uploads\/2021\/03\/target-groups-banner-300x140.png 300w, https:\/\/senquality.eu\/wp-content\/uploads\/2021\/03\/target-groups-banner-1024x478.png 1024w, https:\/\/senquality.eu\/wp-content\/uploads\/2021\/03\/target-groups-banner-768x358.png 768w\" sizes=\"(max-width: 1200px) 100vw, 1200px\" \/>\t\t\t\t\t\t\t\t\t\t\t\t\t\t\t<\/div>\n\t\t\t\t<\/div>\n\t\t\t\t<section class=\"elementor-section elementor-inner-section elementor-element elementor-element-eb60fd0 elementor-section-boxed elementor-section-height-default elementor-section-height-default\" data-id=\"eb60fd0\" data-element_type=\"section\">\n\t\t\t\t\t\t<div class=\"elementor-container elementor-column-gap-default\">\n\t\t\t\t\t<div class=\"elementor-column elementor-col-33 elementor-inner-column elementor-element elementor-element-9051f65\" data-id=\"9051f65\" data-element_type=\"column\">\n\t\t\t<div class=\"elementor-widget-wrap elementor-element-populated\">\n\t\t\t\t\t\t<div class=\"elementor-element elementor-element-5142788 elementor-widget elementor-widget-text-editor\" data-id=\"5142788\" data-element_type=\"widget\" data-widget_type=\"text-editor.default\">\n\t\t\t\t<div class=\"elementor-widget-container\">\n\t\t\t\t\t\t\t\t\t<h3 style=\"text-align: center;\">Directo<\/h3>\n<ul>\n<li>Adultos de mediana edad <\/li>\n<li>Adultos mayores activos<\/li>\n<\/ul>\n\t\t\t\t\t\t\t\t<\/div>\n\t\t\t\t<\/div>\n\t\t\t\t\t<\/div>\n\t\t<\/div>\n\t\t\t\t<div class=\"elementor-column elementor-col-33 elementor-inner-column elementor-element elementor-element-ffbfb0c\" data-id=\"ffbfb0c\" data-element_type=\"column\">\n\t\t\t<div class=\"elementor-widget-wrap elementor-element-populated\">\n\t\t\t\t\t\t<div class=\"elementor-element elementor-element-6737c73 elementor-widget elementor-widget-text-editor\" data-id=\"6737c73\" data-element_type=\"widget\" data-widget_type=\"text-editor.default\">\n\t\t\t\t<div class=\"elementor-widget-container\">\n\t\t\t\t\t\t\t\t\t<h3 style=\"text-align: center;\">Indirecto<\/h3>\n<ul>\n<li>educadores de adultos<\/li>\n<li>consejeros<\/li>\n<li>psic\u00f3logos<\/li>\n<li>personal de centros comunitarios<\/li>\n<li>profesionales que trabajan con personas en temas relacionados con el envejecimiento y\/o situaciones de cambio<\/li>\n<\/ul>\n\t\t\t\t\t\t\t\t<\/div>\n\t\t\t\t<\/div>\n\t\t\t\t\t<\/div>\n\t\t<\/div>\n\t\t\t\t<div class=\"elementor-column elementor-col-33 elementor-inner-column elementor-element elementor-element-405e2dd\" data-id=\"405e2dd\" data-element_type=\"column\">\n\t\t\t<div class=\"elementor-widget-wrap elementor-element-populated\">\n\t\t\t\t\t\t<div class=\"elementor-element elementor-element-57cc737 elementor-widget elementor-widget-text-editor\" data-id=\"57cc737\" data-element_type=\"widget\" data-widget_type=\"text-editor.default\">\n\t\t\t\t<div class=\"elementor-widget-container\">\n\t\t\t\t\t\t\t\t\t<h3 style=\"text-align: center;\">Partes interesadas<\/h3>\n<ul>\n<li>autoridades locales y regionales de todos los pa\u00edses del Proyecto<\/li>\n<li>ONG y asociaciones relacionadas con el envejecimiento y\/o el apoyo a las personas mayores<\/li>\n<li>Universidades<\/li>\n<li>centros de investigaci\u00f3n<\/li>\n<li>\tproveedores de educaci\u00f3n para adultos<\/li>\n<\/ul>\n\t\t\t\t\t\t\t\t<\/div>\n\t\t\t\t<\/div>\n\t\t\t\t\t<\/div>\n\t\t<\/div>\n\t\t\t\t\t<\/div>\n\t\t<\/section>\n\t\t\t\t<div class=\"elementor-element elementor-element-7f6546a elementor-widget elementor-widget-spacer\" data-id=\"7f6546a\" data-element_type=\"widget\" data-widget_type=\"spacer.default\">\n\t\t\t\t<div class=\"elementor-widget-container\">\n\t\t\t\t\t\t\t<div class=\"elementor-spacer\">\n\t\t\t<div class=\"elementor-spacer-inner\"><\/div>\n\t\t<\/div>\n\t\t\t\t\t\t<\/div>\n\t\t\t\t<\/div>\n\t\t\t\t<section class=\"elementor-section elementor-inner-section elementor-element elementor-element-1e02dba elementor-section-boxed elementor-section-height-default elementor-section-height-default\" data-id=\"1e02dba\" data-element_type=\"section\">\n\t\t\t\t\t\t<div class=\"elementor-container elementor-column-gap-default\">\n\t\t\t\t\t<div class=\"elementor-column elementor-col-50 elementor-inner-column elementor-element elementor-element-9b9daac\" data-id=\"9b9daac\" data-element_type=\"column\">\n\t\t\t<div class=\"elementor-widget-wrap elementor-element-populated\">\n\t\t\t\t\t\t<div class=\"elementor-element elementor-element-fb705f6 elementor-widget elementor-widget-text-editor\" data-id=\"fb705f6\" data-element_type=\"widget\" data-widget_type=\"text-editor.default\">\n\t\t\t\t<div class=\"elementor-widget-container\">\n\t\t\t\t\t\t\t\t\t<h3 style=\"text-align: center;\">P\u00f3ster<\/h3>\n\t\t\t\t\t\t\t\t<\/div>\n\t\t\t\t<\/div>\n\t\t\t\t<div class=\"elementor-element elementor-element-4c4d7bb elementor-widget elementor-widget-image\" data-id=\"4c4d7bb\" data-element_type=\"widget\" data-widget_type=\"image.default\">\n\t\t\t\t<div class=\"elementor-widget-container\">\n\t\t\t\t\t\t\t\t\t\t\t\t\t\t\t\t<a href=\"https:\/\/senquality.eu\/wp-content\/uploads\/2021\/09\/SenQuality-A3-Poster-ES.pdf\" target=\"_blank\">\n\t\t\t\t\t\t\t<img loading=\"lazy\" decoding=\"async\" width=\"600\" height=\"336\" src=\"https:\/\/senquality.eu\/wp-content\/uploads\/2021\/09\/SenQuality-Poster-Mockup-ES.png\" class=\"attachment-large size-large wp-image-4705\" alt=\"\" srcset=\"https:\/\/senquality.eu\/wp-content\/uploads\/2021\/09\/SenQuality-Poster-Mockup-ES.png 600w, https:\/\/senquality.eu\/wp-content\/uploads\/2021\/09\/SenQuality-Poster-Mockup-ES-300x168.png 300w\" sizes=\"(max-width: 600px) 100vw, 600px\" \/>\t\t\t\t\t\t\t\t<\/a>\n\t\t\t\t\t\t\t\t\t\t\t\t\t\t\t<\/div>\n\t\t\t\t<\/div>\n\t\t\t\t\t<\/div>\n\t\t<\/div>\n\t\t\t\t<div class=\"elementor-column elementor-col-50 elementor-inner-column elementor-element elementor-element-97f0cba\" data-id=\"97f0cba\" data-element_type=\"column\">\n\t\t\t<div class=\"elementor-widget-wrap elementor-element-populated\">\n\t\t\t\t\t\t<div class=\"elementor-element elementor-element-2d6025f elementor-widget elementor-widget-text-editor\" data-id=\"2d6025f\" data-element_type=\"widget\" data-widget_type=\"text-editor.default\">\n\t\t\t\t<div class=\"elementor-widget-container\">\n\t\t\t\t\t\t\t\t\t<h3 style=\"text-align: center;\">folleto<\/h3>\n\t\t\t\t\t\t\t\t<\/div>\n\t\t\t\t<\/div>\n\t\t\t\t<div class=\"elementor-element elementor-element-1d321a5 elementor-widget elementor-widget-image\" data-id=\"1d321a5\" data-element_type=\"widget\" data-widget_type=\"image.default\">\n\t\t\t\t<div class=\"elementor-widget-container\">\n\t\t\t\t\t\t\t\t\t\t\t\t\t\t\t\t<a href=\"https:\/\/senquality.eu\/wp-content\/uploads\/2021\/09\/SenQuality-Trifold-Brochure-ES.pdf\" target=\"_blank\">\n\t\t\t\t\t\t\t<img loading=\"lazy\" decoding=\"async\" width=\"600\" height=\"336\" src=\"https:\/\/senquality.eu\/wp-content\/uploads\/2021\/09\/SenQuality-Trifold-Brochure-ES.png\" class=\"attachment-large size-large wp-image-4505\" alt=\"SenQuality-Trifold-Brochure-ES\" srcset=\"https:\/\/senquality.eu\/wp-content\/uploads\/2021\/09\/SenQuality-Trifold-Brochure-ES.png 600w, https:\/\/senquality.eu\/wp-content\/uploads\/2021\/09\/SenQuality-Trifold-Brochure-ES-300x168.png 300w\" sizes=\"(max-width: 600px) 100vw, 600px\" \/>\t\t\t\t\t\t\t\t<\/a>\n\t\t\t\t\t\t\t\t\t\t\t\t\t\t\t<\/div>\n\t\t\t\t<\/div>\n\t\t\t\t\t<\/div>\n\t\t<\/div>\n\t\t\t\t\t<\/div>\n\t\t<\/section>\n\t\t\t\t<div class=\"elementor-element elementor-element-3a4c0d6 elementor-widget elementor-widget-spacer\" data-id=\"3a4c0d6\" data-element_type=\"widget\" data-widget_type=\"spacer.default\">\n\t\t\t\t<div class=\"elementor-widget-container\">\n\t\t\t\t\t\t\t<div class=\"elementor-spacer\">\n\t\t\t<div class=\"elementor-spacer-inner\"><\/div>\n\t\t<\/div>\n\t\t\t\t\t\t<\/div>\n\t\t\t\t<\/div>\n\t\t\t\t\t<\/div>\n\t\t<\/div>\n\t\t\t\t\t<\/div>\n\t\t<\/section>\n\t\t\t\t<section class=\"elementor-section elementor-top-section elementor-element elementor-element-f50958b elementor-section-content-middle elementor-section-boxed elementor-section-height-default elementor-section-height-default\" data-id=\"f50958b\" data-element_type=\"section\">\n\t\t\t\t\t\t<div class=\"elementor-container elementor-column-gap-default\">\n\t\t\t\t\t<div class=\"elementor-column elementor-col-50 elementor-top-column elementor-element elementor-element-5c6c0e2\" data-id=\"5c6c0e2\" data-element_type=\"column\">\n\t\t\t<div class=\"elementor-widget-wrap\">\n\t\t\t\t\t\t\t<\/div>\n\t\t<\/div>\n\t\t\t\t<div class=\"elementor-column elementor-col-50 elementor-top-column elementor-element elementor-element-e057d3b\" data-id=\"e057d3b\" data-element_type=\"column\">\n\t\t\t<div class=\"elementor-widget-wrap\">\n\t\t\t\t\t\t\t<\/div>\n\t\t<\/div>\n\t\t\t\t\t<\/div>\n\t\t<\/section>\n\t\t\t\t<\/div>\n\t\t","protected":false},"excerpt":{"rendered":"<p>preparaci\u00f3n para la edad avanzada SenQuality quiere concienciar sobre la importancia de planificar la vida posterior de forma positiva y ofrecer una herramienta de planificaci\u00f3n individual, f\u00e1cilmente accesible y flexible para las medidas propias. La prioridad del proyecto es la preparaci\u00f3n individual para la vida posterior con el fin de apoyar el bienestar en la [&hellip;]<\/p>\n","protected":false},"author":2,"featured_media":6783,"parent":0,"menu_order":0,"comment_status":"closed","ping_status":"closed","template":"elementor_header_footer","meta":{"site-sidebar-layout":"no-sidebar","site-content-layout":"page-builder","ast-site-content-layout":"","site-content-style":"default","site-sidebar-style":"default","ast-global-header-display":"","ast-banner-title-visibility":"","ast-main-header-display":"","ast-hfb-above-header-display":"","ast-hfb-below-header-display":"","ast-hfb-mobile-header-display":"","site-post-title":"disabled","ast-breadcrumbs-content":"","ast-featured-img":"disabled","footer-sml-layout":"","theme-transparent-header-meta":"enabled","adv-header-id-meta":"","stick-header-meta":"default","header-above-stick-meta":"","header-main-stick-meta":"","header-below-stick-meta":"","astra-migrate-meta-layouts":"default","ast-page-background-enabled":"default","ast-page-background-meta":{"desktop":{"background-color":"","background-image":"","background-repeat":"repeat","background-position":"center center","background-size":"auto","background-attachment":"scroll","background-type":"","background-media":"","overlay-type":"","overlay-color":"","overlay-opacity":"","overlay-gradient":""},"tablet":{"background-color":"","background-image":"","background-repeat":"repeat","background-position":"center center","background-size":"auto","background-attachment":"scroll","background-type":"","background-media":"","overlay-type":"","overlay-color":"","overlay-opacity":"","overlay-gradient":""},"mobile":{"background-color":"","background-image":"","background-repeat":"repeat","background-position":"center center","background-size":"auto","background-attachment":"scroll","background-type":"","background-media":"","overlay-type":"","overlay-color":"","overlay-opacity":"","overlay-gradient":""}},"ast-content-background-meta":{"desktop":{"background-color":"var(--ast-global-color-5)","background-image":"","background-repeat":"repeat","background-position":"center center","background-size":"auto","background-attachment":"scroll","background-type":"","background-media":"","overlay-type":"","overlay-color":"","overlay-opacity":"","overlay-gradient":""},"tablet":{"background-color":"var(--ast-global-color-5)","background-image":"","background-repeat":"repeat","background-position":"center center","background-size":"auto","background-attachment":"scroll","background-type":"","background-media":"","overlay-type":"","overlay-color":"","overlay-opacity":"","overlay-gradient":""},"mobile":{"background-color":"var(--ast-global-color-5)","background-image":"","background-repeat":"repeat","background-position":"center center","background-size":"auto","background-attachment":"scroll","background-type":"","background-media":"","overlay-type":"","overlay-color":"","overlay-opacity":"","overlay-gradient":""}},"footnotes":""},"_links":{"self":[{"href":"https:\/\/senquality.eu\/es\/wp-json\/wp\/v2\/pages\/3716"}],"collection":[{"href":"https:\/\/senquality.eu\/es\/wp-json\/wp\/v2\/pages"}],"about":[{"href":"https:\/\/senquality.eu\/es\/wp-json\/wp\/v2\/types\/page"}],"author":[{"embeddable":true,"href":"https:\/\/senquality.eu\/es\/wp-json\/wp\/v2\/users\/2"}],"replies":[{"embeddable":true,"href":"https:\/\/senquality.eu\/es\/wp-json\/wp\/v2\/comments?post=3716"}],"version-history":[{"count":10,"href":"https:\/\/senquality.eu\/es\/wp-json\/wp\/v2\/pages\/3716\/revisions"}],"predecessor-version":[{"id":4714,"href":"https:\/\/senquality.eu\/es\/wp-json\/wp\/v2\/pages\/3716\/revisions\/4714"}],"wp:featuredmedia":[{"embeddable":true,"href":"https:\/\/senquality.eu\/es\/wp-json\/wp\/v2\/media\/6783"}],"wp:attachment":[{"href":"https:\/\/senquality.eu\/es\/wp-json\/wp\/v2\/media?parent=3716"}],"curies":[{"name":"wp","href":"https:\/\/api.w.org\/{rel}","templated":true}]}}