{"id":2002,"date":"2021-05-18T13:41:28","date_gmt":"2021-05-18T11:41:28","guid":{"rendered":"https:\/\/senquality.eu\/das-projekt\/"},"modified":"2021-09-27T12:41:09","modified_gmt":"2021-09-27T10:41:09","slug":"das-projekt","status":"publish","type":"page","link":"https:\/\/senquality.eu\/de\/das-projekt\/","title":{"rendered":"DAS PROJEKT"},"content":{"rendered":"\t\t<div data-elementor-type=\"wp-page\" data-elementor-id=\"2002\" class=\"elementor elementor-2002 elementor-604\">\n\t\t\t\t\t\t<section class=\"elementor-section elementor-top-section elementor-element elementor-element-1f116fb elementor-section-boxed elementor-section-height-default elementor-section-height-default\" data-id=\"1f116fb\" data-element_type=\"section\">\n\t\t\t\t\t\t<div class=\"elementor-container elementor-column-gap-default\">\n\t\t\t\t\t<div class=\"elementor-column elementor-col-100 elementor-top-column elementor-element elementor-element-b8a091a\" data-id=\"b8a091a\" data-element_type=\"column\">\n\t\t\t<div class=\"elementor-widget-wrap elementor-element-populated\">\n\t\t\t\t\t\t<div class=\"elementor-element elementor-element-40c8c27 elementor-widget elementor-widget-spacer\" data-id=\"40c8c27\" data-element_type=\"widget\" data-widget_type=\"spacer.default\">\n\t\t\t\t<div class=\"elementor-widget-container\">\n\t\t\t\t\t\t\t<div class=\"elementor-spacer\">\n\t\t\t<div class=\"elementor-spacer-inner\"><\/div>\n\t\t<\/div>\n\t\t\t\t\t\t<\/div>\n\t\t\t\t<\/div>\n\t\t\t\t\t<\/div>\n\t\t<\/div>\n\t\t\t\t\t<\/div>\n\t\t<\/section>\n\t\t\t\t<section class=\"elementor-section elementor-top-section elementor-element elementor-element-1c2c8c1 elementor-section-boxed elementor-section-height-default elementor-section-height-default\" data-id=\"1c2c8c1\" data-element_type=\"section\">\n\t\t\t\t\t\t<div class=\"elementor-container elementor-column-gap-default\">\n\t\t\t\t\t<div class=\"elementor-column elementor-col-100 elementor-top-column elementor-element elementor-element-cd9d924\" data-id=\"cd9d924\" data-element_type=\"column\">\n\t\t\t<div class=\"elementor-widget-wrap elementor-element-populated\">\n\t\t\t\t\t\t<div class=\"elementor-element elementor-element-ff550a4 elementor-widget elementor-widget-spacer\" data-id=\"ff550a4\" data-element_type=\"widget\" data-widget_type=\"spacer.default\">\n\t\t\t\t<div class=\"elementor-widget-container\">\n\t\t\t\t\t\t\t<div class=\"elementor-spacer\">\n\t\t\t<div class=\"elementor-spacer-inner\"><\/div>\n\t\t<\/div>\n\t\t\t\t\t\t<\/div>\n\t\t\t\t<\/div>\n\t\t\t\t\t<\/div>\n\t\t<\/div>\n\t\t\t\t\t<\/div>\n\t\t<\/section>\n\t\t\t\t<section class=\"elementor-section elementor-top-section elementor-element elementor-element-3a3a580 elementor-section-boxed elementor-section-height-default elementor-section-height-default\" data-id=\"3a3a580\" data-element_type=\"section\">\n\t\t\t\t\t\t<div class=\"elementor-container elementor-column-gap-default\">\n\t\t\t\t\t<div class=\"elementor-column elementor-col-100 elementor-top-column elementor-element elementor-element-c8727c4\" data-id=\"c8727c4\" data-element_type=\"column\">\n\t\t\t<div class=\"elementor-widget-wrap elementor-element-populated\">\n\t\t\t\t\t\t<div class=\"elementor-element elementor-element-84f9cba elementor-widget elementor-widget-heading\" data-id=\"84f9cba\" data-element_type=\"widget\" data-widget_type=\"heading.default\">\n\t\t\t\t<div class=\"elementor-widget-container\">\n\t\t\t\t\t<h3 class=\"elementor-heading-title elementor-size-default\">Vorbereitung auf das sp\u00e4tere Leben<\/h3>\t\t\t\t<\/div>\n\t\t\t\t<\/div>\n\t\t\t\t<div class=\"elementor-element elementor-element-1faa4e1 elementor-widget elementor-widget-text-editor\" data-id=\"1faa4e1\" data-element_type=\"widget\" data-widget_type=\"text-editor.default\">\n\t\t\t\t<div class=\"elementor-widget-container\">\n\t\t\t\t\t\t\t\t\t<p class=\"western\" lang=\"en-US\" align=\"justify\">SenQuality m\u00f6chte das Bewusstsein f\u00fcr die Bedeutung einer positiven Planung f\u00fcr das sp\u00e4tere Leben st\u00e4rken und ein individuelles, leicht zug\u00e4ngliches und flexibles Planungsinstrument f\u00fcr eigene Ma\u00dfnahmen anbieten. Die Priorit\u00e4t des Projekts ist die individuelle Vorbereitung auf das sp\u00e4tere Leben, um das Wohlbefinden im dritten und vierten Lebensalter zu unterst\u00fctzen.<br \/>\nIm Projekt verstehen wir das Altern als einen vielschichtigen Prozess, der das Leben auf viele verschiedene Arten beeinflusst. Daher konzentrieren wir uns nicht nur auf finanzielle Vorbereitung oder Gesundheitsma\u00dfnahmen, sondern auf insgesamt 9 miteinander verbundene Lebensbereiche: Finanzen, Notf\u00e4lle und au\u00dfergew\u00f6hnliche Umst\u00e4nde, geistige und k\u00f6rperliche Fitness, Wohnen, Aussehen und Erscheinungsbild, soziale Beziehungen, Gesundheit, Freizeitaktivit\u00e4ten und Lebensstil sowie Arbeit und Besch\u00e4ftigung. Wir haben uns bei diesem Ansatz an den Arbeiten der WissenschaftlerInnen Anna E. Kornadt und Klaus Rothermund orientiert.<\/p>\n\t\t\t\t\t\t\t\t<\/div>\n\t\t\t\t<\/div>\n\t\t\t\t<div class=\"elementor-element elementor-element-8f29411 elementor-widget elementor-widget-spacer\" data-id=\"8f29411\" data-element_type=\"widget\" data-widget_type=\"spacer.default\">\n\t\t\t\t<div class=\"elementor-widget-container\">\n\t\t\t\t\t\t\t<div class=\"elementor-spacer\">\n\t\t\t<div class=\"elementor-spacer-inner\"><\/div>\n\t\t<\/div>\n\t\t\t\t\t\t<\/div>\n\t\t\t\t<\/div>\n\t\t\t\t\t<\/div>\n\t\t<\/div>\n\t\t\t\t\t<\/div>\n\t\t<\/section>\n\t\t\t\t<section class=\"elementor-section elementor-top-section elementor-element elementor-element-af960cc elementor-section-content-middle elementor-section-boxed elementor-section-height-default elementor-section-height-default\" data-id=\"af960cc\" data-element_type=\"section\">\n\t\t\t\t\t\t<div class=\"elementor-container elementor-column-gap-default\">\n\t\t\t\t\t<div class=\"elementor-column elementor-col-66 elementor-top-column elementor-element elementor-element-9fa1b40\" data-id=\"9fa1b40\" data-element_type=\"column\">\n\t\t\t<div class=\"elementor-widget-wrap elementor-element-populated\">\n\t\t\t\t\t\t<div class=\"elementor-element elementor-element-b5f6eac elementor-widget elementor-widget-text-editor\" data-id=\"b5f6eac\" data-element_type=\"widget\" data-widget_type=\"text-editor.default\">\n\t\t\t\t<div class=\"elementor-widget-container\">\n\t\t\t\t\t\t\t\t\t<h3>Die Ziele des Projekts sind<\/h3>\n<ul>\n<li>das Bewusstsein von Erwachsenen und Organisationen f\u00fcr die Bedeutung der Planung des sp\u00e4teren Lebens zu erh\u00f6hen<\/li>\n<li>zu motivieren, mit der Vorbereitung auf das dritte und vierte Lebensalter zu beginnen<\/li>\n<li>ein Handbuch zu erstellen, das die Bereiche der Vorbereitung und gute Beispiele aus den EU-L\u00e4ndern beschreibt<\/li>\n<li>eine digitale Plattform zu schaffen, die auf Selbstreflexion f\u00fcr die pers\u00f6nliche Planung des sp\u00e4teren Lebens basiert<\/li>\n<li>ein Werkzeug zur Verf\u00fcgung stellen, um einen Aktionsplan zu erstellen, der zu den pers\u00f6nlichen Zielen der PlanerIn passt<\/li>\n<\/ul>\n\t\t\t\t\t\t\t\t<\/div>\n\t\t\t\t<\/div>\n\t\t\t\t\t<\/div>\n\t\t<\/div>\n\t\t\t\t<div class=\"elementor-column elementor-col-33 elementor-top-column elementor-element elementor-element-4dc604c\" data-id=\"4dc604c\" data-element_type=\"column\">\n\t\t\t<div class=\"elementor-widget-wrap elementor-element-populated\">\n\t\t\t\t\t\t<div class=\"elementor-element elementor-element-8ce0683 elementor-widget elementor-widget-image\" data-id=\"8ce0683\" data-element_type=\"widget\" data-widget_type=\"image.default\">\n\t\t\t\t<div class=\"elementor-widget-container\">\n\t\t\t\t\t\t\t\t\t\t\t\t\t\t\t<img fetchpriority=\"high\" decoding=\"async\" width=\"250\" height=\"250\" src=\"https:\/\/senquality.eu\/wp-content\/uploads\/2021\/01\/objectives-banner-250px.png\" class=\"attachment-large size-large wp-image-2004\" alt=\"project\" srcset=\"https:\/\/senquality.eu\/wp-content\/uploads\/2021\/01\/objectives-banner-250px.png 250w, https:\/\/senquality.eu\/wp-content\/uploads\/2021\/01\/objectives-banner-250px-150x150.png 150w\" sizes=\"(max-width: 250px) 100vw, 250px\" \/>\t\t\t\t\t\t\t\t\t\t\t\t\t\t\t<\/div>\n\t\t\t\t<\/div>\n\t\t\t\t\t<\/div>\n\t\t<\/div>\n\t\t\t\t\t<\/div>\n\t\t<\/section>\n\t\t\t\t<section class=\"elementor-section elementor-top-section elementor-element elementor-element-55bd915 elementor-section-boxed elementor-section-height-default elementor-section-height-default\" data-id=\"55bd915\" data-element_type=\"section\">\n\t\t\t\t\t\t<div class=\"elementor-container elementor-column-gap-default\">\n\t\t\t\t\t<div class=\"elementor-column elementor-col-100 elementor-top-column elementor-element elementor-element-82d6799\" data-id=\"82d6799\" data-element_type=\"column\">\n\t\t\t<div class=\"elementor-widget-wrap elementor-element-populated\">\n\t\t\t\t\t\t<div class=\"elementor-element elementor-element-dd7099c elementor-widget elementor-widget-spacer\" data-id=\"dd7099c\" data-element_type=\"widget\" data-widget_type=\"spacer.default\">\n\t\t\t\t<div class=\"elementor-widget-container\">\n\t\t\t\t\t\t\t<div class=\"elementor-spacer\">\n\t\t\t<div class=\"elementor-spacer-inner\"><\/div>\n\t\t<\/div>\n\t\t\t\t\t\t<\/div>\n\t\t\t\t<\/div>\n\t\t\t\t\t<\/div>\n\t\t<\/div>\n\t\t\t\t\t<\/div>\n\t\t<\/section>\n\t\t\t\t<section class=\"elementor-section elementor-top-section elementor-element elementor-element-c86c7d4 elementor-section-content-middle elementor-section-boxed elementor-section-height-default elementor-section-height-default\" data-id=\"c86c7d4\" data-element_type=\"section\">\n\t\t\t\t\t\t<div class=\"elementor-container elementor-column-gap-default\">\n\t\t\t\t\t<div class=\"elementor-column elementor-col-33 elementor-top-column elementor-element elementor-element-e2ad1c1\" data-id=\"e2ad1c1\" data-element_type=\"column\">\n\t\t\t<div class=\"elementor-widget-wrap elementor-element-populated\">\n\t\t\t\t\t\t<div class=\"elementor-element elementor-element-c961c91 elementor-widget elementor-widget-image\" data-id=\"c961c91\" data-element_type=\"widget\" data-widget_type=\"image.default\">\n\t\t\t\t<div class=\"elementor-widget-container\">\n\t\t\t\t\t\t\t\t\t\t\t\t\t\t\t<img decoding=\"async\" width=\"250\" height=\"250\" src=\"https:\/\/senquality.eu\/wp-content\/uploads\/2021\/01\/impact-banner@250px.png\" class=\"attachment-large size-large wp-image-2011\" alt=\"project impact\" srcset=\"https:\/\/senquality.eu\/wp-content\/uploads\/2021\/01\/impact-banner@250px.png 250w, https:\/\/senquality.eu\/wp-content\/uploads\/2021\/01\/impact-banner@250px-150x150.png 150w\" sizes=\"(max-width: 250px) 100vw, 250px\" \/>\t\t\t\t\t\t\t\t\t\t\t\t\t\t\t<\/div>\n\t\t\t\t<\/div>\n\t\t\t\t\t<\/div>\n\t\t<\/div>\n\t\t\t\t<div class=\"elementor-column elementor-col-66 elementor-top-column elementor-element elementor-element-4128b78\" data-id=\"4128b78\" data-element_type=\"column\">\n\t\t\t<div class=\"elementor-widget-wrap elementor-element-populated\">\n\t\t\t\t\t\t<div class=\"elementor-element elementor-element-5ae6107 elementor-widget elementor-widget-text-editor\" data-id=\"5ae6107\" data-element_type=\"widget\" data-widget_type=\"text-editor.default\">\n\t\t\t\t<div class=\"elementor-widget-container\">\n\t\t\t\t\t\t\t\t\t<h3>WIRKUNG<\/h3>\n<ul>\n<li>Verst\u00e4ndnis f\u00fcr die Notwendigkeit der Vorbereitung auf das sp\u00e4tere Leben in verschiedenen Lebensbereichen<\/li>\n<li>Bessere Akzeptanz von praktischen Anwendungen zur Vorbereitung auf altersbedingte Ver\u00e4nderungen<\/li>\n<li>Motivation, vorbereitende Ma\u00dfnahmen zu ergreifen<\/li>\n<li>Initiative, zu lernen und aktiv \u00fcber die Zukunft nachzudenken<\/li>\n<li>Angebot eines neuen und attraktiven Online-Tools f\u00fcr Interessierte<\/li>\n<li>\uf0a7\tVerst\u00e4ndnis f\u00fcr die europ\u00e4ische Dimension des demografischen Wandels und der Vorbereitung auf das sp\u00e4tere Leben, die F\u00e4higkeit, Situationen zu vergleichen und Beispiele guter Praxis aus anderen L\u00e4ndern zu ber\u00fccksichtigen<\/li>\n<\/ul>\n\t\t\t\t\t\t\t\t<\/div>\n\t\t\t\t<\/div>\n\t\t\t\t\t<\/div>\n\t\t<\/div>\n\t\t\t\t\t<\/div>\n\t\t<\/section>\n\t\t\t\t<section class=\"elementor-section elementor-top-section elementor-element elementor-element-1a48cbb elementor-section-boxed elementor-section-height-default elementor-section-height-default\" data-id=\"1a48cbb\" data-element_type=\"section\">\n\t\t\t\t\t\t<div class=\"elementor-container elementor-column-gap-default\">\n\t\t\t\t\t<div class=\"elementor-column elementor-col-100 elementor-top-column elementor-element elementor-element-eaade34\" data-id=\"eaade34\" data-element_type=\"column\">\n\t\t\t<div class=\"elementor-widget-wrap elementor-element-populated\">\n\t\t\t\t\t\t<div class=\"elementor-element elementor-element-9fbf4c1 elementor-widget elementor-widget-spacer\" data-id=\"9fbf4c1\" data-element_type=\"widget\" data-widget_type=\"spacer.default\">\n\t\t\t\t<div class=\"elementor-widget-container\">\n\t\t\t\t\t\t\t<div class=\"elementor-spacer\">\n\t\t\t<div class=\"elementor-spacer-inner\"><\/div>\n\t\t<\/div>\n\t\t\t\t\t\t<\/div>\n\t\t\t\t<\/div>\n\t\t\t\t<div class=\"elementor-element elementor-element-ca0c726 elementor-widget elementor-widget-heading\" data-id=\"ca0c726\" data-element_type=\"widget\" data-widget_type=\"heading.default\">\n\t\t\t\t<div class=\"elementor-widget-container\">\n\t\t\t\t\t<h3 class=\"elementor-heading-title elementor-size-default\">Zielgruppen<\/h3>\t\t\t\t<\/div>\n\t\t\t\t<\/div>\n\t\t\t\t<div class=\"elementor-element elementor-element-d021654 elementor-widget elementor-widget-image\" data-id=\"d021654\" data-element_type=\"widget\" data-widget_type=\"image.default\">\n\t\t\t\t<div class=\"elementor-widget-container\">\n\t\t\t\t\t\t\t\t\t\t\t\t\t\t\t<img decoding=\"async\" width=\"1200\" height=\"560\" src=\"https:\/\/senquality.eu\/wp-content\/uploads\/2021\/03\/target-groups-banner.png\" class=\"attachment-full size-full wp-image-2018\" alt=\"project target groups\" srcset=\"https:\/\/senquality.eu\/wp-content\/uploads\/2021\/03\/target-groups-banner.png 1200w, https:\/\/senquality.eu\/wp-content\/uploads\/2021\/03\/target-groups-banner-300x140.png 300w, https:\/\/senquality.eu\/wp-content\/uploads\/2021\/03\/target-groups-banner-1024x478.png 1024w, https:\/\/senquality.eu\/wp-content\/uploads\/2021\/03\/target-groups-banner-768x358.png 768w\" sizes=\"(max-width: 1200px) 100vw, 1200px\" \/>\t\t\t\t\t\t\t\t\t\t\t\t\t\t\t<\/div>\n\t\t\t\t<\/div>\n\t\t\t\t<section class=\"elementor-section elementor-inner-section elementor-element elementor-element-eb60fd0 elementor-section-boxed elementor-section-height-default elementor-section-height-default\" data-id=\"eb60fd0\" data-element_type=\"section\">\n\t\t\t\t\t\t<div class=\"elementor-container elementor-column-gap-default\">\n\t\t\t\t\t<div class=\"elementor-column elementor-col-33 elementor-inner-column elementor-element elementor-element-9051f65\" data-id=\"9051f65\" data-element_type=\"column\">\n\t\t\t<div class=\"elementor-widget-wrap elementor-element-populated\">\n\t\t\t\t\t\t<div class=\"elementor-element elementor-element-5142788 elementor-widget elementor-widget-text-editor\" data-id=\"5142788\" data-element_type=\"widget\" data-widget_type=\"text-editor.default\">\n\t\t\t\t<div class=\"elementor-widget-container\">\n\t\t\t\t\t\t\t\t\t<h3 style=\"text-align: center;\">Direct<\/h3>\n<ul>\n<li>Erwachsene mittleren Alters<\/li>\n<li>Aktive \u00e4ltere Menschen<\/li>\n<\/ul>\n\t\t\t\t\t\t\t\t<\/div>\n\t\t\t\t<\/div>\n\t\t\t\t\t<\/div>\n\t\t<\/div>\n\t\t\t\t<div class=\"elementor-column elementor-col-33 elementor-inner-column elementor-element elementor-element-ffbfb0c\" data-id=\"ffbfb0c\" data-element_type=\"column\">\n\t\t\t<div class=\"elementor-widget-wrap elementor-element-populated\">\n\t\t\t\t\t\t<div class=\"elementor-element elementor-element-6737c73 elementor-widget elementor-widget-text-editor\" data-id=\"6737c73\" data-element_type=\"widget\" data-widget_type=\"text-editor.default\">\n\t\t\t\t<div class=\"elementor-widget-container\">\n\t\t\t\t\t\t\t\t\t<h3 style=\"text-align: center;\">Indire\u03bat<\/h3>\n<ul>\n<li>ErwachsenenbildnerInnen<\/li>\n<li>BeraterInnen<\/li>\n<li>\tPsychologInnen<\/li>\n<li>MitarbeiterInnen in Gemeindezentren <\/li>\n<li>Fachleute, die mit Menschen in altersrelevanten Themen und\/oder Ver\u00e4nderungssituationen arbeiten<\/li>\n<\/ul>\n\t\t\t\t\t\t\t\t<\/div>\n\t\t\t\t<\/div>\n\t\t\t\t\t<\/div>\n\t\t<\/div>\n\t\t\t\t<div class=\"elementor-column elementor-col-33 elementor-inner-column elementor-element elementor-element-405e2dd\" data-id=\"405e2dd\" data-element_type=\"column\">\n\t\t\t<div class=\"elementor-widget-wrap elementor-element-populated\">\n\t\t\t\t\t\t<div class=\"elementor-element elementor-element-57cc737 elementor-widget elementor-widget-text-editor\" data-id=\"57cc737\" data-element_type=\"widget\" data-widget_type=\"text-editor.default\">\n\t\t\t\t<div class=\"elementor-widget-container\">\n\t\t\t\t\t\t\t\t\t<h3 style=\"text-align: center;\">InteressensvertreterInnen<\/h3>\n<ul>\n<li>lokale und regionale Beh\u00f6rden in allen Projektl\u00e4ndern<\/li>\n<li>NGOs und Verb\u00e4nde, die sich mit dem Altern und\/oder der Unterst\u00fctzung von SeniorInnen besch\u00e4ftigen<\/li>\n<li>Universit\u00e4ten <\/li>\n<li>\uf0a7\tForschungszentren<\/li>\n<li>Anbieter von Erwachsenenbildung<\/li>\n<\/ul>\n\t\t\t\t\t\t\t\t<\/div>\n\t\t\t\t<\/div>\n\t\t\t\t\t<\/div>\n\t\t<\/div>\n\t\t\t\t\t<\/div>\n\t\t<\/section>\n\t\t\t\t<div class=\"elementor-element elementor-element-7f6546a elementor-widget elementor-widget-spacer\" data-id=\"7f6546a\" data-element_type=\"widget\" data-widget_type=\"spacer.default\">\n\t\t\t\t<div class=\"elementor-widget-container\">\n\t\t\t\t\t\t\t<div class=\"elementor-spacer\">\n\t\t\t<div class=\"elementor-spacer-inner\"><\/div>\n\t\t<\/div>\n\t\t\t\t\t\t<\/div>\n\t\t\t\t<\/div>\n\t\t\t\t<section class=\"elementor-section elementor-inner-section elementor-element elementor-element-1d2f223 elementor-section-boxed elementor-section-height-default elementor-section-height-default\" data-id=\"1d2f223\" data-element_type=\"section\">\n\t\t\t\t\t\t<div class=\"elementor-container elementor-column-gap-default\">\n\t\t\t\t\t<div class=\"elementor-column elementor-col-50 elementor-inner-column elementor-element elementor-element-c4c269b\" data-id=\"c4c269b\" data-element_type=\"column\">\n\t\t\t<div class=\"elementor-widget-wrap elementor-element-populated\">\n\t\t\t\t\t\t<div class=\"elementor-element elementor-element-d9a90e0 elementor-widget elementor-widget-text-editor\" data-id=\"d9a90e0\" data-element_type=\"widget\" data-widget_type=\"text-editor.default\">\n\t\t\t\t<div class=\"elementor-widget-container\">\n\t\t\t\t\t\t\t\t\t<h3 style=\"text-align: center;\">poster<\/h3>\t\t\t\t\t\t\t\t<\/div>\n\t\t\t\t<\/div>\n\t\t\t\t<div class=\"elementor-element elementor-element-bb11194 elementor-widget elementor-widget-image\" data-id=\"bb11194\" data-element_type=\"widget\" data-widget_type=\"image.default\">\n\t\t\t\t<div class=\"elementor-widget-container\">\n\t\t\t\t\t\t\t\t\t\t\t\t\t\t\t\t<a href=\"https:\/\/senquality.eu\/wp-content\/uploads\/2021\/09\/SenQuality-A3-Poster-DE.pdf\" target=\"_blank\">\n\t\t\t\t\t\t\t<img loading=\"lazy\" decoding=\"async\" width=\"600\" height=\"336\" src=\"https:\/\/senquality.eu\/wp-content\/uploads\/2021\/09\/SenQuality-Poster-Mockup-DE.png\" class=\"attachment-full size-full wp-image-4659\" alt=\"\" srcset=\"https:\/\/senquality.eu\/wp-content\/uploads\/2021\/09\/SenQuality-Poster-Mockup-DE.png 600w, https:\/\/senquality.eu\/wp-content\/uploads\/2021\/09\/SenQuality-Poster-Mockup-DE-300x168.png 300w\" sizes=\"(max-width: 600px) 100vw, 600px\" \/>\t\t\t\t\t\t\t\t<\/a>\n\t\t\t\t\t\t\t\t\t\t\t\t\t\t\t<\/div>\n\t\t\t\t<\/div>\n\t\t\t\t\t<\/div>\n\t\t<\/div>\n\t\t\t\t<div class=\"elementor-column elementor-col-50 elementor-inner-column elementor-element elementor-element-a41ed38\" data-id=\"a41ed38\" data-element_type=\"column\">\n\t\t\t<div class=\"elementor-widget-wrap elementor-element-populated\">\n\t\t\t\t\t\t<div class=\"elementor-element elementor-element-9994810 elementor-widget elementor-widget-text-editor\" data-id=\"9994810\" data-element_type=\"widget\" data-widget_type=\"text-editor.default\">\n\t\t\t\t<div class=\"elementor-widget-container\">\n\t\t\t\t\t\t\t\t\t<h3 style=\"text-align: center;\">Brosch\u00fcre<\/h3>\t\t\t\t\t\t\t\t<\/div>\n\t\t\t\t<\/div>\n\t\t\t\t<div class=\"elementor-element elementor-element-930d355 elementor-widget elementor-widget-image\" data-id=\"930d355\" data-element_type=\"widget\" data-widget_type=\"image.default\">\n\t\t\t\t<div class=\"elementor-widget-container\">\n\t\t\t\t\t\t\t\t\t\t\t\t\t\t\t\t<a href=\"https:\/\/senquality.eu\/wp-content\/uploads\/2021\/09\/SenQuality-Trifold-Brochure-DE.pdf\" target=\"_blank\">\n\t\t\t\t\t\t\t<img loading=\"lazy\" decoding=\"async\" width=\"600\" height=\"336\" src=\"https:\/\/senquality.eu\/wp-content\/uploads\/2021\/09\/SenQuality-Trifold-Brochure-DE.png\" class=\"attachment-large size-large wp-image-4420\" alt=\"SenQuality-Trifold-Brochure-DE\" srcset=\"https:\/\/senquality.eu\/wp-content\/uploads\/2021\/09\/SenQuality-Trifold-Brochure-DE.png 600w, https:\/\/senquality.eu\/wp-content\/uploads\/2021\/09\/SenQuality-Trifold-Brochure-DE-300x168.png 300w\" sizes=\"(max-width: 600px) 100vw, 600px\" \/>\t\t\t\t\t\t\t\t<\/a>\n\t\t\t\t\t\t\t\t\t\t\t\t\t\t\t<\/div>\n\t\t\t\t<\/div>\n\t\t\t\t\t<\/div>\n\t\t<\/div>\n\t\t\t\t\t<\/div>\n\t\t<\/section>\n\t\t\t\t<div class=\"elementor-element elementor-element-f48dfdd elementor-widget elementor-widget-spacer\" data-id=\"f48dfdd\" data-element_type=\"widget\" data-widget_type=\"spacer.default\">\n\t\t\t\t<div class=\"elementor-widget-container\">\n\t\t\t\t\t\t\t<div class=\"elementor-spacer\">\n\t\t\t<div class=\"elementor-spacer-inner\"><\/div>\n\t\t<\/div>\n\t\t\t\t\t\t<\/div>\n\t\t\t\t<\/div>\n\t\t\t\t\t<\/div>\n\t\t<\/div>\n\t\t\t\t\t<\/div>\n\t\t<\/section>\n\t\t\t\t<section class=\"elementor-section elementor-top-section elementor-element elementor-element-f50958b elementor-section-content-middle elementor-section-boxed elementor-section-height-default elementor-section-height-default\" data-id=\"f50958b\" data-element_type=\"section\">\n\t\t\t\t\t\t<div class=\"elementor-container elementor-column-gap-default\">\n\t\t\t\t\t<div class=\"elementor-column elementor-col-50 elementor-top-column elementor-element elementor-element-5c6c0e2\" data-id=\"5c6c0e2\" data-element_type=\"column\">\n\t\t\t<div class=\"elementor-widget-wrap\">\n\t\t\t\t\t\t\t<\/div>\n\t\t<\/div>\n\t\t\t\t<div class=\"elementor-column elementor-col-50 elementor-top-column elementor-element elementor-element-e057d3b\" data-id=\"e057d3b\" data-element_type=\"column\">\n\t\t\t<div class=\"elementor-widget-wrap\">\n\t\t\t\t\t\t\t<\/div>\n\t\t<\/div>\n\t\t\t\t\t<\/div>\n\t\t<\/section>\n\t\t\t\t<\/div>\n\t\t","protected":false},"excerpt":{"rendered":"<p>Vorbereitung auf das sp\u00e4tere Leben SenQuality m\u00f6chte das Bewusstsein f\u00fcr die Bedeutung einer positiven Planung f\u00fcr das sp\u00e4tere Leben st\u00e4rken und ein individuelles, leicht zug\u00e4ngliches und flexibles Planungsinstrument f\u00fcr eigene Ma\u00dfnahmen anbieten. Die Priorit\u00e4t des Projekts ist die individuelle Vorbereitung auf das sp\u00e4tere Leben, um das Wohlbefinden im dritten und vierten Lebensalter zu unterst\u00fctzen. Im [&hellip;]<\/p>\n","protected":false},"author":2,"featured_media":6778,"parent":0,"menu_order":0,"comment_status":"closed","ping_status":"closed","template":"elementor_header_footer","meta":{"site-sidebar-layout":"no-sidebar","site-content-layout":"page-builder","ast-site-content-layout":"","site-content-style":"default","site-sidebar-style":"default","ast-global-header-display":"","ast-banner-title-visibility":"","ast-main-header-display":"","ast-hfb-above-header-display":"","ast-hfb-below-header-display":"","ast-hfb-mobile-header-display":"","site-post-title":"disabled","ast-breadcrumbs-content":"","ast-featured-img":"disabled","footer-sml-layout":"","theme-transparent-header-meta":"enabled","adv-header-id-meta":"","stick-header-meta":"default","header-above-stick-meta":"","header-main-stick-meta":"","header-below-stick-meta":"","astra-migrate-meta-layouts":"default","ast-page-background-enabled":"default","ast-page-background-meta":{"desktop":{"background-color":"","background-image":"","background-repeat":"repeat","background-position":"center center","background-size":"auto","background-attachment":"scroll","background-type":"","background-media":"","overlay-type":"","overlay-color":"","overlay-opacity":"","overlay-gradient":""},"tablet":{"background-color":"","background-image":"","background-repeat":"repeat","background-position":"center center","background-size":"auto","background-attachment":"scroll","background-type":"","background-media":"","overlay-type":"","overlay-color":"","overlay-opacity":"","overlay-gradient":""},"mobile":{"background-color":"","background-image":"","background-repeat":"repeat","background-position":"center center","background-size":"auto","background-attachment":"scroll","background-type":"","background-media":"","overlay-type":"","overlay-color":"","overlay-opacity":"","overlay-gradient":""}},"ast-content-background-meta":{"desktop":{"background-color":"var(--ast-global-color-5)","background-image":"","background-repeat":"repeat","background-position":"center center","background-size":"auto","background-attachment":"scroll","background-type":"","background-media":"","overlay-type":"","overlay-color":"","overlay-opacity":"","overlay-gradient":""},"tablet":{"background-color":"var(--ast-global-color-5)","background-image":"","background-repeat":"repeat","background-position":"center center","background-size":"auto","background-attachment":"scroll","background-type":"","background-media":"","overlay-type":"","overlay-color":"","overlay-opacity":"","overlay-gradient":""},"mobile":{"background-color":"var(--ast-global-color-5)","background-image":"","background-repeat":"repeat","background-position":"center center","background-size":"auto","background-attachment":"scroll","background-type":"","background-media":"","overlay-type":"","overlay-color":"","overlay-opacity":"","overlay-gradient":""}},"footnotes":""},"_links":{"self":[{"href":"https:\/\/senquality.eu\/de\/wp-json\/wp\/v2\/pages\/2002"}],"collection":[{"href":"https:\/\/senquality.eu\/de\/wp-json\/wp\/v2\/pages"}],"about":[{"href":"https:\/\/senquality.eu\/de\/wp-json\/wp\/v2\/types\/page"}],"author":[{"embeddable":true,"href":"https:\/\/senquality.eu\/de\/wp-json\/wp\/v2\/users\/2"}],"replies":[{"embeddable":true,"href":"https:\/\/senquality.eu\/de\/wp-json\/wp\/v2\/comments?post=2002"}],"version-history":[{"count":13,"href":"https:\/\/senquality.eu\/de\/wp-json\/wp\/v2\/pages\/2002\/revisions"}],"predecessor-version":[{"id":4668,"href":"https:\/\/senquality.eu\/de\/wp-json\/wp\/v2\/pages\/2002\/revisions\/4668"}],"wp:featuredmedia":[{"embeddable":true,"href":"https:\/\/senquality.eu\/de\/wp-json\/wp\/v2\/media\/6778"}],"wp:attachment":[{"href":"https:\/\/senquality.eu\/de\/wp-json\/wp\/v2\/media?parent=2002"}],"curies":[{"name":"wp","href":"https:\/\/api.w.org\/{rel}","templated":true}]}}