{"id":1928,"date":"2021-05-18T12:24:04","date_gmt":"2021-05-18T10:24:04","guid":{"rendered":"https:\/\/senquality.eu\/online-training\/"},"modified":"2021-05-18T14:33:32","modified_gmt":"2021-05-18T12:33:32","slug":"online-training","status":"publish","type":"page","link":"https:\/\/senquality.eu\/de\/online-training\/","title":{"rendered":"Online-Training"},"content":{"rendered":"\t\t<div data-elementor-type=\"wp-page\" data-elementor-id=\"1928\" class=\"elementor elementor-1928 elementor-677\">\n\t\t\t\t\t\t<section class=\"elementor-section elementor-top-section elementor-element elementor-element-31ce2b5 elementor-section-boxed elementor-section-height-default elementor-section-height-default\" data-id=\"31ce2b5\" data-element_type=\"section\">\n\t\t\t\t\t\t<div class=\"elementor-container elementor-column-gap-default\">\n\t\t\t\t\t<div class=\"elementor-column elementor-col-100 elementor-top-column elementor-element elementor-element-c05e8fc\" data-id=\"c05e8fc\" data-element_type=\"column\">\n\t\t\t<div class=\"elementor-widget-wrap elementor-element-populated\">\n\t\t\t\t\t\t<div class=\"elementor-element elementor-element-1d8ded2 elementor-widget elementor-widget-spacer\" data-id=\"1d8ded2\" data-element_type=\"widget\" data-widget_type=\"spacer.default\">\n\t\t\t\t<div class=\"elementor-widget-container\">\n\t\t\t\t\t\t\t<div class=\"elementor-spacer\">\n\t\t\t<div class=\"elementor-spacer-inner\"><\/div>\n\t\t<\/div>\n\t\t\t\t\t\t<\/div>\n\t\t\t\t<\/div>\n\t\t\t\t<div class=\"elementor-element elementor-element-925c33a elementor-widget elementor-widget-spacer\" data-id=\"925c33a\" data-element_type=\"widget\" data-widget_type=\"spacer.default\">\n\t\t\t\t<div class=\"elementor-widget-container\">\n\t\t\t\t\t\t\t<div class=\"elementor-spacer\">\n\t\t\t<div class=\"elementor-spacer-inner\"><\/div>\n\t\t<\/div>\n\t\t\t\t\t\t<\/div>\n\t\t\t\t<\/div>\n\t\t\t\t<div class=\"elementor-element elementor-element-c1d2f66 elementor-widget elementor-widget-heading\" data-id=\"c1d2f66\" data-element_type=\"widget\" data-widget_type=\"heading.default\">\n\t\t\t\t<div class=\"elementor-widget-container\">\n\t\t\t\t\t<h2 class=\"elementor-heading-title elementor-size-default\">E-Learning<\/h2>\t\t\t\t<\/div>\n\t\t\t\t<\/div>\n\t\t\t\t\t<\/div>\n\t\t<\/div>\n\t\t\t\t\t<\/div>\n\t\t<\/section>\n\t\t\t\t<section class=\"elementor-section elementor-top-section elementor-element elementor-element-23676cec elementor-section-content-middle elementor-section-boxed elementor-section-height-default elementor-section-height-default\" data-id=\"23676cec\" data-element_type=\"section\">\n\t\t\t\t\t\t<div class=\"elementor-container elementor-column-gap-default\">\n\t\t\t\t\t<div class=\"elementor-column elementor-col-50 elementor-top-column elementor-element elementor-element-727931b8\" data-id=\"727931b8\" data-element_type=\"column\">\n\t\t\t<div class=\"elementor-widget-wrap elementor-element-populated\">\n\t\t\t\t\t\t<div class=\"elementor-element elementor-element-45ea0918 elementor-widget elementor-widget-image\" data-id=\"45ea0918\" data-element_type=\"widget\" data-widget_type=\"image.default\">\n\t\t\t\t<div class=\"elementor-widget-container\">\n\t\t\t\t\t\t\t\t\t\t\t\t\t\t\t<img fetchpriority=\"high\" decoding=\"async\" width=\"400\" height=\"400\" src=\"https:\/\/senquality.eu\/wp-content\/uploads\/2021\/01\/senior-grandfather-2-400px-new.png\" class=\"attachment-large size-large wp-image-1930\" alt=\"senior grandfather training\" srcset=\"https:\/\/senquality.eu\/wp-content\/uploads\/2021\/01\/senior-grandfather-2-400px-new.png 400w, https:\/\/senquality.eu\/wp-content\/uploads\/2021\/01\/senior-grandfather-2-400px-new-300x300.png 300w, https:\/\/senquality.eu\/wp-content\/uploads\/2021\/01\/senior-grandfather-2-400px-new-150x150.png 150w\" sizes=\"(max-width: 400px) 100vw, 400px\" \/>\t\t\t\t\t\t\t\t\t\t\t\t\t\t\t<\/div>\n\t\t\t\t<\/div>\n\t\t\t\t\t<\/div>\n\t\t<\/div>\n\t\t\t\t<div class=\"elementor-column elementor-col-50 elementor-top-column elementor-element elementor-element-3d5abc89\" data-id=\"3d5abc89\" data-element_type=\"column\">\n\t\t\t<div class=\"elementor-widget-wrap elementor-element-populated\">\n\t\t\t\t\t\t<div class=\"elementor-element elementor-element-19be2a13 elementor-widget elementor-widget-text-editor\" data-id=\"19be2a13\" data-element_type=\"widget\" data-widget_type=\"text-editor.default\">\n\t\t\t\t<div class=\"elementor-widget-container\">\n\t\t\t\t\t\t\t\t\t<h3>Online Training<\/h3>\n<p style=\"text-align: justify;\">Eine Online-Plattform, die die Informationen und Inspirationen aus dem Informationspaket mit dem Selbstreflexionswerkzeug kombiniert: Die Planenden erhalten auf zug\u00e4ngliche Weise Informationen zur Planung des sp\u00e4teren Lebens und werden eingeladen, \u00fcber ihre aktuelle Situation in den neun Lebensbereichen zu reflektieren. Ma\u00dfgeschneiderte Fragen und unterhaltsame interaktive Ans\u00e4tze werden dabei helfen, einen individuellen Aktionsplan zu erstellen.<\/p>\n\t\t\t\t\t\t\t\t<\/div>\n\t\t\t\t<\/div>\n\t\t\t\t\t<\/div>\n\t\t<\/div>\n\t\t\t\t\t<\/div>\n\t\t<\/section>\n\t\t\t\t<section class=\"elementor-section elementor-top-section elementor-element elementor-element-7561b9f5 elementor-section-boxed elementor-section-height-default elementor-section-height-default\" data-id=\"7561b9f5\" data-element_type=\"section\">\n\t\t\t\t\t\t<div class=\"elementor-container elementor-column-gap-default\">\n\t\t\t\t\t<div class=\"elementor-column elementor-col-100 elementor-top-column elementor-element elementor-element-3f8cd794\" data-id=\"3f8cd794\" data-element_type=\"column\">\n\t\t\t<div class=\"elementor-widget-wrap elementor-element-populated\">\n\t\t\t\t\t\t<div class=\"elementor-element elementor-element-4c5c298d elementor-widget elementor-widget-spacer\" data-id=\"4c5c298d\" data-element_type=\"widget\" data-widget_type=\"spacer.default\">\n\t\t\t\t<div class=\"elementor-widget-container\">\n\t\t\t\t\t\t\t<div class=\"elementor-spacer\">\n\t\t\t<div class=\"elementor-spacer-inner\"><\/div>\n\t\t<\/div>\n\t\t\t\t\t\t<\/div>\n\t\t\t\t<\/div>\n\t\t\t\t\t<\/div>\n\t\t<\/div>\n\t\t\t\t\t<\/div>\n\t\t<\/section>\n\t\t\t\t<section class=\"elementor-section elementor-top-section elementor-element elementor-element-1467f8bc elementor-section-boxed elementor-section-height-default elementor-section-height-default\" data-id=\"1467f8bc\" data-element_type=\"section\">\n\t\t\t\t\t\t<div class=\"elementor-container elementor-column-gap-default\">\n\t\t\t\t\t<div class=\"elementor-column elementor-col-100 elementor-top-column elementor-element elementor-element-518a60fe\" data-id=\"518a60fe\" data-element_type=\"column\">\n\t\t\t<div class=\"elementor-widget-wrap elementor-element-populated\">\n\t\t\t\t\t\t<div class=\"elementor-element elementor-element-3f12da6b uael-countdown-shape-rounded uael-countdown-responsive-yes uael-countdown-show-seconds-yes uael-countdown-label-block uael-countdown-separator-wrapper-yes uael-countdown-border-solid elementor-widget elementor-widget-uael-countdown\" data-id=\"3f12da6b\" data-element_type=\"widget\" data-widget_type=\"uael-countdown.default\">\n\t\t\t\t<div class=\"elementor-widget-container\">\n\t\t\t\t\t\t\t<div class=\"uael-countdown-wrapper countdown-active\" data-countdown-type=\"fixed\" data-timer-labels=\"custom\" data-animation=\"\" data-timer-days=\"Tage\" data-timer-hours=\"Stunden\" data-timer-minutes=\"Minuten\" data-timer-seconds=\"Sekunden\" data-due-date=\"1675162740\" data-expire-action=\"hide\">\n\t\t\t<div class=\"uael-countdown-items-wrapper\" >\n\t\t\t\t\t\t\t\t\t\t\t<div class=\"uael-countdown-days uael-item\">\n\t\t\t\t\t\t\t<span id=\"days-wrapper-3f12da6b\" class='uael-countdown-days-wrapper-3f12da6b uael-countdown-item'>\n\t\t\t\t\t\t\t\t\t\t\t\t\t\t\t<\/span>\n\t\t\t\t\t\t\t\t\t\t\t\t\t\t\t<span id=\"days-label-wrapper-3f12da6b\" class='uael-countdown-days-label-3f12da6b uael-item-label'>\n\t\t\t\t\t\t\t\t<\/span>\n\t\t\t\t\t\t\t\t\t\t\t\t\t<\/div>\n\t\t\t\t\t\t\t\t\t\t\t\t\t<div class=\"uael-countdown-separator uael-countdown-days-separator\"> : <\/div>\n\t\t\t\t\t\t\t\t\t\t\t\t\t\t\t\t\t<div class=\"uael-countdown-hours uael-item\">\n\t\t\t\t\t\t\t<span id=\"hours-wrapper-3f12da6b\" class='uael-countdown-hours-wrapper-3f12da6b uael-countdown-item'>\n\t\t\t\t\t\t\t\t\t\t\t\t\t\t\t<\/span>\n\t\t\t\t\t\t\t\t\t\t\t\t\t\t\t<span id=\"hours-label-wrapper-3f12da6b\" class='uael-countdown-hours-label-3f12da6b uael-item-label'>\n\t\t\t\t\t\t\t\t<\/span>\n\t\t\t\t\t\t\t\t\t\t\t\t\t<\/div>\n\t\t\t\t\t\t\t\t\t\t\t\t\t<div class=\"uael-countdown-separator uael-countdown-hours-separator\"> : <\/div>\n\t\t\t\t\t\t\t\t\t\t\t\t\t\t\t\t\t<div class=\"uael-countdown-minutes uael-item\">\n\t\t\t\t\t\t\t<span id=\"minutes-wrapper-3f12da6b\" class='uael-countdown-minutes-wrapper-3f12da6b uael-countdown-item'>\n\t\t\t\t\t\t\t\t\t\t\t\t\t\t\t<\/span>\n\t\t\t\t\t\t\t\t\t\t\t\t\t\t\t<span id=\"minutes-label-wrapper-3f12da6b\" class='uael-countdown-minutes-label-3f12da6b uael-item-label'>\n\t\t\t\t\t\t\t\t<\/span>\n\t\t\t\t\t\t\t\t\t\t\t\t\t<\/div>\n\t\t\t\t\t\t\t\t\t\t\t\t\t<div class=\"uael-countdown-separator uael-countdown-minutes-separator\"> : <\/div>\n\t\t\t\t\t\t\t\t\t\t\t\t\t\t\t\t\t<div class=\"uael-countdown-seconds uael-item\">\n\t\t\t\t\t\t\t<span id=\"seconds-wrapper-3f12da6b\" class='uael-countdown-seconds-wrapper-3f12da6b uael-countdown-item'>\n\t\t\t\t\t\t\t\t\t\t\t\t\t\t\t<\/span>\n\t\t\t\t\t\t\t\t\t\t\t\t\t\t\t<span id=\"seconds-label-wrapper-3f12da6b\" class='uael-countdown-seconds-label-3f12da6b uael-item-label'>\n\t\t\t\t\t\t\t\t<\/span>\n\t\t\t\t\t\t\t\t\t\t\t\t\t<\/div>\n\t\t\t\t\t\t\t\t\t\t\t\t\t\t\t\t<div class=\"uael-expire-message-wrapper\">\n\t\t\t\t\t\t<div class='uael-expire-show-message'><\/div>\n\t\t\t\t\t<\/div>\n\t\t\t<\/div>\n\t\t<\/div>\n\t\t\t\t\t\t<\/div>\n\t\t\t\t<\/div>\n\t\t\t\t\t<\/div>\n\t\t<\/div>\n\t\t\t\t\t<\/div>\n\t\t<\/section>\n\t\t\t\t<\/div>\n\t\t","protected":false},"excerpt":{"rendered":"<p>E-Learning Online Training Eine Online-Plattform, die die Informationen und Inspirationen aus dem Informationspaket mit dem Selbstreflexionswerkzeug kombiniert: Die Planenden erhalten auf zug\u00e4ngliche Weise Informationen zur Planung des sp\u00e4teren Lebens und werden eingeladen, \u00fcber ihre aktuelle Situation in den neun Lebensbereichen zu reflektieren. Ma\u00dfgeschneiderte Fragen und unterhaltsame interaktive Ans\u00e4tze werden dabei helfen, einen individuellen Aktionsplan zu [&hellip;]<\/p>\n","protected":false},"author":2,"featured_media":6764,"parent":0,"menu_order":0,"comment_status":"closed","ping_status":"closed","template":"elementor_header_footer","meta":{"site-sidebar-layout":"no-sidebar","site-content-layout":"page-builder","ast-site-content-layout":"","site-content-style":"default","site-sidebar-style":"default","ast-global-header-display":"","ast-banner-title-visibility":"","ast-main-header-display":"","ast-hfb-above-header-display":"","ast-hfb-below-header-display":"","ast-hfb-mobile-header-display":"","site-post-title":"disabled","ast-breadcrumbs-content":"","ast-featured-img":"disabled","footer-sml-layout":"","theme-transparent-header-meta":"default","adv-header-id-meta":"","stick-header-meta":"default","header-above-stick-meta":"","header-main-stick-meta":"","header-below-stick-meta":"","astra-migrate-meta-layouts":"default","ast-page-background-enabled":"default","ast-page-background-meta":{"desktop":{"background-color":"","background-image":"","background-repeat":"repeat","background-position":"center center","background-size":"auto","background-attachment":"scroll","background-type":"","background-media":"","overlay-type":"","overlay-color":"","overlay-opacity":"","overlay-gradient":""},"tablet":{"background-color":"","background-image":"","background-repeat":"repeat","background-position":"center center","background-size":"auto","background-attachment":"scroll","background-type":"","background-media":"","overlay-type":"","overlay-color":"","overlay-opacity":"","overlay-gradient":""},"mobile":{"background-color":"","background-image":"","background-repeat":"repeat","background-position":"center center","background-size":"auto","background-attachment":"scroll","background-type":"","background-media":"","overlay-type":"","overlay-color":"","overlay-opacity":"","overlay-gradient":""}},"ast-content-background-meta":{"desktop":{"background-color":"var(--ast-global-color-5)","background-image":"","background-repeat":"repeat","background-position":"center center","background-size":"auto","background-attachment":"scroll","background-type":"","background-media":"","overlay-type":"","overlay-color":"","overlay-opacity":"","overlay-gradient":""},"tablet":{"background-color":"var(--ast-global-color-5)","background-image":"","background-repeat":"repeat","background-position":"center center","background-size":"auto","background-attachment":"scroll","background-type":"","background-media":"","overlay-type":"","overlay-color":"","overlay-opacity":"","overlay-gradient":""},"mobile":{"background-color":"var(--ast-global-color-5)","background-image":"","background-repeat":"repeat","background-position":"center center","background-size":"auto","background-attachment":"scroll","background-type":"","background-media":"","overlay-type":"","overlay-color":"","overlay-opacity":"","overlay-gradient":""}},"footnotes":""},"_links":{"self":[{"href":"https:\/\/senquality.eu\/de\/wp-json\/wp\/v2\/pages\/1928"}],"collection":[{"href":"https:\/\/senquality.eu\/de\/wp-json\/wp\/v2\/pages"}],"about":[{"href":"https:\/\/senquality.eu\/de\/wp-json\/wp\/v2\/types\/page"}],"author":[{"embeddable":true,"href":"https:\/\/senquality.eu\/de\/wp-json\/wp\/v2\/users\/2"}],"replies":[{"embeddable":true,"href":"https:\/\/senquality.eu\/de\/wp-json\/wp\/v2\/comments?post=1928"}],"version-history":[{"count":4,"href":"https:\/\/senquality.eu\/de\/wp-json\/wp\/v2\/pages\/1928\/revisions"}],"predecessor-version":[{"id":2415,"href":"https:\/\/senquality.eu\/de\/wp-json\/wp\/v2\/pages\/1928\/revisions\/2415"}],"wp:featuredmedia":[{"embeddable":true,"href":"https:\/\/senquality.eu\/de\/wp-json\/wp\/v2\/media\/6764"}],"wp:attachment":[{"href":"https:\/\/senquality.eu\/de\/wp-json\/wp\/v2\/media?parent=1928"}],"curies":[{"name":"wp","href":"https:\/\/api.w.org\/{rel}","templated":true}]}}